{"id":77404,"date":"2024-05-29T02:00:00","date_gmt":"2024-05-29T00:00:00","guid":{"rendered":"https:\/\/fannymichel.vivamedia.dev\/produkt\/voluspa-rose-colored-glasses-doftljus\/"},"modified":"2024-06-24T18:39:27","modified_gmt":"2024-06-24T16:39:27","slug":"voluspa-rose-colored-glasses-doftljus","status":"publish","type":"product","link":"https:\/\/www.fannymichel.se\/fi\/voluspa-rose-colored-glasses-doftljus\/","title":{"rendered":"Voluspa &#8211; Rose colored glasses &#8211; Doftljus"},"content":{"rendered":"<p>Vackert doftljus i en metallbeh\u00e5llare, har tv\u00e5 vekar.<\/p>\n<p \/>\nDoft: Skira rosenblad och pomeransblomma med varma toner av mysk och s\u00f6t vanilj.<\/p>\n<p \/>\nBrinntid: 100h<\/p>\n<p \/>\n<strong>M\u00e5tt:<\/strong><\/p>\n<p \/>\n\u2022 H\u00f6jd: 15 cm <\/p>\n<p \/>\n\u2022 Bredd: 12 cm<\/p>\n<p \/>\n<p \/>\n&#8212;&#8212;&#8212;&#8212;&#8212;&#8212;&#8212;&#8212;&#8212;&#8212;&#8212;&#8212;&#8212;&#8212;&#8212;&#8212;&#8212;&#8212;&#8212;&#8212;&#8212;&#8212;&#8212;&#8212;<\/p>\n<p \/>\n<p \/>\nReturkostnad: 39 SEK. Om du vill g\u00f6ra ett byte s\u00e5 st\u00e5r vi f\u00f6r returkostnaden om du anv\u00e4nder dig av v\u00e5r retursedel<\/p>\n","protected":false},"excerpt":{"rendered":"<p>Vackert doftljus i en metallbeh\u00e5llare, har tv\u00e5 vekar. Doft: Skira rosenblad och pomeransblomma med varma toner av mysk och s\u00f6t vanilj. Brinntid: 100h M\u00e5tt: \u2022 H\u00f6jd: 15 cm \u2022 Bredd: 12 cm &#8212;&#8212;&#8212;&#8212;&#8212;&#8212;&#8212;&#8212;&#8212;&#8212;&#8212;&#8212;&#8212;&#8212;&#8212;&#8212;&#8212;&#8212;&#8212;&#8212;&#8212;&#8212;&#8212;&#8212; Returkostnad: 39 SEK. Om du vill g\u00f6ra ett byte s\u00e5 st\u00e5r vi f\u00f6r returkostnaden om du anv\u00e4nder dig av v\u00e5r retursedel<\/p>\n","protected":false},"featured_media":0,"comment_status":"open","ping_status":"closed","template":"","meta":{"_acf_changed":false,"om_disable_all_campaigns":false},"product_brand":[],"product_cat":[15],"product_tag":[],"class_list":{"0":"post-77404","1":"product","2":"type-product","3":"status-publish","5":"product_cat-okategoriserad","7":"first","8":"outofstock","9":"taxable","10":"shipping-taxable","11":"purchasable","12":"product-type-simple"},"acf":[],"yoast_head":"<!-- This site is optimized with the Yoast SEO plugin v27.2 - https:\/\/yoast.com\/product\/yoast-seo-wordpress\/ -->\n<title>Voluspa - Rose colored glasses - Doftljus - Fanny Michel<\/title>\n<meta name=\"robots\" content=\"index, follow, max-snippet:-1, max-image-preview:large, max-video-preview:-1\" \/>\n<link rel=\"canonical\" href=\"https:\/\/www.fannymichel.se\/fi\/voluspa-rose-colored-glasses-doftljus\/\" \/>\n<meta property=\"og:locale\" content=\"en_GB\" \/>\n<meta property=\"og:type\" content=\"article\" \/>\n<meta property=\"og:title\" content=\"Voluspa - Rose colored glasses - Doftljus - Fanny Michel\" \/>\n<meta property=\"og:description\" content=\"Vackert doftljus i en metallbeh\u00e5llare, har tv\u00e5 vekar. Doft: Skira rosenblad och pomeransblomma med varma toner av mysk och s\u00f6t vanilj. Brinntid: 100h M\u00e5tt: \u2022 H\u00f6jd: 15 cm \u2022 Bredd: 12 cm &#8212;&#8212;&#8212;&#8212;&#8212;&#8212;&#8212;&#8212;&#8212;&#8212;&#8212;&#8212;&#8212;&#8212;&#8212;&#8212;&#8212;&#8212;&#8212;&#8212;&#8212;&#8212;&#8212;&#8212; Returkostnad: 39 SEK. Om du vill g\u00f6ra ett byte s\u00e5 st\u00e5r vi f\u00f6r returkostnaden om du anv\u00e4nder dig av v\u00e5r retursedel\" \/>\n<meta property=\"og:url\" content=\"https:\/\/www.fannymichel.se\/fi\/voluspa-rose-colored-glasses-doftljus\/\" \/>\n<meta property=\"og:site_name\" content=\"Fanny Michel\" \/>\n<meta property=\"article:modified_time\" content=\"2024-06-24T16:39:27+00:00\" \/>\n<meta name=\"twitter:card\" content=\"summary_large_image\" \/>\n<script type=\"application\/ld+json\" class=\"yoast-schema-graph\">{\"@context\":\"https:\/\/schema.org\",\"@graph\":[{\"@type\":\"WebPage\",\"@id\":\"https:\/\/www.fannymichel.se\/fi\/voluspa-rose-colored-glasses-doftljus\/\",\"url\":\"https:\/\/www.fannymichel.se\/fi\/voluspa-rose-colored-glasses-doftljus\/\",\"name\":\"Voluspa - Rose colored glasses - Doftljus - Fanny Michel\",\"isPartOf\":{\"@id\":\"https:\/\/www.fannymichel.se\/fi\/#website\"},\"datePublished\":\"2024-05-29T00:00:00+00:00\",\"dateModified\":\"2024-06-24T16:39:27+00:00\",\"breadcrumb\":{\"@id\":\"https:\/\/www.fannymichel.se\/fi\/voluspa-rose-colored-glasses-doftljus\/#breadcrumb\"},\"inLanguage\":\"en-GB\",\"potentialAction\":[{\"@type\":\"ReadAction\",\"target\":[\"https:\/\/www.fannymichel.se\/fi\/voluspa-rose-colored-glasses-doftljus\/\"]}]},{\"@type\":\"BreadcrumbList\",\"@id\":\"https:\/\/www.fannymichel.se\/fi\/voluspa-rose-colored-glasses-doftljus\/#breadcrumb\",\"itemListElement\":[{\"@type\":\"ListItem\",\"position\":1,\"name\":\"Hem\",\"item\":\"https:\/\/www.fannymichel.se\/fi\/\"},{\"@type\":\"ListItem\",\"position\":2,\"name\":\"Shop\",\"item\":\"https:\/\/www.fannymichel.se\/butik\/\"},{\"@type\":\"ListItem\",\"position\":3,\"name\":\"Voluspa &#8211; Rose colored glasses &#8211; Doftljus\"}]},{\"@type\":\"WebSite\",\"@id\":\"https:\/\/www.fannymichel.se\/fi\/#website\",\"url\":\"https:\/\/www.fannymichel.se\/fi\/\",\"name\":\"Fanny Michel\",\"description\":\"\",\"potentialAction\":[{\"@type\":\"SearchAction\",\"target\":{\"@type\":\"EntryPoint\",\"urlTemplate\":\"https:\/\/www.fannymichel.se\/fi\/?s={search_term_string}\"},\"query-input\":{\"@type\":\"PropertyValueSpecification\",\"valueRequired\":true,\"valueName\":\"search_term_string\"}}],\"inLanguage\":\"en-GB\"}]}<\/script>\n<!-- \/ Yoast SEO plugin. -->","yoast_head_json":{"title":"Voluspa - Rose colored glasses - Doftljus - Fanny Michel","robots":{"index":"index","follow":"follow","max-snippet":"max-snippet:-1","max-image-preview":"max-image-preview:large","max-video-preview":"max-video-preview:-1"},"canonical":"https:\/\/www.fannymichel.se\/fi\/voluspa-rose-colored-glasses-doftljus\/","og_locale":"en_GB","og_type":"article","og_title":"Voluspa - Rose colored glasses - Doftljus - Fanny Michel","og_description":"Vackert doftljus i en metallbeh\u00e5llare, har tv\u00e5 vekar. Doft: Skira rosenblad och pomeransblomma med varma toner av mysk och s\u00f6t vanilj. Brinntid: 100h M\u00e5tt: \u2022 H\u00f6jd: 15 cm \u2022 Bredd: 12 cm &#8212;&#8212;&#8212;&#8212;&#8212;&#8212;&#8212;&#8212;&#8212;&#8212;&#8212;&#8212;&#8212;&#8212;&#8212;&#8212;&#8212;&#8212;&#8212;&#8212;&#8212;&#8212;&#8212;&#8212; Returkostnad: 39 SEK. Om du vill g\u00f6ra ett byte s\u00e5 st\u00e5r vi f\u00f6r returkostnaden om du anv\u00e4nder dig av v\u00e5r retursedel","og_url":"https:\/\/www.fannymichel.se\/fi\/voluspa-rose-colored-glasses-doftljus\/","og_site_name":"Fanny Michel","article_modified_time":"2024-06-24T16:39:27+00:00","twitter_card":"summary_large_image","schema":{"@context":"https:\/\/schema.org","@graph":[{"@type":"WebPage","@id":"https:\/\/www.fannymichel.se\/fi\/voluspa-rose-colored-glasses-doftljus\/","url":"https:\/\/www.fannymichel.se\/fi\/voluspa-rose-colored-glasses-doftljus\/","name":"Voluspa - Rose colored glasses - Doftljus - Fanny Michel","isPartOf":{"@id":"https:\/\/www.fannymichel.se\/fi\/#website"},"datePublished":"2024-05-29T00:00:00+00:00","dateModified":"2024-06-24T16:39:27+00:00","breadcrumb":{"@id":"https:\/\/www.fannymichel.se\/fi\/voluspa-rose-colored-glasses-doftljus\/#breadcrumb"},"inLanguage":"en-GB","potentialAction":[{"@type":"ReadAction","target":["https:\/\/www.fannymichel.se\/fi\/voluspa-rose-colored-glasses-doftljus\/"]}]},{"@type":"BreadcrumbList","@id":"https:\/\/www.fannymichel.se\/fi\/voluspa-rose-colored-glasses-doftljus\/#breadcrumb","itemListElement":[{"@type":"ListItem","position":1,"name":"Hem","item":"https:\/\/www.fannymichel.se\/fi\/"},{"@type":"ListItem","position":2,"name":"Shop","item":"https:\/\/www.fannymichel.se\/butik\/"},{"@type":"ListItem","position":3,"name":"Voluspa &#8211; Rose colored glasses &#8211; Doftljus"}]},{"@type":"WebSite","@id":"https:\/\/www.fannymichel.se\/fi\/#website","url":"https:\/\/www.fannymichel.se\/fi\/","name":"Fanny Michel","description":"","potentialAction":[{"@type":"SearchAction","target":{"@type":"EntryPoint","urlTemplate":"https:\/\/www.fannymichel.se\/fi\/?s={search_term_string}"},"query-input":{"@type":"PropertyValueSpecification","valueRequired":true,"valueName":"search_term_string"}}],"inLanguage":"en-GB"}]}},"jetpack_sharing_enabled":true,"_links":{"self":[{"href":"https:\/\/www.fannymichel.se\/fi\/wp-json\/wp\/v2\/product\/77404","targetHints":{"allow":["GET"]}}],"collection":[{"href":"https:\/\/www.fannymichel.se\/fi\/wp-json\/wp\/v2\/product"}],"about":[{"href":"https:\/\/www.fannymichel.se\/fi\/wp-json\/wp\/v2\/types\/product"}],"replies":[{"embeddable":true,"href":"https:\/\/www.fannymichel.se\/fi\/wp-json\/wp\/v2\/comments?post=77404"}],"wp:attachment":[{"href":"https:\/\/www.fannymichel.se\/fi\/wp-json\/wp\/v2\/media?parent=77404"}],"wp:term":[{"taxonomy":"product_brand","embeddable":true,"href":"https:\/\/www.fannymichel.se\/fi\/wp-json\/wp\/v2\/product_brand?post=77404"},{"taxonomy":"product_cat","embeddable":true,"href":"https:\/\/www.fannymichel.se\/fi\/wp-json\/wp\/v2\/product_cat?post=77404"},{"taxonomy":"product_tag","embeddable":true,"href":"https:\/\/www.fannymichel.se\/fi\/wp-json\/wp\/v2\/product_tag?post=77404"}],"curies":[{"name":"wp","href":"https:\/\/api.w.org\/{rel}","templated":true}]}}