{"id":7522,"date":"2024-05-23T15:24:43","date_gmt":"2024-05-23T13:24:43","guid":{"rendered":"https:\/\/fannymichel.vivamedia.dev\/produkt\/armykavaj-jw181-chiffong-vit\/"},"modified":"2025-01-28T14:47:01","modified_gmt":"2025-01-28T13:47:01","slug":"armykavaj-jw181-chiffong-vit","status":"publish","type":"product","link":"https:\/\/www.fannymichel.se\/fi\/armykavaj-jw181-chiffong-vit\/","title":{"rendered":"Armykavaj JW181 &#8211; Chiffong &#8211; Vit"},"content":{"rendered":"<p style=\"text-align:;font-size:13px\">Leveranstid: 1 &#8211; 4 arbetsdagar<br \/>\nFraktkostnad: 39 SEK<br \/>\nReturkostnad: 39 SEK. Om du vill g\u00f6ra ett byte s\u00e5 st\u00e5r vi f\u00f6r returkostnaden om du anv\u00e4nder dig av v\u00e5r retursedel.<\/p>\n<p style=\"text-align: center;font-size:18px\"> En snygg armykavaj med chiffong!<\/p>\n<p style=\"text-align: center;font-size:18px\"> Tjusiga knappar som detaljer. <\/p>\n<p style=\"text-align:;font-size:15px\"><strong>F\u00e4rg:<\/strong> Vit<\/p>\n<p style=\"text-align:;font-size:15px\"><strong>Material:<\/strong> 95% Bomull, 5% Elasthane<\/p>\n<p style=\"text-align:;font-size:15px\"><strong>Tv\u00e4ttr\u00e5d:<\/strong> 30 grader<\/p>\n<p style=\"text-align:;font-size:15px\"><strong>Storlek:<\/strong> S\/36 -XXL\/44. Mer liten \u00e4n stor i storleken.<br \/>\nModellen i bilden har p\u00e5 sig storleken S\/36.<\/p>\n<p style=\"text-align:;font-size:15px\"><strong>S\/36<\/strong><br \/>\nL\u00e4ngd, axel och ner: ca 68 cm<br \/>\nAxelbredd: ca 37 cm<\/p>\n<p style=\"text-align:;font-size:15px\"><strong>M\/38<\/strong><br \/>\nL\u00e4ngd, axel och ner: ca 68 cm<br \/>\nAxelbredd: ca 38 cm<\/p>\n<p style=\"text-align:;font-size:15px\"><strong>L\/40<\/strong><br \/>\nL\u00e4ngd, axel och ner: ca 70 cm<br \/>\nAxelbredd: ca 38 cm<\/p>\n<p style=\"text-align:;font-size:15px\"><strong>XL\/42<\/strong><br \/>\nL\u00e4ngd, axel och ner: ca 70 cm<br \/>\nAxelbredd: ca 39 cm<\/p>\n<p style=\"text-align:;font-size:15px\"><strong>XXL\/44<\/strong><br \/>\nL\u00e4ngd, axel och ner: ca 75 cm<br \/>\nAxelbredd: ca 41 cm<\/p>\n<p>Andra produkter i bilden:<br \/>\nKlicka p\u00e5 namnet s\u00e5 kommer du till produkten. \ud83d\ude42<br \/>\n<a href=\"\/klader\/trojoroverdelar\/v-ringad-t-shirt-vit-5955\">V-ringad t-shirt &#8211; Vit<\/a><br \/>\n<a href=\"\/nyheter\/jeans-l8010-med-flatade-revarer-ljustvatt-6327\">Jeans L8010 med Fl\u00e4tade rev\u00e4rer &#8211; Ljustv\u00e4tt<\/a><\/p>\n","protected":false},"excerpt":{"rendered":"<p>Leveranstid: 1 &#8211; 4 arbetsdagar Fraktkostnad: 39 SEK Returkostnad: 39 SEK. Om du vill g\u00f6ra ett byte s\u00e5 st\u00e5r vi f\u00f6r returkostnaden om du anv\u00e4nder dig av v\u00e5r retursedel. En snygg armykavaj med chiffong! Tjusiga knappar som detaljer. F\u00e4rg: Vit Material: 95% Bomull, 5% Elasthane Tv\u00e4ttr\u00e5d: 30 grader Storlek: S\/36 -XXL\/44. Mer liten \u00e4n stor [&hellip;]<\/p>\n","protected":false},"featured_media":0,"comment_status":"open","ping_status":"closed","template":"","meta":{"_acf_changed":false,"om_disable_all_campaigns":false},"product_brand":[],"product_cat":[15],"product_tag":[],"class_list":{"0":"post-7522","1":"product","2":"type-product","3":"status-publish","5":"product_cat-okategoriserad","7":"first","8":"outofstock","9":"taxable","10":"shipping-taxable","11":"purchasable","12":"product-type-variable"},"acf":[],"yoast_head":"<!-- This site is optimized with the Yoast SEO plugin v27.2 - https:\/\/yoast.com\/product\/yoast-seo-wordpress\/ -->\n<title>Armykavaj JW181 - Chiffong - Vit - Fanny Michel<\/title>\n<meta name=\"robots\" content=\"index, follow, max-snippet:-1, max-image-preview:large, max-video-preview:-1\" \/>\n<link rel=\"canonical\" href=\"https:\/\/www.fannymichel.se\/fi\/armykavaj-jw181-chiffong-vit\/\" \/>\n<meta property=\"og:locale\" content=\"en_GB\" \/>\n<meta property=\"og:type\" content=\"article\" \/>\n<meta property=\"og:title\" content=\"Armykavaj JW181 - Chiffong - Vit - Fanny Michel\" \/>\n<meta property=\"og:description\" content=\"Leveranstid: 1 &#8211; 4 arbetsdagar Fraktkostnad: 39 SEK Returkostnad: 39 SEK. Om du vill g\u00f6ra ett byte s\u00e5 st\u00e5r vi f\u00f6r returkostnaden om du anv\u00e4nder dig av v\u00e5r retursedel. En snygg armykavaj med chiffong! Tjusiga knappar som detaljer. F\u00e4rg: Vit Material: 95% Bomull, 5% Elasthane Tv\u00e4ttr\u00e5d: 30 grader Storlek: S\/36 -XXL\/44. Mer liten \u00e4n stor [&hellip;]\" \/>\n<meta property=\"og:url\" content=\"https:\/\/www.fannymichel.se\/fi\/armykavaj-jw181-chiffong-vit\/\" \/>\n<meta property=\"og:site_name\" content=\"Fanny Michel\" \/>\n<meta property=\"article:modified_time\" content=\"2025-01-28T13:47:01+00:00\" \/>\n<meta name=\"twitter:card\" content=\"summary_large_image\" \/>\n<meta name=\"twitter:label1\" content=\"Estimated reading time\" \/>\n\t<meta name=\"twitter:data1\" content=\"1 minute\" \/>\n<script type=\"application\/ld+json\" class=\"yoast-schema-graph\">{\"@context\":\"https:\/\/schema.org\",\"@graph\":[{\"@type\":\"WebPage\",\"@id\":\"https:\/\/www.fannymichel.se\/fi\/armykavaj-jw181-chiffong-vit\/\",\"url\":\"https:\/\/www.fannymichel.se\/fi\/armykavaj-jw181-chiffong-vit\/\",\"name\":\"Armykavaj JW181 - Chiffong - Vit - Fanny Michel\",\"isPartOf\":{\"@id\":\"https:\/\/www.fannymichel.se\/fi\/#website\"},\"datePublished\":\"2024-05-23T13:24:43+00:00\",\"dateModified\":\"2025-01-28T13:47:01+00:00\",\"breadcrumb\":{\"@id\":\"https:\/\/www.fannymichel.se\/fi\/armykavaj-jw181-chiffong-vit\/#breadcrumb\"},\"inLanguage\":\"en-GB\",\"potentialAction\":[{\"@type\":\"ReadAction\",\"target\":[\"https:\/\/www.fannymichel.se\/fi\/armykavaj-jw181-chiffong-vit\/\"]}]},{\"@type\":\"BreadcrumbList\",\"@id\":\"https:\/\/www.fannymichel.se\/fi\/armykavaj-jw181-chiffong-vit\/#breadcrumb\",\"itemListElement\":[{\"@type\":\"ListItem\",\"position\":1,\"name\":\"Hem\",\"item\":\"https:\/\/www.fannymichel.se\/fi\/\"},{\"@type\":\"ListItem\",\"position\":2,\"name\":\"Shop\",\"item\":\"https:\/\/www.fannymichel.se\/butik\/\"},{\"@type\":\"ListItem\",\"position\":3,\"name\":\"Armykavaj JW181 &#8211; Chiffong &#8211; Vit\"}]},{\"@type\":\"WebSite\",\"@id\":\"https:\/\/www.fannymichel.se\/fi\/#website\",\"url\":\"https:\/\/www.fannymichel.se\/fi\/\",\"name\":\"Fanny Michel\",\"description\":\"\",\"potentialAction\":[{\"@type\":\"SearchAction\",\"target\":{\"@type\":\"EntryPoint\",\"urlTemplate\":\"https:\/\/www.fannymichel.se\/fi\/?s={search_term_string}\"},\"query-input\":{\"@type\":\"PropertyValueSpecification\",\"valueRequired\":true,\"valueName\":\"search_term_string\"}}],\"inLanguage\":\"en-GB\"}]}<\/script>\n<!-- \/ Yoast SEO plugin. -->","yoast_head_json":{"title":"Armykavaj JW181 - Chiffong - Vit - Fanny Michel","robots":{"index":"index","follow":"follow","max-snippet":"max-snippet:-1","max-image-preview":"max-image-preview:large","max-video-preview":"max-video-preview:-1"},"canonical":"https:\/\/www.fannymichel.se\/fi\/armykavaj-jw181-chiffong-vit\/","og_locale":"en_GB","og_type":"article","og_title":"Armykavaj JW181 - Chiffong - Vit - Fanny Michel","og_description":"Leveranstid: 1 &#8211; 4 arbetsdagar Fraktkostnad: 39 SEK Returkostnad: 39 SEK. Om du vill g\u00f6ra ett byte s\u00e5 st\u00e5r vi f\u00f6r returkostnaden om du anv\u00e4nder dig av v\u00e5r retursedel. En snygg armykavaj med chiffong! Tjusiga knappar som detaljer. F\u00e4rg: Vit Material: 95% Bomull, 5% Elasthane Tv\u00e4ttr\u00e5d: 30 grader Storlek: S\/36 -XXL\/44. Mer liten \u00e4n stor [&hellip;]","og_url":"https:\/\/www.fannymichel.se\/fi\/armykavaj-jw181-chiffong-vit\/","og_site_name":"Fanny Michel","article_modified_time":"2025-01-28T13:47:01+00:00","twitter_card":"summary_large_image","twitter_misc":{"Estimated reading time":"1 minute"},"schema":{"@context":"https:\/\/schema.org","@graph":[{"@type":"WebPage","@id":"https:\/\/www.fannymichel.se\/fi\/armykavaj-jw181-chiffong-vit\/","url":"https:\/\/www.fannymichel.se\/fi\/armykavaj-jw181-chiffong-vit\/","name":"Armykavaj JW181 - Chiffong - Vit - Fanny Michel","isPartOf":{"@id":"https:\/\/www.fannymichel.se\/fi\/#website"},"datePublished":"2024-05-23T13:24:43+00:00","dateModified":"2025-01-28T13:47:01+00:00","breadcrumb":{"@id":"https:\/\/www.fannymichel.se\/fi\/armykavaj-jw181-chiffong-vit\/#breadcrumb"},"inLanguage":"en-GB","potentialAction":[{"@type":"ReadAction","target":["https:\/\/www.fannymichel.se\/fi\/armykavaj-jw181-chiffong-vit\/"]}]},{"@type":"BreadcrumbList","@id":"https:\/\/www.fannymichel.se\/fi\/armykavaj-jw181-chiffong-vit\/#breadcrumb","itemListElement":[{"@type":"ListItem","position":1,"name":"Hem","item":"https:\/\/www.fannymichel.se\/fi\/"},{"@type":"ListItem","position":2,"name":"Shop","item":"https:\/\/www.fannymichel.se\/butik\/"},{"@type":"ListItem","position":3,"name":"Armykavaj JW181 &#8211; Chiffong &#8211; Vit"}]},{"@type":"WebSite","@id":"https:\/\/www.fannymichel.se\/fi\/#website","url":"https:\/\/www.fannymichel.se\/fi\/","name":"Fanny Michel","description":"","potentialAction":[{"@type":"SearchAction","target":{"@type":"EntryPoint","urlTemplate":"https:\/\/www.fannymichel.se\/fi\/?s={search_term_string}"},"query-input":{"@type":"PropertyValueSpecification","valueRequired":true,"valueName":"search_term_string"}}],"inLanguage":"en-GB"}]}},"jetpack_sharing_enabled":true,"_links":{"self":[{"href":"https:\/\/www.fannymichel.se\/fi\/wp-json\/wp\/v2\/product\/7522","targetHints":{"allow":["GET"]}}],"collection":[{"href":"https:\/\/www.fannymichel.se\/fi\/wp-json\/wp\/v2\/product"}],"about":[{"href":"https:\/\/www.fannymichel.se\/fi\/wp-json\/wp\/v2\/types\/product"}],"replies":[{"embeddable":true,"href":"https:\/\/www.fannymichel.se\/fi\/wp-json\/wp\/v2\/comments?post=7522"}],"wp:attachment":[{"href":"https:\/\/www.fannymichel.se\/fi\/wp-json\/wp\/v2\/media?parent=7522"}],"wp:term":[{"taxonomy":"product_brand","embeddable":true,"href":"https:\/\/www.fannymichel.se\/fi\/wp-json\/wp\/v2\/product_brand?post=7522"},{"taxonomy":"product_cat","embeddable":true,"href":"https:\/\/www.fannymichel.se\/fi\/wp-json\/wp\/v2\/product_cat?post=7522"},{"taxonomy":"product_tag","embeddable":true,"href":"https:\/\/www.fannymichel.se\/fi\/wp-json\/wp\/v2\/product_tag?post=7522"}],"curies":[{"name":"wp","href":"https:\/\/api.w.org\/{rel}","templated":true}]}}