{"id":650861,"date":"2026-04-08T17:21:04","date_gmt":"2026-04-08T15:21:04","guid":{"rendered":"https:\/\/www.fannymichel.se\/produkt\/cynthia-long-soft-dress-light-pink\/"},"modified":"2026-04-22T22:18:02","modified_gmt":"2026-04-22T20:18:02","slug":"cynthia-long-soft-dress-light-pink","status":"publish","type":"product","link":"https:\/\/www.fannymichel.se\/fi\/cynthia-long-soft-dress-light-pink\/","title":{"rendered":"Cynthia Long soft dress &#8211; Light Pink"},"content":{"rendered":"<p>Stretchy long dress in soft and lovely material!<\/p>\n<p \/>\nIs wrapped at the top, has a smock at the waist and has some sleeves.<\/p>\n<p \/>\n<strong>Dimensions:<\/strong><\/p>\n<p \/>\n<strong>Onesize<\/strong><\/p>\n<p \/>\n\u2022 Waist circumference: approx. 62 cm, can be stretched to approx. 120 cm <\/p>\n<p \/>\n\u2022 Length, shoulder and down: about 136 cm<\/p>\n<p \/>\n\u2022 Sleeve length, shoulder seam and down: about 20 cm.<\/p>\n<p \/>\n\u2022 Inner sleeve length: about 7 cm.<\/p>\n<p \/>\n&#8212;&#8212;&#8212;&#8212;&#8212;&#8212;&#8212;&#8212;&#8212;&#8212;&#8212;&#8212;&#8212;&#8212;&#8212;&#8212;&#8212;&#8212;&#8212;&#8212;&#8212;&#8212;&#8212;&#8212;<\/p>\n<p \/>\nThe model is approx. 163 cm tall.<\/p>\n<p \/>\nOnesize, fits approximately XS\/34 &#8211; XXL\/44.<\/p>\n<p \/>\nRead more info under specifications.<\/p>\n<p \/>\n","protected":false},"excerpt":{"rendered":"<p>Stretchy long dress in soft and lovely material! Is wrapped at the top, has a smock at the waist and has some sleeves. Dimensions: Onesize \u2022 Waist circumference: approx. 62 cm, can be stretched to approx. 120 cm \u2022 Length, shoulder and down: about 136 cm \u2022 Sleeve length, shoulder seam and down: about 20 [&hellip;]<\/p>\n","protected":false},"featured_media":651131,"comment_status":"open","ping_status":"closed","template":"","meta":{"_acf_changed":false,"om_disable_all_campaigns":false},"product_brand":[],"product_cat":[534,546,548,54,554],"product_tag":[],"class_list":{"0":"post-650861","1":"product","2":"type-product","3":"status-publish","4":"has-post-thumbnail","6":"product_cat-dresses-skirts","7":"product_cat-long-dresses","8":"product_cat-maxi-dresses","9":"product_cat-news","10":"product_cat-summer-dresses","12":"first","13":"instock","14":"taxable","15":"shipping-taxable","16":"purchasable","17":"product-type-variable"},"acf":[],"yoast_head":"<!-- This site is optimized with the Yoast SEO plugin v27.5 - https:\/\/yoast.com\/product\/yoast-seo-wordpress\/ -->\n<title>Cynthia Long soft dress - Light Pink - Fanny Michel<\/title>\n<meta name=\"robots\" content=\"index, follow, max-snippet:-1, max-image-preview:large, max-video-preview:-1\" \/>\n<link rel=\"canonical\" href=\"https:\/\/www.fannymichel.se\/fi\/cynthia-long-soft-dress-light-pink\/\" \/>\n<meta property=\"og:locale\" content=\"en_GB\" \/>\n<meta property=\"og:type\" content=\"article\" \/>\n<meta property=\"og:title\" content=\"Cynthia Long soft dress - Light Pink - Fanny Michel\" \/>\n<meta property=\"og:description\" content=\"Stretchy long dress in soft and lovely material! Is wrapped at the top, has a smock at the waist and has some sleeves. Dimensions: Onesize \u2022 Waist circumference: approx. 62 cm, can be stretched to approx. 120 cm \u2022 Length, shoulder and down: about 136 cm \u2022 Sleeve length, shoulder seam and down: about 20 [&hellip;]\" \/>\n<meta property=\"og:url\" content=\"https:\/\/www.fannymichel.se\/fi\/cynthia-long-soft-dress-light-pink\/\" \/>\n<meta property=\"og:site_name\" content=\"Fanny Michel\" \/>\n<meta property=\"article:modified_time\" content=\"2026-04-22T20:18:02+00:00\" \/>\n<meta name=\"twitter:card\" content=\"summary_large_image\" \/>\n<meta name=\"twitter:label1\" content=\"Estimated reading time\" \/>\n\t<meta name=\"twitter:data1\" content=\"1 minute\" \/>\n<script type=\"application\/ld+json\" class=\"yoast-schema-graph\">{\"@context\":\"https:\\\/\\\/schema.org\",\"@graph\":[{\"@type\":\"WebPage\",\"@id\":\"https:\\\/\\\/www.fannymichel.se\\\/fi\\\/cynthia-long-soft-dress-light-pink\\\/\",\"url\":\"https:\\\/\\\/www.fannymichel.se\\\/fi\\\/cynthia-long-soft-dress-light-pink\\\/\",\"name\":\"Cynthia Long soft dress - Light Pink - Fanny Michel\",\"isPartOf\":{\"@id\":\"https:\\\/\\\/www.fannymichel.se\\\/fi\\\/#website\"},\"primaryImageOfPage\":{\"@id\":\"https:\\\/\\\/www.fannymichel.se\\\/fi\\\/cynthia-long-soft-dress-light-pink\\\/#primaryimage\"},\"image\":{\"@id\":\"https:\\\/\\\/www.fannymichel.se\\\/fi\\\/cynthia-long-soft-dress-light-pink\\\/#primaryimage\"},\"thumbnailUrl\":\"https:\\\/\\\/www.fannymichel.se\\\/wp-content\\\/uploads\\\/2026\\\/04\\\/whatsapp-image-2026-04-09-at-151221.jpeg\",\"datePublished\":\"2026-04-08T15:21:04+00:00\",\"dateModified\":\"2026-04-22T20:18:02+00:00\",\"breadcrumb\":{\"@id\":\"https:\\\/\\\/www.fannymichel.se\\\/fi\\\/cynthia-long-soft-dress-light-pink\\\/#breadcrumb\"},\"inLanguage\":\"en-GB\",\"potentialAction\":[{\"@type\":\"ReadAction\",\"target\":[\"https:\\\/\\\/www.fannymichel.se\\\/fi\\\/cynthia-long-soft-dress-light-pink\\\/\"]}]},{\"@type\":\"ImageObject\",\"inLanguage\":\"en-GB\",\"@id\":\"https:\\\/\\\/www.fannymichel.se\\\/fi\\\/cynthia-long-soft-dress-light-pink\\\/#primaryimage\",\"url\":\"https:\\\/\\\/www.fannymichel.se\\\/wp-content\\\/uploads\\\/2026\\\/04\\\/whatsapp-image-2026-04-09-at-151221.jpeg\",\"contentUrl\":\"https:\\\/\\\/www.fannymichel.se\\\/wp-content\\\/uploads\\\/2026\\\/04\\\/whatsapp-image-2026-04-09-at-151221.jpeg\",\"width\":1071,\"height\":2048,\"caption\":\"Vaaleahiuksinen nainen poseeraa peilin edess\u00e4 vaaleanpunaisessa pitk\u00e4ss\u00e4 mekossa ja valkoisissa kengiss\u00e4, k\u00e4dess\u00e4\u00e4n punottu olkalaukku, jossa teksti \u201cSUMMER\u201d. Taustalla vaatekauppa, rekkej\u00e4, kehystettyj\u00e4 kuvia ja lattialla kenki\u00e4.\"},{\"@type\":\"BreadcrumbList\",\"@id\":\"https:\\\/\\\/www.fannymichel.se\\\/fi\\\/cynthia-long-soft-dress-light-pink\\\/#breadcrumb\",\"itemListElement\":[{\"@type\":\"ListItem\",\"position\":1,\"name\":\"Hem\",\"item\":\"https:\\\/\\\/www.fannymichel.se\\\/fi\\\/\"},{\"@type\":\"ListItem\",\"position\":2,\"name\":\"Shop\",\"item\":\"https:\\\/\\\/www.fannymichel.se\\\/butik\\\/\"},{\"@type\":\"ListItem\",\"position\":3,\"name\":\"Cynthia Long soft dress &#8211; Light Pink\"}]},{\"@type\":\"WebSite\",\"@id\":\"https:\\\/\\\/www.fannymichel.se\\\/fi\\\/#website\",\"url\":\"https:\\\/\\\/www.fannymichel.se\\\/fi\\\/\",\"name\":\"Fanny Michel\",\"description\":\"\",\"potentialAction\":[{\"@type\":\"SearchAction\",\"target\":{\"@type\":\"EntryPoint\",\"urlTemplate\":\"https:\\\/\\\/www.fannymichel.se\\\/fi\\\/?s={search_term_string}\"},\"query-input\":{\"@type\":\"PropertyValueSpecification\",\"valueRequired\":true,\"valueName\":\"search_term_string\"}}],\"inLanguage\":\"en-GB\"}]}<\/script>\n<!-- \/ Yoast SEO plugin. -->","yoast_head_json":{"title":"Cynthia Long soft dress - Light Pink - Fanny Michel","robots":{"index":"index","follow":"follow","max-snippet":"max-snippet:-1","max-image-preview":"max-image-preview:large","max-video-preview":"max-video-preview:-1"},"canonical":"https:\/\/www.fannymichel.se\/fi\/cynthia-long-soft-dress-light-pink\/","og_locale":"en_GB","og_type":"article","og_title":"Cynthia Long soft dress - Light Pink - Fanny Michel","og_description":"Stretchy long dress in soft and lovely material! Is wrapped at the top, has a smock at the waist and has some sleeves. Dimensions: Onesize \u2022 Waist circumference: approx. 62 cm, can be stretched to approx. 120 cm \u2022 Length, shoulder and down: about 136 cm \u2022 Sleeve length, shoulder seam and down: about 20 [&hellip;]","og_url":"https:\/\/www.fannymichel.se\/fi\/cynthia-long-soft-dress-light-pink\/","og_site_name":"Fanny Michel","article_modified_time":"2026-04-22T20:18:02+00:00","twitter_card":"summary_large_image","twitter_misc":{"Estimated reading time":"1 minute"},"schema":{"@context":"https:\/\/schema.org","@graph":[{"@type":"WebPage","@id":"https:\/\/www.fannymichel.se\/fi\/cynthia-long-soft-dress-light-pink\/","url":"https:\/\/www.fannymichel.se\/fi\/cynthia-long-soft-dress-light-pink\/","name":"Cynthia Long soft dress - Light Pink - Fanny Michel","isPartOf":{"@id":"https:\/\/www.fannymichel.se\/fi\/#website"},"primaryImageOfPage":{"@id":"https:\/\/www.fannymichel.se\/fi\/cynthia-long-soft-dress-light-pink\/#primaryimage"},"image":{"@id":"https:\/\/www.fannymichel.se\/fi\/cynthia-long-soft-dress-light-pink\/#primaryimage"},"thumbnailUrl":"https:\/\/www.fannymichel.se\/wp-content\/uploads\/2026\/04\/whatsapp-image-2026-04-09-at-151221.jpeg","datePublished":"2026-04-08T15:21:04+00:00","dateModified":"2026-04-22T20:18:02+00:00","breadcrumb":{"@id":"https:\/\/www.fannymichel.se\/fi\/cynthia-long-soft-dress-light-pink\/#breadcrumb"},"inLanguage":"en-GB","potentialAction":[{"@type":"ReadAction","target":["https:\/\/www.fannymichel.se\/fi\/cynthia-long-soft-dress-light-pink\/"]}]},{"@type":"ImageObject","inLanguage":"en-GB","@id":"https:\/\/www.fannymichel.se\/fi\/cynthia-long-soft-dress-light-pink\/#primaryimage","url":"https:\/\/www.fannymichel.se\/wp-content\/uploads\/2026\/04\/whatsapp-image-2026-04-09-at-151221.jpeg","contentUrl":"https:\/\/www.fannymichel.se\/wp-content\/uploads\/2026\/04\/whatsapp-image-2026-04-09-at-151221.jpeg","width":1071,"height":2048,"caption":"Vaaleahiuksinen nainen poseeraa peilin edess\u00e4 vaaleanpunaisessa pitk\u00e4ss\u00e4 mekossa ja valkoisissa kengiss\u00e4, k\u00e4dess\u00e4\u00e4n punottu olkalaukku, jossa teksti \u201cSUMMER\u201d. Taustalla vaatekauppa, rekkej\u00e4, kehystettyj\u00e4 kuvia ja lattialla kenki\u00e4."},{"@type":"BreadcrumbList","@id":"https:\/\/www.fannymichel.se\/fi\/cynthia-long-soft-dress-light-pink\/#breadcrumb","itemListElement":[{"@type":"ListItem","position":1,"name":"Hem","item":"https:\/\/www.fannymichel.se\/fi\/"},{"@type":"ListItem","position":2,"name":"Shop","item":"https:\/\/www.fannymichel.se\/butik\/"},{"@type":"ListItem","position":3,"name":"Cynthia Long soft dress &#8211; Light Pink"}]},{"@type":"WebSite","@id":"https:\/\/www.fannymichel.se\/fi\/#website","url":"https:\/\/www.fannymichel.se\/fi\/","name":"Fanny Michel","description":"","potentialAction":[{"@type":"SearchAction","target":{"@type":"EntryPoint","urlTemplate":"https:\/\/www.fannymichel.se\/fi\/?s={search_term_string}"},"query-input":{"@type":"PropertyValueSpecification","valueRequired":true,"valueName":"search_term_string"}}],"inLanguage":"en-GB"}]}},"jetpack_sharing_enabled":true,"_links":{"self":[{"href":"https:\/\/www.fannymichel.se\/fi\/wp-json\/wp\/v2\/product\/650861","targetHints":{"allow":["GET"]}}],"collection":[{"href":"https:\/\/www.fannymichel.se\/fi\/wp-json\/wp\/v2\/product"}],"about":[{"href":"https:\/\/www.fannymichel.se\/fi\/wp-json\/wp\/v2\/types\/product"}],"replies":[{"embeddable":true,"href":"https:\/\/www.fannymichel.se\/fi\/wp-json\/wp\/v2\/comments?post=650861"}],"wp:featuredmedia":[{"embeddable":true,"href":"https:\/\/www.fannymichel.se\/fi\/wp-json\/wp\/v2\/media\/651131"}],"wp:attachment":[{"href":"https:\/\/www.fannymichel.se\/fi\/wp-json\/wp\/v2\/media?parent=650861"}],"wp:term":[{"taxonomy":"product_brand","embeddable":true,"href":"https:\/\/www.fannymichel.se\/fi\/wp-json\/wp\/v2\/product_brand?post=650861"},{"taxonomy":"product_cat","embeddable":true,"href":"https:\/\/www.fannymichel.se\/fi\/wp-json\/wp\/v2\/product_cat?post=650861"},{"taxonomy":"product_tag","embeddable":true,"href":"https:\/\/www.fannymichel.se\/fi\/wp-json\/wp\/v2\/product_tag?post=650861"}],"curies":[{"name":"wp","href":"https:\/\/api.w.org\/{rel}","templated":true}]}}