{"id":641993,"date":"2026-04-29T12:21:07","date_gmt":"2026-04-29T10:21:07","guid":{"rendered":"https:\/\/www.fannymichel.se\/produkt\/nova-fine-knit-top-with-heart-buttons-cream\/"},"modified":"2026-04-30T13:09:58","modified_gmt":"2026-04-30T11:09:58","slug":"nova-fine-knit-top-with-heart-buttons-cream","status":"publish","type":"product","link":"https:\/\/www.fannymichel.se\/fi\/nova-fine-knit-top-with-heart-buttons-cream\/","title":{"rendered":"Nova &#8211; Fine knit top with heart buttons &#8211; Cream"},"content":{"rendered":"<p>Cute fine knitted sweater in a nice stretchy model!<\/p>\n<p \/>\nShort sleeves and a nice wavy edge at the cuffs, the buttons and at the bottom of the top.<\/p>\n<p \/>\nNice heart-shaped buttons in silver.<\/p>\n<p \/>\n<p><strong>Size measurements:<\/strong><\/p>\n<p \/>\nS\/M<\/p>\n<p \/>\n\u2022 Armpit to armpit circumference: approx. 98 cm, can be stretched more.<\/p>\n<p \/>\n\u2022 Length, shoulder and bottom: approx. 56 cm<\/p>\n<p \/>\nL\/XL<\/p>\n<p \/>\n\u2022 Armpit to armpit circumference: approx. 102 cm, can be stretched more.<\/p>\n<p \/>\n\u2022 Length, shoulder and bottom: approx. 56 cm<\/p>\n<p \/>\n","protected":false},"excerpt":{"rendered":"<p>Cute fine knitted sweater in a nice stretchy model! Short sleeves and a nice wavy edge at the cuffs, the buttons and at the bottom of the top. Nice heart-shaped buttons in silver. Size measurements: S\/M \u2022 Armpit to armpit circumference: approx. 98 cm, can be stretched more. \u2022 Length, shoulder and bottom: approx. 56 [&hellip;]<\/p>\n","protected":false},"featured_media":642969,"comment_status":"open","ping_status":"closed","template":"","meta":{"_acf_changed":false,"om_disable_all_campaigns":false},"product_brand":[],"product_cat":[516,1056,631,54,619,637,635,605],"product_tag":[],"class_list":{"0":"post-641993","1":"product","2":"type-product","3":"status-publish","4":"has-post-thumbnail","6":"product_cat-bestseller","7":"product_cat-knitted-clothes","8":"product_cat-knitted-sweaters","9":"product_cat-news","10":"product_cat-short-sleeved-shirts","11":"product_cat-sweaters","12":"product_cat-tops-fi-2","13":"product_cat-tops-fi","15":"first","16":"instock","17":"taxable","18":"shipping-taxable","19":"purchasable","20":"product-type-variable"},"acf":[],"yoast_head":"<!-- This site is optimized with the Yoast SEO plugin v27.5 - https:\/\/yoast.com\/product\/yoast-seo-wordpress\/ -->\n<title>Nova - Fine knit top with heart buttons - Cream - Fanny Michel<\/title>\n<meta name=\"robots\" content=\"index, follow, max-snippet:-1, max-image-preview:large, max-video-preview:-1\" \/>\n<link rel=\"canonical\" href=\"https:\/\/www.fannymichel.se\/fi\/nova-fine-knit-top-with-heart-buttons-cream\/\" \/>\n<meta property=\"og:locale\" content=\"en_GB\" \/>\n<meta property=\"og:type\" content=\"article\" \/>\n<meta property=\"og:title\" content=\"Nova - Fine knit top with heart buttons - Cream - Fanny Michel\" \/>\n<meta property=\"og:description\" content=\"Cute fine knitted sweater in a nice stretchy model! Short sleeves and a nice wavy edge at the cuffs, the buttons and at the bottom of the top. Nice heart-shaped buttons in silver. Size measurements: S\/M \u2022 Armpit to armpit circumference: approx. 98 cm, can be stretched more. \u2022 Length, shoulder and bottom: approx. 56 [&hellip;]\" \/>\n<meta property=\"og:url\" content=\"https:\/\/www.fannymichel.se\/fi\/nova-fine-knit-top-with-heart-buttons-cream\/\" \/>\n<meta property=\"og:site_name\" content=\"Fanny Michel\" \/>\n<meta property=\"article:modified_time\" content=\"2026-04-30T11:09:58+00:00\" \/>\n<meta name=\"twitter:card\" content=\"summary_large_image\" \/>\n<meta name=\"twitter:label1\" content=\"Estimated reading time\" \/>\n\t<meta name=\"twitter:data1\" content=\"1 minute\" \/>\n<script type=\"application\/ld+json\" class=\"yoast-schema-graph\">{\"@context\":\"https:\\\/\\\/schema.org\",\"@graph\":[{\"@type\":\"WebPage\",\"@id\":\"https:\\\/\\\/www.fannymichel.se\\\/fi\\\/nova-fine-knit-top-with-heart-buttons-cream\\\/\",\"url\":\"https:\\\/\\\/www.fannymichel.se\\\/fi\\\/nova-fine-knit-top-with-heart-buttons-cream\\\/\",\"name\":\"Nova - Fine knit top with heart buttons - Cream - Fanny Michel\",\"isPartOf\":{\"@id\":\"https:\\\/\\\/www.fannymichel.se\\\/fi\\\/#website\"},\"primaryImageOfPage\":{\"@id\":\"https:\\\/\\\/www.fannymichel.se\\\/fi\\\/nova-fine-knit-top-with-heart-buttons-cream\\\/#primaryimage\"},\"image\":{\"@id\":\"https:\\\/\\\/www.fannymichel.se\\\/fi\\\/nova-fine-knit-top-with-heart-buttons-cream\\\/#primaryimage\"},\"thumbnailUrl\":\"https:\\\/\\\/www.fannymichel.se\\\/wp-content\\\/uploads\\\/2026\\\/01\\\/whatsapp-image-2026-01-28-at-144013-1.jpeg\",\"datePublished\":\"2026-04-29T10:21:07+00:00\",\"dateModified\":\"2026-04-30T11:09:58+00:00\",\"breadcrumb\":{\"@id\":\"https:\\\/\\\/www.fannymichel.se\\\/fi\\\/nova-fine-knit-top-with-heart-buttons-cream\\\/#breadcrumb\"},\"inLanguage\":\"en-GB\",\"potentialAction\":[{\"@type\":\"ReadAction\",\"target\":[\"https:\\\/\\\/www.fannymichel.se\\\/fi\\\/nova-fine-knit-top-with-heart-buttons-cream\\\/\"]}]},{\"@type\":\"ImageObject\",\"inLanguage\":\"en-GB\",\"@id\":\"https:\\\/\\\/www.fannymichel.se\\\/fi\\\/nova-fine-knit-top-with-heart-buttons-cream\\\/#primaryimage\",\"url\":\"https:\\\/\\\/www.fannymichel.se\\\/wp-content\\\/uploads\\\/2026\\\/01\\\/whatsapp-image-2026-01-28-at-144013-1.jpeg\",\"contentUrl\":\"https:\\\/\\\/www.fannymichel.se\\\/wp-content\\\/uploads\\\/2026\\\/01\\\/whatsapp-image-2026-01-28-at-144013-1.jpeg\",\"width\":1500,\"height\":2000,\"caption\":\"Vaalea, hymyilev\u00e4 nainen poseeraa sis\u00e4tilassa, toinen k\u00e4si hiuksissa. H\u00e4nell\u00e4 on valkoinen napitettu paita ja farkut. Taustalla iso ikkuna kadulle sek\u00e4 koriste-esineit\u00e4; kehystetyss\u00e4 kyltti peiliss\u00e4 teksti: \u201cSKULLAPPEN \u2026 BEAUTY HOUSE\u201d.\"},{\"@type\":\"BreadcrumbList\",\"@id\":\"https:\\\/\\\/www.fannymichel.se\\\/fi\\\/nova-fine-knit-top-with-heart-buttons-cream\\\/#breadcrumb\",\"itemListElement\":[{\"@type\":\"ListItem\",\"position\":1,\"name\":\"Hem\",\"item\":\"https:\\\/\\\/www.fannymichel.se\\\/fi\\\/\"},{\"@type\":\"ListItem\",\"position\":2,\"name\":\"Shop\",\"item\":\"https:\\\/\\\/www.fannymichel.se\\\/butik\\\/\"},{\"@type\":\"ListItem\",\"position\":3,\"name\":\"Nova &#8211; Fine knit top with heart buttons &#8211; Cream\"}]},{\"@type\":\"WebSite\",\"@id\":\"https:\\\/\\\/www.fannymichel.se\\\/fi\\\/#website\",\"url\":\"https:\\\/\\\/www.fannymichel.se\\\/fi\\\/\",\"name\":\"Fanny Michel\",\"description\":\"\",\"potentialAction\":[{\"@type\":\"SearchAction\",\"target\":{\"@type\":\"EntryPoint\",\"urlTemplate\":\"https:\\\/\\\/www.fannymichel.se\\\/fi\\\/?s={search_term_string}\"},\"query-input\":{\"@type\":\"PropertyValueSpecification\",\"valueRequired\":true,\"valueName\":\"search_term_string\"}}],\"inLanguage\":\"en-GB\"}]}<\/script>\n<!-- \/ Yoast SEO plugin. -->","yoast_head_json":{"title":"Nova - Fine knit top with heart buttons - Cream - Fanny Michel","robots":{"index":"index","follow":"follow","max-snippet":"max-snippet:-1","max-image-preview":"max-image-preview:large","max-video-preview":"max-video-preview:-1"},"canonical":"https:\/\/www.fannymichel.se\/fi\/nova-fine-knit-top-with-heart-buttons-cream\/","og_locale":"en_GB","og_type":"article","og_title":"Nova - Fine knit top with heart buttons - Cream - Fanny Michel","og_description":"Cute fine knitted sweater in a nice stretchy model! Short sleeves and a nice wavy edge at the cuffs, the buttons and at the bottom of the top. Nice heart-shaped buttons in silver. Size measurements: S\/M \u2022 Armpit to armpit circumference: approx. 98 cm, can be stretched more. \u2022 Length, shoulder and bottom: approx. 56 [&hellip;]","og_url":"https:\/\/www.fannymichel.se\/fi\/nova-fine-knit-top-with-heart-buttons-cream\/","og_site_name":"Fanny Michel","article_modified_time":"2026-04-30T11:09:58+00:00","twitter_card":"summary_large_image","twitter_misc":{"Estimated reading time":"1 minute"},"schema":{"@context":"https:\/\/schema.org","@graph":[{"@type":"WebPage","@id":"https:\/\/www.fannymichel.se\/fi\/nova-fine-knit-top-with-heart-buttons-cream\/","url":"https:\/\/www.fannymichel.se\/fi\/nova-fine-knit-top-with-heart-buttons-cream\/","name":"Nova - Fine knit top with heart buttons - Cream - Fanny Michel","isPartOf":{"@id":"https:\/\/www.fannymichel.se\/fi\/#website"},"primaryImageOfPage":{"@id":"https:\/\/www.fannymichel.se\/fi\/nova-fine-knit-top-with-heart-buttons-cream\/#primaryimage"},"image":{"@id":"https:\/\/www.fannymichel.se\/fi\/nova-fine-knit-top-with-heart-buttons-cream\/#primaryimage"},"thumbnailUrl":"https:\/\/www.fannymichel.se\/wp-content\/uploads\/2026\/01\/whatsapp-image-2026-01-28-at-144013-1.jpeg","datePublished":"2026-04-29T10:21:07+00:00","dateModified":"2026-04-30T11:09:58+00:00","breadcrumb":{"@id":"https:\/\/www.fannymichel.se\/fi\/nova-fine-knit-top-with-heart-buttons-cream\/#breadcrumb"},"inLanguage":"en-GB","potentialAction":[{"@type":"ReadAction","target":["https:\/\/www.fannymichel.se\/fi\/nova-fine-knit-top-with-heart-buttons-cream\/"]}]},{"@type":"ImageObject","inLanguage":"en-GB","@id":"https:\/\/www.fannymichel.se\/fi\/nova-fine-knit-top-with-heart-buttons-cream\/#primaryimage","url":"https:\/\/www.fannymichel.se\/wp-content\/uploads\/2026\/01\/whatsapp-image-2026-01-28-at-144013-1.jpeg","contentUrl":"https:\/\/www.fannymichel.se\/wp-content\/uploads\/2026\/01\/whatsapp-image-2026-01-28-at-144013-1.jpeg","width":1500,"height":2000,"caption":"Vaalea, hymyilev\u00e4 nainen poseeraa sis\u00e4tilassa, toinen k\u00e4si hiuksissa. H\u00e4nell\u00e4 on valkoinen napitettu paita ja farkut. Taustalla iso ikkuna kadulle sek\u00e4 koriste-esineit\u00e4; kehystetyss\u00e4 kyltti peiliss\u00e4 teksti: \u201cSKULLAPPEN \u2026 BEAUTY HOUSE\u201d."},{"@type":"BreadcrumbList","@id":"https:\/\/www.fannymichel.se\/fi\/nova-fine-knit-top-with-heart-buttons-cream\/#breadcrumb","itemListElement":[{"@type":"ListItem","position":1,"name":"Hem","item":"https:\/\/www.fannymichel.se\/fi\/"},{"@type":"ListItem","position":2,"name":"Shop","item":"https:\/\/www.fannymichel.se\/butik\/"},{"@type":"ListItem","position":3,"name":"Nova &#8211; Fine knit top with heart buttons &#8211; Cream"}]},{"@type":"WebSite","@id":"https:\/\/www.fannymichel.se\/fi\/#website","url":"https:\/\/www.fannymichel.se\/fi\/","name":"Fanny Michel","description":"","potentialAction":[{"@type":"SearchAction","target":{"@type":"EntryPoint","urlTemplate":"https:\/\/www.fannymichel.se\/fi\/?s={search_term_string}"},"query-input":{"@type":"PropertyValueSpecification","valueRequired":true,"valueName":"search_term_string"}}],"inLanguage":"en-GB"}]}},"jetpack_sharing_enabled":true,"_links":{"self":[{"href":"https:\/\/www.fannymichel.se\/fi\/wp-json\/wp\/v2\/product\/641993","targetHints":{"allow":["GET"]}}],"collection":[{"href":"https:\/\/www.fannymichel.se\/fi\/wp-json\/wp\/v2\/product"}],"about":[{"href":"https:\/\/www.fannymichel.se\/fi\/wp-json\/wp\/v2\/types\/product"}],"replies":[{"embeddable":true,"href":"https:\/\/www.fannymichel.se\/fi\/wp-json\/wp\/v2\/comments?post=641993"}],"wp:featuredmedia":[{"embeddable":true,"href":"https:\/\/www.fannymichel.se\/fi\/wp-json\/wp\/v2\/media\/642969"}],"wp:attachment":[{"href":"https:\/\/www.fannymichel.se\/fi\/wp-json\/wp\/v2\/media?parent=641993"}],"wp:term":[{"taxonomy":"product_brand","embeddable":true,"href":"https:\/\/www.fannymichel.se\/fi\/wp-json\/wp\/v2\/product_brand?post=641993"},{"taxonomy":"product_cat","embeddable":true,"href":"https:\/\/www.fannymichel.se\/fi\/wp-json\/wp\/v2\/product_cat?post=641993"},{"taxonomy":"product_tag","embeddable":true,"href":"https:\/\/www.fannymichel.se\/fi\/wp-json\/wp\/v2\/product_tag?post=641993"}],"curies":[{"name":"wp","href":"https:\/\/api.w.org\/{rel}","templated":true}]}}