{"id":639192,"date":"2026-04-28T18:34:59","date_gmt":"2026-04-28T16:34:59","guid":{"rendered":"https:\/\/www.fannymichel.se\/produkt\/sally-fine-knitted-oversized-sweater-with-lace-light-blue\/"},"modified":"2026-04-30T12:59:18","modified_gmt":"2026-04-30T10:59:18","slug":"sally-fine-knitted-oversized-sweater-with-lace-light-blue","status":"publish","type":"product","link":"https:\/\/www.fannymichel.se\/fi\/sally-fine-knitted-oversized-sweater-with-lace-light-blue\/","title":{"rendered":"Sally &#8211; Fine knitted oversized sweater with lace &#8211; Light Blue"},"content":{"rendered":"<p>Cool oversized sweater with a v-neck!<br \/>\nFinely knitted stretchy material with cute lace!<\/p>\n<p \/>\n<strong>Size measurements:<\/strong><\/p>\n<p \/>\n<strong>Onesize<\/strong><\/p>\n<p \/>\n\u2022 Armpit to armpit circumference: approx. 132 cm<br \/>\n\u2022 Length, shoulder and bottom: approx. 64 cm<\/p>\n<p \/>\n&#8212;&#8212;&#8212;&#8212;&#8212;&#8212;&#8212;&#8212;&#8212;&#8212;&#8212;&#8212;&#8212;&#8212;&#8212;&#8212;&#8212;&#8212;&#8212;&#8212;&#8212;&#8212;&#8212;&#8212;&#8212;-<\/p>\n<p \/>\n*Onesize, fits approximately XS\/34 &#8211; XL\/42.<\/p>\n<p \/>\n","protected":false},"excerpt":{"rendered":"<p>Cool oversized sweater with a v-neck! Finely knitted stretchy material with cute lace! Size measurements: Onesize \u2022 Armpit to armpit circumference: approx. 132 cm \u2022 Length, shoulder and bottom: approx. 64 cm &#8212;&#8212;&#8212;&#8212;&#8212;&#8212;&#8212;&#8212;&#8212;&#8212;&#8212;&#8212;&#8212;&#8212;&#8212;&#8212;&#8212;&#8212;&#8212;&#8212;&#8212;&#8212;&#8212;&#8212;&#8212;- *Onesize, fits approximately XS\/34 &#8211; XL\/42.<\/p>\n","protected":false},"featured_media":639268,"comment_status":"open","ping_status":"closed","template":"","meta":{"_acf_changed":false,"om_disable_all_campaigns":false},"product_brand":[],"product_cat":[516,1056,631,54,623,637,605],"product_tag":[],"class_list":{"0":"post-639192","1":"product","2":"type-product","3":"status-publish","4":"has-post-thumbnail","6":"product_cat-bestseller","7":"product_cat-knitted-clothes","8":"product_cat-knitted-sweaters","9":"product_cat-news","10":"product_cat-oversized-shirts","11":"product_cat-sweaters","12":"product_cat-tops-fi","14":"first","15":"instock","16":"taxable","17":"shipping-taxable","18":"purchasable","19":"product-type-variable"},"acf":[],"yoast_head":"<!-- This site is optimized with the Yoast SEO plugin v27.5 - https:\/\/yoast.com\/product\/yoast-seo-wordpress\/ -->\n<title>Sally - Fine knitted oversized sweater with lace - Light Blue - Fanny Michel<\/title>\n<meta name=\"robots\" content=\"index, follow, max-snippet:-1, max-image-preview:large, max-video-preview:-1\" \/>\n<link rel=\"canonical\" href=\"https:\/\/www.fannymichel.se\/fi\/sally-fine-knitted-oversized-sweater-with-lace-light-blue\/\" \/>\n<meta property=\"og:locale\" content=\"en_GB\" \/>\n<meta property=\"og:type\" content=\"article\" \/>\n<meta property=\"og:title\" content=\"Sally - Fine knitted oversized sweater with lace - Light Blue - Fanny Michel\" \/>\n<meta property=\"og:description\" content=\"Cool oversized sweater with a v-neck! Finely knitted stretchy material with cute lace! Size measurements: Onesize \u2022 Armpit to armpit circumference: approx. 132 cm \u2022 Length, shoulder and bottom: approx. 64 cm &#8212;&#8212;&#8212;&#8212;&#8212;&#8212;&#8212;&#8212;&#8212;&#8212;&#8212;&#8212;&#8212;&#8212;&#8212;&#8212;&#8212;&#8212;&#8212;&#8212;&#8212;&#8212;&#8212;&#8212;&#8212;- *Onesize, fits approximately XS\/34 &#8211; XL\/42.\" \/>\n<meta property=\"og:url\" content=\"https:\/\/www.fannymichel.se\/fi\/sally-fine-knitted-oversized-sweater-with-lace-light-blue\/\" \/>\n<meta property=\"og:site_name\" content=\"Fanny Michel\" \/>\n<meta property=\"article:modified_time\" content=\"2026-04-30T10:59:18+00:00\" \/>\n<meta name=\"twitter:card\" content=\"summary_large_image\" \/>\n<meta name=\"twitter:label1\" content=\"Estimated reading time\" \/>\n\t<meta name=\"twitter:data1\" content=\"1 minute\" \/>\n<script type=\"application\/ld+json\" class=\"yoast-schema-graph\">{\"@context\":\"https:\\\/\\\/schema.org\",\"@graph\":[{\"@type\":\"WebPage\",\"@id\":\"https:\\\/\\\/www.fannymichel.se\\\/fi\\\/sally-fine-knitted-oversized-sweater-with-lace-light-blue\\\/\",\"url\":\"https:\\\/\\\/www.fannymichel.se\\\/fi\\\/sally-fine-knitted-oversized-sweater-with-lace-light-blue\\\/\",\"name\":\"Sally - Fine knitted oversized sweater with lace - Light Blue - Fanny Michel\",\"isPartOf\":{\"@id\":\"https:\\\/\\\/www.fannymichel.se\\\/fi\\\/#website\"},\"primaryImageOfPage\":{\"@id\":\"https:\\\/\\\/www.fannymichel.se\\\/fi\\\/sally-fine-knitted-oversized-sweater-with-lace-light-blue\\\/#primaryimage\"},\"image\":{\"@id\":\"https:\\\/\\\/www.fannymichel.se\\\/fi\\\/sally-fine-knitted-oversized-sweater-with-lace-light-blue\\\/#primaryimage\"},\"thumbnailUrl\":\"https:\\\/\\\/www.fannymichel.se\\\/wp-content\\\/uploads\\\/2025\\\/12\\\/whatsapp-image-2025-12-29-at-170320-7.jpeg\",\"datePublished\":\"2026-04-28T16:34:59+00:00\",\"dateModified\":\"2026-04-30T10:59:18+00:00\",\"breadcrumb\":{\"@id\":\"https:\\\/\\\/www.fannymichel.se\\\/fi\\\/sally-fine-knitted-oversized-sweater-with-lace-light-blue\\\/#breadcrumb\"},\"inLanguage\":\"en-GB\",\"potentialAction\":[{\"@type\":\"ReadAction\",\"target\":[\"https:\\\/\\\/www.fannymichel.se\\\/fi\\\/sally-fine-knitted-oversized-sweater-with-lace-light-blue\\\/\"]}]},{\"@type\":\"ImageObject\",\"inLanguage\":\"en-GB\",\"@id\":\"https:\\\/\\\/www.fannymichel.se\\\/fi\\\/sally-fine-knitted-oversized-sweater-with-lace-light-blue\\\/#primaryimage\",\"url\":\"https:\\\/\\\/www.fannymichel.se\\\/wp-content\\\/uploads\\\/2025\\\/12\\\/whatsapp-image-2025-12-29-at-170320-7.jpeg\",\"contentUrl\":\"https:\\\/\\\/www.fannymichel.se\\\/wp-content\\\/uploads\\\/2025\\\/12\\\/whatsapp-image-2025-12-29-at-170320-7.jpeg\",\"width\":1398,\"height\":2048,\"caption\":\"Vaaleahiuksinen nainen hymyilee ja poseeraa k\u00e4det ristiss\u00e4 sis\u00e4tilassa, yll\u00e4\u00e4n vaaleansininen neule ja farkut. Taustalla n\u00e4kyy vaateripustin, vihre\u00e4\u2011valkoraitainen markiisi ja suuret ikkunat kaupungin rakennuksiin.\"},{\"@type\":\"BreadcrumbList\",\"@id\":\"https:\\\/\\\/www.fannymichel.se\\\/fi\\\/sally-fine-knitted-oversized-sweater-with-lace-light-blue\\\/#breadcrumb\",\"itemListElement\":[{\"@type\":\"ListItem\",\"position\":1,\"name\":\"Hem\",\"item\":\"https:\\\/\\\/www.fannymichel.se\\\/fi\\\/\"},{\"@type\":\"ListItem\",\"position\":2,\"name\":\"Shop\",\"item\":\"https:\\\/\\\/www.fannymichel.se\\\/butik\\\/\"},{\"@type\":\"ListItem\",\"position\":3,\"name\":\"Sally &#8211; Fine knitted oversized sweater with lace &#8211; Light Blue\"}]},{\"@type\":\"WebSite\",\"@id\":\"https:\\\/\\\/www.fannymichel.se\\\/fi\\\/#website\",\"url\":\"https:\\\/\\\/www.fannymichel.se\\\/fi\\\/\",\"name\":\"Fanny Michel\",\"description\":\"\",\"potentialAction\":[{\"@type\":\"SearchAction\",\"target\":{\"@type\":\"EntryPoint\",\"urlTemplate\":\"https:\\\/\\\/www.fannymichel.se\\\/fi\\\/?s={search_term_string}\"},\"query-input\":{\"@type\":\"PropertyValueSpecification\",\"valueRequired\":true,\"valueName\":\"search_term_string\"}}],\"inLanguage\":\"en-GB\"}]}<\/script>\n<!-- \/ Yoast SEO plugin. -->","yoast_head_json":{"title":"Sally - Fine knitted oversized sweater with lace - Light Blue - Fanny Michel","robots":{"index":"index","follow":"follow","max-snippet":"max-snippet:-1","max-image-preview":"max-image-preview:large","max-video-preview":"max-video-preview:-1"},"canonical":"https:\/\/www.fannymichel.se\/fi\/sally-fine-knitted-oversized-sweater-with-lace-light-blue\/","og_locale":"en_GB","og_type":"article","og_title":"Sally - Fine knitted oversized sweater with lace - Light Blue - Fanny Michel","og_description":"Cool oversized sweater with a v-neck! Finely knitted stretchy material with cute lace! Size measurements: Onesize \u2022 Armpit to armpit circumference: approx. 132 cm \u2022 Length, shoulder and bottom: approx. 64 cm &#8212;&#8212;&#8212;&#8212;&#8212;&#8212;&#8212;&#8212;&#8212;&#8212;&#8212;&#8212;&#8212;&#8212;&#8212;&#8212;&#8212;&#8212;&#8212;&#8212;&#8212;&#8212;&#8212;&#8212;&#8212;- *Onesize, fits approximately XS\/34 &#8211; XL\/42.","og_url":"https:\/\/www.fannymichel.se\/fi\/sally-fine-knitted-oversized-sweater-with-lace-light-blue\/","og_site_name":"Fanny Michel","article_modified_time":"2026-04-30T10:59:18+00:00","twitter_card":"summary_large_image","twitter_misc":{"Estimated reading time":"1 minute"},"schema":{"@context":"https:\/\/schema.org","@graph":[{"@type":"WebPage","@id":"https:\/\/www.fannymichel.se\/fi\/sally-fine-knitted-oversized-sweater-with-lace-light-blue\/","url":"https:\/\/www.fannymichel.se\/fi\/sally-fine-knitted-oversized-sweater-with-lace-light-blue\/","name":"Sally - Fine knitted oversized sweater with lace - Light Blue - Fanny Michel","isPartOf":{"@id":"https:\/\/www.fannymichel.se\/fi\/#website"},"primaryImageOfPage":{"@id":"https:\/\/www.fannymichel.se\/fi\/sally-fine-knitted-oversized-sweater-with-lace-light-blue\/#primaryimage"},"image":{"@id":"https:\/\/www.fannymichel.se\/fi\/sally-fine-knitted-oversized-sweater-with-lace-light-blue\/#primaryimage"},"thumbnailUrl":"https:\/\/www.fannymichel.se\/wp-content\/uploads\/2025\/12\/whatsapp-image-2025-12-29-at-170320-7.jpeg","datePublished":"2026-04-28T16:34:59+00:00","dateModified":"2026-04-30T10:59:18+00:00","breadcrumb":{"@id":"https:\/\/www.fannymichel.se\/fi\/sally-fine-knitted-oversized-sweater-with-lace-light-blue\/#breadcrumb"},"inLanguage":"en-GB","potentialAction":[{"@type":"ReadAction","target":["https:\/\/www.fannymichel.se\/fi\/sally-fine-knitted-oversized-sweater-with-lace-light-blue\/"]}]},{"@type":"ImageObject","inLanguage":"en-GB","@id":"https:\/\/www.fannymichel.se\/fi\/sally-fine-knitted-oversized-sweater-with-lace-light-blue\/#primaryimage","url":"https:\/\/www.fannymichel.se\/wp-content\/uploads\/2025\/12\/whatsapp-image-2025-12-29-at-170320-7.jpeg","contentUrl":"https:\/\/www.fannymichel.se\/wp-content\/uploads\/2025\/12\/whatsapp-image-2025-12-29-at-170320-7.jpeg","width":1398,"height":2048,"caption":"Vaaleahiuksinen nainen hymyilee ja poseeraa k\u00e4det ristiss\u00e4 sis\u00e4tilassa, yll\u00e4\u00e4n vaaleansininen neule ja farkut. Taustalla n\u00e4kyy vaateripustin, vihre\u00e4\u2011valkoraitainen markiisi ja suuret ikkunat kaupungin rakennuksiin."},{"@type":"BreadcrumbList","@id":"https:\/\/www.fannymichel.se\/fi\/sally-fine-knitted-oversized-sweater-with-lace-light-blue\/#breadcrumb","itemListElement":[{"@type":"ListItem","position":1,"name":"Hem","item":"https:\/\/www.fannymichel.se\/fi\/"},{"@type":"ListItem","position":2,"name":"Shop","item":"https:\/\/www.fannymichel.se\/butik\/"},{"@type":"ListItem","position":3,"name":"Sally &#8211; Fine knitted oversized sweater with lace &#8211; Light Blue"}]},{"@type":"WebSite","@id":"https:\/\/www.fannymichel.se\/fi\/#website","url":"https:\/\/www.fannymichel.se\/fi\/","name":"Fanny Michel","description":"","potentialAction":[{"@type":"SearchAction","target":{"@type":"EntryPoint","urlTemplate":"https:\/\/www.fannymichel.se\/fi\/?s={search_term_string}"},"query-input":{"@type":"PropertyValueSpecification","valueRequired":true,"valueName":"search_term_string"}}],"inLanguage":"en-GB"}]}},"jetpack_sharing_enabled":true,"_links":{"self":[{"href":"https:\/\/www.fannymichel.se\/fi\/wp-json\/wp\/v2\/product\/639192","targetHints":{"allow":["GET"]}}],"collection":[{"href":"https:\/\/www.fannymichel.se\/fi\/wp-json\/wp\/v2\/product"}],"about":[{"href":"https:\/\/www.fannymichel.se\/fi\/wp-json\/wp\/v2\/types\/product"}],"replies":[{"embeddable":true,"href":"https:\/\/www.fannymichel.se\/fi\/wp-json\/wp\/v2\/comments?post=639192"}],"wp:featuredmedia":[{"embeddable":true,"href":"https:\/\/www.fannymichel.se\/fi\/wp-json\/wp\/v2\/media\/639268"}],"wp:attachment":[{"href":"https:\/\/www.fannymichel.se\/fi\/wp-json\/wp\/v2\/media?parent=639192"}],"wp:term":[{"taxonomy":"product_brand","embeddable":true,"href":"https:\/\/www.fannymichel.se\/fi\/wp-json\/wp\/v2\/product_brand?post=639192"},{"taxonomy":"product_cat","embeddable":true,"href":"https:\/\/www.fannymichel.se\/fi\/wp-json\/wp\/v2\/product_cat?post=639192"},{"taxonomy":"product_tag","embeddable":true,"href":"https:\/\/www.fannymichel.se\/fi\/wp-json\/wp\/v2\/product_tag?post=639192"}],"curies":[{"name":"wp","href":"https:\/\/api.w.org\/{rel}","templated":true}]}}