{"id":632597,"date":"2026-04-29T14:00:27","date_gmt":"2026-04-29T12:00:27","guid":{"rendered":"https:\/\/www.fannymichel.se\/produkt\/jennie-tank-top-with-lace-black\/"},"modified":"2026-04-30T13:36:02","modified_gmt":"2026-04-30T11:36:02","slug":"jennie-tank-top-with-lace-black","status":"publish","type":"product","link":"https:\/\/www.fannymichel.se\/fi\/jennie-tank-top-with-lace-black\/","title":{"rendered":"Jennie &#8211; Tank top with lace &#8211; Black"},"content":{"rendered":"<p>Nice stretchy tank top with lace edges around the neck and shoulders!<\/p>\n<p \/>\nWider stretchy lace section at the bottom of the tank top.<\/p>\n<p \/>\n<p><strong>Dimensions of the tank top:<\/strong><\/p>\n<p \/>\n<strong>Onesize<\/strong><\/p>\n<p \/>\n\u2022 Armpit to armpit circumference: approx. 92 cm, can be stretched more.<\/p>\n<p \/>\n\u2022 Length from shoulder to bottom: approx. 70 cm including the lace.<\/p>\n<p \/>\n&#8212;&#8212;&#8212;&#8212;&#8212;&#8212;&#8212;&#8212;&#8212;&#8212;&#8212;&#8212;&#8212;&#8212;&#8212;&#8212;&#8212;&#8212;&#8212;&#8212;&#8212;&#8212;&#8211;<\/p>\n<p \/>\nOnesize, fits approximately S\/36 &#8211; XL\/42.<\/p>\n<p \/>\n","protected":false},"excerpt":{"rendered":"<p>Nice stretchy tank top with lace edges around the neck and shoulders! Wider stretchy lace section at the bottom of the tank top. Dimensions of the tank top: Onesize \u2022 Armpit to armpit circumference: approx. 92 cm, can be stretched more. \u2022 Length from shoulder to bottom: approx. 70 cm including the lace. &#8212;&#8212;&#8212;&#8212;&#8212;&#8212;&#8212;&#8212;&#8212;&#8212;&#8212;&#8212;&#8212;&#8212;&#8212;&#8212;&#8212;&#8212;&#8212;&#8212;&#8212;&#8212;&#8211; Onesize, [&hellip;]<\/p>\n","protected":false},"featured_media":632691,"comment_status":"open","ping_status":"closed","template":"","meta":{"_acf_changed":false,"om_disable_all_campaigns":false},"product_brand":[],"product_cat":[621,54,635,605],"product_tag":[],"class_list":{"0":"post-632597","1":"product","2":"type-product","3":"status-publish","4":"has-post-thumbnail","6":"product_cat-camisole","7":"product_cat-news","8":"product_cat-tops-fi-2","9":"product_cat-tops-fi","11":"first","12":"instock","13":"taxable","14":"shipping-taxable","15":"purchasable","16":"product-type-variable"},"acf":[],"yoast_head":"<!-- This site is optimized with the Yoast SEO plugin v27.5 - https:\/\/yoast.com\/product\/yoast-seo-wordpress\/ -->\n<title>Jennie - Tank top with lace - Black - Fanny Michel<\/title>\n<meta name=\"robots\" content=\"index, follow, max-snippet:-1, max-image-preview:large, max-video-preview:-1\" \/>\n<link rel=\"canonical\" href=\"https:\/\/www.fannymichel.se\/fi\/jennie-tank-top-with-lace-black\/\" \/>\n<meta property=\"og:locale\" content=\"en_GB\" \/>\n<meta property=\"og:type\" content=\"article\" \/>\n<meta property=\"og:title\" content=\"Jennie - Tank top with lace - Black - Fanny Michel\" \/>\n<meta property=\"og:description\" content=\"Nice stretchy tank top with lace edges around the neck and shoulders! Wider stretchy lace section at the bottom of the tank top. Dimensions of the tank top: Onesize \u2022 Armpit to armpit circumference: approx. 92 cm, can be stretched more. \u2022 Length from shoulder to bottom: approx. 70 cm including the lace. &#8212;&#8212;&#8212;&#8212;&#8212;&#8212;&#8212;&#8212;&#8212;&#8212;&#8212;&#8212;&#8212;&#8212;&#8212;&#8212;&#8212;&#8212;&#8212;&#8212;&#8212;&#8212;&#8211; Onesize, [&hellip;]\" \/>\n<meta property=\"og:url\" content=\"https:\/\/www.fannymichel.se\/fi\/jennie-tank-top-with-lace-black\/\" \/>\n<meta property=\"og:site_name\" content=\"Fanny Michel\" \/>\n<meta property=\"article:modified_time\" content=\"2026-04-30T11:36:02+00:00\" \/>\n<meta name=\"twitter:card\" content=\"summary_large_image\" \/>\n<meta name=\"twitter:label1\" content=\"Estimated reading time\" \/>\n\t<meta name=\"twitter:data1\" content=\"1 minute\" \/>\n<script type=\"application\/ld+json\" class=\"yoast-schema-graph\">{\"@context\":\"https:\\\/\\\/schema.org\",\"@graph\":[{\"@type\":\"WebPage\",\"@id\":\"https:\\\/\\\/www.fannymichel.se\\\/fi\\\/jennie-tank-top-with-lace-black\\\/\",\"url\":\"https:\\\/\\\/www.fannymichel.se\\\/fi\\\/jennie-tank-top-with-lace-black\\\/\",\"name\":\"Jennie - Tank top with lace - Black - Fanny Michel\",\"isPartOf\":{\"@id\":\"https:\\\/\\\/www.fannymichel.se\\\/fi\\\/#website\"},\"primaryImageOfPage\":{\"@id\":\"https:\\\/\\\/www.fannymichel.se\\\/fi\\\/jennie-tank-top-with-lace-black\\\/#primaryimage\"},\"image\":{\"@id\":\"https:\\\/\\\/www.fannymichel.se\\\/fi\\\/jennie-tank-top-with-lace-black\\\/#primaryimage\"},\"thumbnailUrl\":\"https:\\\/\\\/www.fannymichel.se\\\/wp-content\\\/uploads\\\/2025\\\/10\\\/whatsapp-image-2025-10-07-at-143816-2.jpeg\",\"datePublished\":\"2026-04-29T12:00:27+00:00\",\"dateModified\":\"2026-04-30T11:36:02+00:00\",\"breadcrumb\":{\"@id\":\"https:\\\/\\\/www.fannymichel.se\\\/fi\\\/jennie-tank-top-with-lace-black\\\/#breadcrumb\"},\"inLanguage\":\"en-GB\",\"potentialAction\":[{\"@type\":\"ReadAction\",\"target\":[\"https:\\\/\\\/www.fannymichel.se\\\/fi\\\/jennie-tank-top-with-lace-black\\\/\"]}]},{\"@type\":\"ImageObject\",\"inLanguage\":\"en-GB\",\"@id\":\"https:\\\/\\\/www.fannymichel.se\\\/fi\\\/jennie-tank-top-with-lace-black\\\/#primaryimage\",\"url\":\"https:\\\/\\\/www.fannymichel.se\\\/wp-content\\\/uploads\\\/2025\\\/10\\\/whatsapp-image-2025-10-07-at-143816-2.jpeg\",\"contentUrl\":\"https:\\\/\\\/www.fannymichel.se\\\/wp-content\\\/uploads\\\/2025\\\/10\\\/whatsapp-image-2025-10-07-at-143816-2.jpeg\",\"width\":858,\"height\":1456,\"caption\":\"Vaalea nainen k\u00e4velee mukulakivikadulla ja katsoo hymyillen sivulle, yll\u00e4\u00e4n musta pitsireunainen toppi ja farkut. H\u00e4n kantaa syd\u00e4nkuvioista takkia ja k\u00e4ytt\u00e4\u00e4 koruja; taustalla kapea katu, kasveja ja v\u00e4rikk\u00e4it\u00e4 riippuvalaisimia.\"},{\"@type\":\"BreadcrumbList\",\"@id\":\"https:\\\/\\\/www.fannymichel.se\\\/fi\\\/jennie-tank-top-with-lace-black\\\/#breadcrumb\",\"itemListElement\":[{\"@type\":\"ListItem\",\"position\":1,\"name\":\"Hem\",\"item\":\"https:\\\/\\\/www.fannymichel.se\\\/fi\\\/\"},{\"@type\":\"ListItem\",\"position\":2,\"name\":\"Shop\",\"item\":\"https:\\\/\\\/www.fannymichel.se\\\/butik\\\/\"},{\"@type\":\"ListItem\",\"position\":3,\"name\":\"Jennie &#8211; Tank top with lace &#8211; Black\"}]},{\"@type\":\"WebSite\",\"@id\":\"https:\\\/\\\/www.fannymichel.se\\\/fi\\\/#website\",\"url\":\"https:\\\/\\\/www.fannymichel.se\\\/fi\\\/\",\"name\":\"Fanny Michel\",\"description\":\"\",\"potentialAction\":[{\"@type\":\"SearchAction\",\"target\":{\"@type\":\"EntryPoint\",\"urlTemplate\":\"https:\\\/\\\/www.fannymichel.se\\\/fi\\\/?s={search_term_string}\"},\"query-input\":{\"@type\":\"PropertyValueSpecification\",\"valueRequired\":true,\"valueName\":\"search_term_string\"}}],\"inLanguage\":\"en-GB\"}]}<\/script>\n<!-- \/ Yoast SEO plugin. -->","yoast_head_json":{"title":"Jennie - Tank top with lace - Black - Fanny Michel","robots":{"index":"index","follow":"follow","max-snippet":"max-snippet:-1","max-image-preview":"max-image-preview:large","max-video-preview":"max-video-preview:-1"},"canonical":"https:\/\/www.fannymichel.se\/fi\/jennie-tank-top-with-lace-black\/","og_locale":"en_GB","og_type":"article","og_title":"Jennie - Tank top with lace - Black - Fanny Michel","og_description":"Nice stretchy tank top with lace edges around the neck and shoulders! Wider stretchy lace section at the bottom of the tank top. Dimensions of the tank top: Onesize \u2022 Armpit to armpit circumference: approx. 92 cm, can be stretched more. \u2022 Length from shoulder to bottom: approx. 70 cm including the lace. &#8212;&#8212;&#8212;&#8212;&#8212;&#8212;&#8212;&#8212;&#8212;&#8212;&#8212;&#8212;&#8212;&#8212;&#8212;&#8212;&#8212;&#8212;&#8212;&#8212;&#8212;&#8212;&#8211; Onesize, [&hellip;]","og_url":"https:\/\/www.fannymichel.se\/fi\/jennie-tank-top-with-lace-black\/","og_site_name":"Fanny Michel","article_modified_time":"2026-04-30T11:36:02+00:00","twitter_card":"summary_large_image","twitter_misc":{"Estimated reading time":"1 minute"},"schema":{"@context":"https:\/\/schema.org","@graph":[{"@type":"WebPage","@id":"https:\/\/www.fannymichel.se\/fi\/jennie-tank-top-with-lace-black\/","url":"https:\/\/www.fannymichel.se\/fi\/jennie-tank-top-with-lace-black\/","name":"Jennie - Tank top with lace - Black - Fanny Michel","isPartOf":{"@id":"https:\/\/www.fannymichel.se\/fi\/#website"},"primaryImageOfPage":{"@id":"https:\/\/www.fannymichel.se\/fi\/jennie-tank-top-with-lace-black\/#primaryimage"},"image":{"@id":"https:\/\/www.fannymichel.se\/fi\/jennie-tank-top-with-lace-black\/#primaryimage"},"thumbnailUrl":"https:\/\/www.fannymichel.se\/wp-content\/uploads\/2025\/10\/whatsapp-image-2025-10-07-at-143816-2.jpeg","datePublished":"2026-04-29T12:00:27+00:00","dateModified":"2026-04-30T11:36:02+00:00","breadcrumb":{"@id":"https:\/\/www.fannymichel.se\/fi\/jennie-tank-top-with-lace-black\/#breadcrumb"},"inLanguage":"en-GB","potentialAction":[{"@type":"ReadAction","target":["https:\/\/www.fannymichel.se\/fi\/jennie-tank-top-with-lace-black\/"]}]},{"@type":"ImageObject","inLanguage":"en-GB","@id":"https:\/\/www.fannymichel.se\/fi\/jennie-tank-top-with-lace-black\/#primaryimage","url":"https:\/\/www.fannymichel.se\/wp-content\/uploads\/2025\/10\/whatsapp-image-2025-10-07-at-143816-2.jpeg","contentUrl":"https:\/\/www.fannymichel.se\/wp-content\/uploads\/2025\/10\/whatsapp-image-2025-10-07-at-143816-2.jpeg","width":858,"height":1456,"caption":"Vaalea nainen k\u00e4velee mukulakivikadulla ja katsoo hymyillen sivulle, yll\u00e4\u00e4n musta pitsireunainen toppi ja farkut. H\u00e4n kantaa syd\u00e4nkuvioista takkia ja k\u00e4ytt\u00e4\u00e4 koruja; taustalla kapea katu, kasveja ja v\u00e4rikk\u00e4it\u00e4 riippuvalaisimia."},{"@type":"BreadcrumbList","@id":"https:\/\/www.fannymichel.se\/fi\/jennie-tank-top-with-lace-black\/#breadcrumb","itemListElement":[{"@type":"ListItem","position":1,"name":"Hem","item":"https:\/\/www.fannymichel.se\/fi\/"},{"@type":"ListItem","position":2,"name":"Shop","item":"https:\/\/www.fannymichel.se\/butik\/"},{"@type":"ListItem","position":3,"name":"Jennie &#8211; Tank top with lace &#8211; Black"}]},{"@type":"WebSite","@id":"https:\/\/www.fannymichel.se\/fi\/#website","url":"https:\/\/www.fannymichel.se\/fi\/","name":"Fanny Michel","description":"","potentialAction":[{"@type":"SearchAction","target":{"@type":"EntryPoint","urlTemplate":"https:\/\/www.fannymichel.se\/fi\/?s={search_term_string}"},"query-input":{"@type":"PropertyValueSpecification","valueRequired":true,"valueName":"search_term_string"}}],"inLanguage":"en-GB"}]}},"jetpack_sharing_enabled":true,"_links":{"self":[{"href":"https:\/\/www.fannymichel.se\/fi\/wp-json\/wp\/v2\/product\/632597","targetHints":{"allow":["GET"]}}],"collection":[{"href":"https:\/\/www.fannymichel.se\/fi\/wp-json\/wp\/v2\/product"}],"about":[{"href":"https:\/\/www.fannymichel.se\/fi\/wp-json\/wp\/v2\/types\/product"}],"replies":[{"embeddable":true,"href":"https:\/\/www.fannymichel.se\/fi\/wp-json\/wp\/v2\/comments?post=632597"}],"wp:featuredmedia":[{"embeddable":true,"href":"https:\/\/www.fannymichel.se\/fi\/wp-json\/wp\/v2\/media\/632691"}],"wp:attachment":[{"href":"https:\/\/www.fannymichel.se\/fi\/wp-json\/wp\/v2\/media?parent=632597"}],"wp:term":[{"taxonomy":"product_brand","embeddable":true,"href":"https:\/\/www.fannymichel.se\/fi\/wp-json\/wp\/v2\/product_brand?post=632597"},{"taxonomy":"product_cat","embeddable":true,"href":"https:\/\/www.fannymichel.se\/fi\/wp-json\/wp\/v2\/product_cat?post=632597"},{"taxonomy":"product_tag","embeddable":true,"href":"https:\/\/www.fannymichel.se\/fi\/wp-json\/wp\/v2\/product_tag?post=632597"}],"curies":[{"name":"wp","href":"https:\/\/api.w.org\/{rel}","templated":true}]}}