{"id":618195,"date":"2026-04-24T10:05:56","date_gmt":"2026-04-24T08:05:56","guid":{"rendered":"https:\/\/www.fannymichel.se\/produkt\/sanna-long-dress-patterned-green\/"},"modified":"2026-04-24T13:45:05","modified_gmt":"2026-04-24T11:45:05","slug":"sanna-long-dress-patterned-green","status":"publish","type":"product","link":"https:\/\/www.fannymichel.se\/fi\/sanna-long-dress-patterned-green\/","title":{"rendered":"Sanna long dress &#8211; Patterned  &#8211; Green"},"content":{"rendered":"<p>Beautiful long dress with a nice pattern and small sleeves!<\/p>\n<p \/>\nIs smocked at the waist and decorative buttons at the front.<\/p>\n<p \/>\n<strong>Dimensions:<\/strong><\/p>\n<p \/>\n<strong>Onesize<\/strong><\/p>\n<p \/>\nWaist circumference: approx. 62 cm, can be stretched to approx. 100 cm<\/p>\n<p \/>\nLength from shoulder to bottom: approx. 135 cm<\/p>\n<p \/>\n&#8212;&#8212;&#8212;&#8212;&#8212;&#8212;&#8212;&#8212;&#8212;&#8212;&#8212;&#8212;&#8212;&#8212;&#8212;&#8212;&#8212;&#8212;&#8212;&#8212;&#8212;&#8212;&#8211;<\/p>\n<p \/>\nOnesize, fits approximately XS\/34 &#8211; small XL\/42<\/p>\n<p \/>\nRead more under specifications.<\/p>\n<p \/>\n","protected":false},"excerpt":{"rendered":"<p>Beautiful long dress with a nice pattern and small sleeves! Is smocked at the waist and decorative buttons at the front. Dimensions: Onesize Waist circumference: approx. 62 cm, can be stretched to approx. 100 cm Length from shoulder to bottom: approx. 135 cm &#8212;&#8212;&#8212;&#8212;&#8212;&#8212;&#8212;&#8212;&#8212;&#8212;&#8212;&#8212;&#8212;&#8212;&#8212;&#8212;&#8212;&#8212;&#8212;&#8212;&#8212;&#8212;&#8211; Onesize, fits approximately XS\/34 &#8211; small XL\/42 Read more under specifications.<\/p>\n","protected":false},"featured_media":618216,"comment_status":"open","ping_status":"closed","template":"","meta":{"_acf_changed":false,"om_disable_all_campaigns":false},"product_brand":[],"product_cat":[534,546,548,54,554],"product_tag":[],"class_list":{"0":"post-618195","1":"product","2":"type-product","3":"status-publish","4":"has-post-thumbnail","6":"product_cat-dresses-skirts","7":"product_cat-long-dresses","8":"product_cat-maxi-dresses","9":"product_cat-news","10":"product_cat-summer-dresses","12":"first","13":"instock","14":"taxable","15":"shipping-taxable","16":"purchasable","17":"product-type-variable"},"acf":[],"yoast_head":"<!-- This site is optimized with the Yoast SEO plugin v27.5 - https:\/\/yoast.com\/product\/yoast-seo-wordpress\/ -->\n<title>Sanna long dress - Patterned - Green - Fanny Michel<\/title>\n<meta name=\"robots\" content=\"index, follow, max-snippet:-1, max-image-preview:large, max-video-preview:-1\" \/>\n<link rel=\"canonical\" href=\"https:\/\/www.fannymichel.se\/fi\/sanna-long-dress-patterned-green\/\" \/>\n<meta property=\"og:locale\" content=\"en_GB\" \/>\n<meta property=\"og:type\" content=\"article\" \/>\n<meta property=\"og:title\" content=\"Sanna long dress - Patterned - Green - Fanny Michel\" \/>\n<meta property=\"og:description\" content=\"Beautiful long dress with a nice pattern and small sleeves! Is smocked at the waist and decorative buttons at the front. Dimensions: Onesize Waist circumference: approx. 62 cm, can be stretched to approx. 100 cm Length from shoulder to bottom: approx. 135 cm &#8212;&#8212;&#8212;&#8212;&#8212;&#8212;&#8212;&#8212;&#8212;&#8212;&#8212;&#8212;&#8212;&#8212;&#8212;&#8212;&#8212;&#8212;&#8212;&#8212;&#8212;&#8212;&#8211; Onesize, fits approximately XS\/34 &#8211; small XL\/42 Read more under specifications.\" \/>\n<meta property=\"og:url\" content=\"https:\/\/www.fannymichel.se\/fi\/sanna-long-dress-patterned-green\/\" \/>\n<meta property=\"og:site_name\" content=\"Fanny Michel\" \/>\n<meta property=\"article:modified_time\" content=\"2026-04-24T11:45:05+00:00\" \/>\n<meta name=\"twitter:card\" content=\"summary_large_image\" \/>\n<meta name=\"twitter:label1\" content=\"Estimated reading time\" \/>\n\t<meta name=\"twitter:data1\" content=\"1 minute\" \/>\n<script type=\"application\/ld+json\" class=\"yoast-schema-graph\">{\"@context\":\"https:\\\/\\\/schema.org\",\"@graph\":[{\"@type\":\"WebPage\",\"@id\":\"https:\\\/\\\/www.fannymichel.se\\\/fi\\\/sanna-long-dress-patterned-green\\\/\",\"url\":\"https:\\\/\\\/www.fannymichel.se\\\/fi\\\/sanna-long-dress-patterned-green\\\/\",\"name\":\"Sanna long dress - Patterned - Green - Fanny Michel\",\"isPartOf\":{\"@id\":\"https:\\\/\\\/www.fannymichel.se\\\/fi\\\/#website\"},\"primaryImageOfPage\":{\"@id\":\"https:\\\/\\\/www.fannymichel.se\\\/fi\\\/sanna-long-dress-patterned-green\\\/#primaryimage\"},\"image\":{\"@id\":\"https:\\\/\\\/www.fannymichel.se\\\/fi\\\/sanna-long-dress-patterned-green\\\/#primaryimage\"},\"thumbnailUrl\":\"https:\\\/\\\/www.fannymichel.se\\\/wp-content\\\/uploads\\\/2025\\\/06\\\/whatsapp-image-2025-06-11-at-150405-3.jpeg\",\"datePublished\":\"2026-04-24T08:05:56+00:00\",\"dateModified\":\"2026-04-24T11:45:05+00:00\",\"breadcrumb\":{\"@id\":\"https:\\\/\\\/www.fannymichel.se\\\/fi\\\/sanna-long-dress-patterned-green\\\/#breadcrumb\"},\"inLanguage\":\"en-GB\",\"potentialAction\":[{\"@type\":\"ReadAction\",\"target\":[\"https:\\\/\\\/www.fannymichel.se\\\/fi\\\/sanna-long-dress-patterned-green\\\/\"]}]},{\"@type\":\"ImageObject\",\"inLanguage\":\"en-GB\",\"@id\":\"https:\\\/\\\/www.fannymichel.se\\\/fi\\\/sanna-long-dress-patterned-green\\\/#primaryimage\",\"url\":\"https:\\\/\\\/www.fannymichel.se\\\/wp-content\\\/uploads\\\/2025\\\/06\\\/whatsapp-image-2025-06-11-at-150405-3.jpeg\",\"contentUrl\":\"https:\\\/\\\/www.fannymichel.se\\\/wp-content\\\/uploads\\\/2025\\\/06\\\/whatsapp-image-2025-06-11-at-150405-3.jpeg\",\"width\":976,\"height\":1660,\"caption\":\"Blondi nainen k\u00e4velee mukulakivikadulla aurinkolasit p\u00e4\u00e4ss\u00e4, yll\u00e4\u00e4n vihre\u00e4\u2011valkoinen kukkakuvioinen maksimekko. H\u00e4n kantaa olkihattua k\u00e4dess\u00e4\u00e4n; taustalla n\u00e4kyy kauppoja, kylttej\u00e4 ja ohikulkijoita vilkkaalla k\u00e4velykadulla.\"},{\"@type\":\"BreadcrumbList\",\"@id\":\"https:\\\/\\\/www.fannymichel.se\\\/fi\\\/sanna-long-dress-patterned-green\\\/#breadcrumb\",\"itemListElement\":[{\"@type\":\"ListItem\",\"position\":1,\"name\":\"Hem\",\"item\":\"https:\\\/\\\/www.fannymichel.se\\\/fi\\\/\"},{\"@type\":\"ListItem\",\"position\":2,\"name\":\"Shop\",\"item\":\"https:\\\/\\\/www.fannymichel.se\\\/butik\\\/\"},{\"@type\":\"ListItem\",\"position\":3,\"name\":\"Sanna long dress &#8211; Patterned &#8211; Green\"}]},{\"@type\":\"WebSite\",\"@id\":\"https:\\\/\\\/www.fannymichel.se\\\/fi\\\/#website\",\"url\":\"https:\\\/\\\/www.fannymichel.se\\\/fi\\\/\",\"name\":\"Fanny Michel\",\"description\":\"\",\"potentialAction\":[{\"@type\":\"SearchAction\",\"target\":{\"@type\":\"EntryPoint\",\"urlTemplate\":\"https:\\\/\\\/www.fannymichel.se\\\/fi\\\/?s={search_term_string}\"},\"query-input\":{\"@type\":\"PropertyValueSpecification\",\"valueRequired\":true,\"valueName\":\"search_term_string\"}}],\"inLanguage\":\"en-GB\"}]}<\/script>\n<!-- \/ Yoast SEO plugin. -->","yoast_head_json":{"title":"Sanna long dress - Patterned - Green - Fanny Michel","robots":{"index":"index","follow":"follow","max-snippet":"max-snippet:-1","max-image-preview":"max-image-preview:large","max-video-preview":"max-video-preview:-1"},"canonical":"https:\/\/www.fannymichel.se\/fi\/sanna-long-dress-patterned-green\/","og_locale":"en_GB","og_type":"article","og_title":"Sanna long dress - Patterned - Green - Fanny Michel","og_description":"Beautiful long dress with a nice pattern and small sleeves! Is smocked at the waist and decorative buttons at the front. Dimensions: Onesize Waist circumference: approx. 62 cm, can be stretched to approx. 100 cm Length from shoulder to bottom: approx. 135 cm &#8212;&#8212;&#8212;&#8212;&#8212;&#8212;&#8212;&#8212;&#8212;&#8212;&#8212;&#8212;&#8212;&#8212;&#8212;&#8212;&#8212;&#8212;&#8212;&#8212;&#8212;&#8212;&#8211; Onesize, fits approximately XS\/34 &#8211; small XL\/42 Read more under specifications.","og_url":"https:\/\/www.fannymichel.se\/fi\/sanna-long-dress-patterned-green\/","og_site_name":"Fanny Michel","article_modified_time":"2026-04-24T11:45:05+00:00","twitter_card":"summary_large_image","twitter_misc":{"Estimated reading time":"1 minute"},"schema":{"@context":"https:\/\/schema.org","@graph":[{"@type":"WebPage","@id":"https:\/\/www.fannymichel.se\/fi\/sanna-long-dress-patterned-green\/","url":"https:\/\/www.fannymichel.se\/fi\/sanna-long-dress-patterned-green\/","name":"Sanna long dress - Patterned - Green - Fanny Michel","isPartOf":{"@id":"https:\/\/www.fannymichel.se\/fi\/#website"},"primaryImageOfPage":{"@id":"https:\/\/www.fannymichel.se\/fi\/sanna-long-dress-patterned-green\/#primaryimage"},"image":{"@id":"https:\/\/www.fannymichel.se\/fi\/sanna-long-dress-patterned-green\/#primaryimage"},"thumbnailUrl":"https:\/\/www.fannymichel.se\/wp-content\/uploads\/2025\/06\/whatsapp-image-2025-06-11-at-150405-3.jpeg","datePublished":"2026-04-24T08:05:56+00:00","dateModified":"2026-04-24T11:45:05+00:00","breadcrumb":{"@id":"https:\/\/www.fannymichel.se\/fi\/sanna-long-dress-patterned-green\/#breadcrumb"},"inLanguage":"en-GB","potentialAction":[{"@type":"ReadAction","target":["https:\/\/www.fannymichel.se\/fi\/sanna-long-dress-patterned-green\/"]}]},{"@type":"ImageObject","inLanguage":"en-GB","@id":"https:\/\/www.fannymichel.se\/fi\/sanna-long-dress-patterned-green\/#primaryimage","url":"https:\/\/www.fannymichel.se\/wp-content\/uploads\/2025\/06\/whatsapp-image-2025-06-11-at-150405-3.jpeg","contentUrl":"https:\/\/www.fannymichel.se\/wp-content\/uploads\/2025\/06\/whatsapp-image-2025-06-11-at-150405-3.jpeg","width":976,"height":1660,"caption":"Blondi nainen k\u00e4velee mukulakivikadulla aurinkolasit p\u00e4\u00e4ss\u00e4, yll\u00e4\u00e4n vihre\u00e4\u2011valkoinen kukkakuvioinen maksimekko. H\u00e4n kantaa olkihattua k\u00e4dess\u00e4\u00e4n; taustalla n\u00e4kyy kauppoja, kylttej\u00e4 ja ohikulkijoita vilkkaalla k\u00e4velykadulla."},{"@type":"BreadcrumbList","@id":"https:\/\/www.fannymichel.se\/fi\/sanna-long-dress-patterned-green\/#breadcrumb","itemListElement":[{"@type":"ListItem","position":1,"name":"Hem","item":"https:\/\/www.fannymichel.se\/fi\/"},{"@type":"ListItem","position":2,"name":"Shop","item":"https:\/\/www.fannymichel.se\/butik\/"},{"@type":"ListItem","position":3,"name":"Sanna long dress &#8211; Patterned &#8211; Green"}]},{"@type":"WebSite","@id":"https:\/\/www.fannymichel.se\/fi\/#website","url":"https:\/\/www.fannymichel.se\/fi\/","name":"Fanny Michel","description":"","potentialAction":[{"@type":"SearchAction","target":{"@type":"EntryPoint","urlTemplate":"https:\/\/www.fannymichel.se\/fi\/?s={search_term_string}"},"query-input":{"@type":"PropertyValueSpecification","valueRequired":true,"valueName":"search_term_string"}}],"inLanguage":"en-GB"}]}},"jetpack_sharing_enabled":true,"_links":{"self":[{"href":"https:\/\/www.fannymichel.se\/fi\/wp-json\/wp\/v2\/product\/618195","targetHints":{"allow":["GET"]}}],"collection":[{"href":"https:\/\/www.fannymichel.se\/fi\/wp-json\/wp\/v2\/product"}],"about":[{"href":"https:\/\/www.fannymichel.se\/fi\/wp-json\/wp\/v2\/types\/product"}],"replies":[{"embeddable":true,"href":"https:\/\/www.fannymichel.se\/fi\/wp-json\/wp\/v2\/comments?post=618195"}],"wp:featuredmedia":[{"embeddable":true,"href":"https:\/\/www.fannymichel.se\/fi\/wp-json\/wp\/v2\/media\/618216"}],"wp:attachment":[{"href":"https:\/\/www.fannymichel.se\/fi\/wp-json\/wp\/v2\/media?parent=618195"}],"wp:term":[{"taxonomy":"product_brand","embeddable":true,"href":"https:\/\/www.fannymichel.se\/fi\/wp-json\/wp\/v2\/product_brand?post=618195"},{"taxonomy":"product_cat","embeddable":true,"href":"https:\/\/www.fannymichel.se\/fi\/wp-json\/wp\/v2\/product_cat?post=618195"},{"taxonomy":"product_tag","embeddable":true,"href":"https:\/\/www.fannymichel.se\/fi\/wp-json\/wp\/v2\/product_tag?post=618195"}],"curies":[{"name":"wp","href":"https:\/\/api.w.org\/{rel}","templated":true}]}}