{"id":46484,"date":"2024-05-28T12:26:23","date_gmt":"2024-05-28T10:26:23","guid":{"rendered":"https:\/\/fannymichel.vivamedia.dev\/produkt\/mjukisbyxor-dragkedjor-vid-fickor-sma-leo-brun\/"},"modified":"2024-06-24T19:54:06","modified_gmt":"2024-06-24T17:54:06","slug":"mjukisbyxor-dragkedjor-vid-fickor-sma-leo-brun","status":"publish","type":"product","link":"https:\/\/www.fannymichel.se\/fi\/mjukisbyxor-dragkedjor-vid-fickor-sma-leo-brun\/","title":{"rendered":"Mjukisbyxor &#8211; Dragkedjor vid fickor &#8211; Sm\u00e5 Leo &#8211; Brun"},"content":{"rendered":"<p style=\"text-align:;font-size:13px\">Leveranstid: 1 &#8211; 4 arbetsdagar<br \/>\nFraktkostnad: 39 SEK<br \/>\nReturkostnad: 39 SEK. Om du vill g\u00f6ra ett byte s\u00e5 st\u00e5r vi f\u00f6r returkostnaden om du anv\u00e4nder dig av v\u00e5r retursedel.<\/p>\n<p style=\"text-align: center\">Snygga mjukisbyxor med sm\u00e5 leo m\u00f6nster och dragkedjor!<\/p>\n<p style=\"text-align: center\">\u00c4r i mjukt stretchigt tyg. Har mudd l\u00e4ngst ner p\u00e5 benen.<\/p>\n<p><strong>F\u00e4rg:<\/strong> Brun\/Svart.<br \/>\n<strong>Material:<\/strong> 85% Polyamide, 15% Elasthan<br \/>\n<strong>Tv\u00e4ttr\u00e5d:<\/strong>: 40 grader<br \/>\n<strong>Storlek:<\/strong> OneSize, passar uppskattningsvis XS &#8211; XL<\/p>\n","protected":false},"excerpt":{"rendered":"<p>Leveranstid: 1 &#8211; 4 arbetsdagar Fraktkostnad: 39 SEK Returkostnad: 39 SEK. Om du vill g\u00f6ra ett byte s\u00e5 st\u00e5r vi f\u00f6r returkostnaden om du anv\u00e4nder dig av v\u00e5r retursedel. Snygga mjukisbyxor med sm\u00e5 leo m\u00f6nster och dragkedjor! \u00c4r i mjukt stretchigt tyg. Har mudd l\u00e4ngst ner p\u00e5 benen. F\u00e4rg: Brun\/Svart. Material: 85% Polyamide, 15% Elasthan [&hellip;]<\/p>\n","protected":false},"featured_media":0,"comment_status":"open","ping_status":"closed","template":"","meta":{"_acf_changed":false,"om_disable_all_campaigns":false},"product_brand":[],"product_cat":[15],"product_tag":[],"class_list":{"0":"post-46484","1":"product","2":"type-product","3":"status-publish","5":"product_cat-okategoriserad","7":"first","8":"outofstock","9":"taxable","10":"shipping-taxable","11":"purchasable","12":"product-type-variable"},"acf":[],"yoast_head":"<!-- This site is optimized with the Yoast SEO plugin v27.2 - https:\/\/yoast.com\/product\/yoast-seo-wordpress\/ -->\n<title>Mjukisbyxor - Dragkedjor vid fickor - Sm\u00e5 Leo - Brun - Fanny Michel<\/title>\n<meta name=\"robots\" content=\"index, follow, max-snippet:-1, max-image-preview:large, max-video-preview:-1\" \/>\n<link rel=\"canonical\" href=\"https:\/\/www.fannymichel.se\/fi\/mjukisbyxor-dragkedjor-vid-fickor-sma-leo-brun\/\" \/>\n<meta property=\"og:locale\" content=\"en_GB\" \/>\n<meta property=\"og:type\" content=\"article\" \/>\n<meta property=\"og:title\" content=\"Mjukisbyxor - Dragkedjor vid fickor - Sm\u00e5 Leo - Brun - Fanny Michel\" \/>\n<meta property=\"og:description\" content=\"Leveranstid: 1 &#8211; 4 arbetsdagar Fraktkostnad: 39 SEK Returkostnad: 39 SEK. Om du vill g\u00f6ra ett byte s\u00e5 st\u00e5r vi f\u00f6r returkostnaden om du anv\u00e4nder dig av v\u00e5r retursedel. Snygga mjukisbyxor med sm\u00e5 leo m\u00f6nster och dragkedjor! \u00c4r i mjukt stretchigt tyg. Har mudd l\u00e4ngst ner p\u00e5 benen. F\u00e4rg: Brun\/Svart. Material: 85% Polyamide, 15% Elasthan [&hellip;]\" \/>\n<meta property=\"og:url\" content=\"https:\/\/www.fannymichel.se\/fi\/mjukisbyxor-dragkedjor-vid-fickor-sma-leo-brun\/\" \/>\n<meta property=\"og:site_name\" content=\"Fanny Michel\" \/>\n<meta property=\"article:modified_time\" content=\"2024-06-24T17:54:06+00:00\" \/>\n<meta name=\"twitter:card\" content=\"summary_large_image\" \/>\n<script type=\"application\/ld+json\" class=\"yoast-schema-graph\">{\"@context\":\"https:\/\/schema.org\",\"@graph\":[{\"@type\":\"WebPage\",\"@id\":\"https:\/\/www.fannymichel.se\/fi\/mjukisbyxor-dragkedjor-vid-fickor-sma-leo-brun\/\",\"url\":\"https:\/\/www.fannymichel.se\/fi\/mjukisbyxor-dragkedjor-vid-fickor-sma-leo-brun\/\",\"name\":\"Mjukisbyxor - Dragkedjor vid fickor - Sm\u00e5 Leo - Brun - Fanny Michel\",\"isPartOf\":{\"@id\":\"https:\/\/www.fannymichel.se\/fi\/#website\"},\"datePublished\":\"2024-05-28T10:26:23+00:00\",\"dateModified\":\"2024-06-24T17:54:06+00:00\",\"breadcrumb\":{\"@id\":\"https:\/\/www.fannymichel.se\/fi\/mjukisbyxor-dragkedjor-vid-fickor-sma-leo-brun\/#breadcrumb\"},\"inLanguage\":\"en-GB\",\"potentialAction\":[{\"@type\":\"ReadAction\",\"target\":[\"https:\/\/www.fannymichel.se\/fi\/mjukisbyxor-dragkedjor-vid-fickor-sma-leo-brun\/\"]}]},{\"@type\":\"BreadcrumbList\",\"@id\":\"https:\/\/www.fannymichel.se\/fi\/mjukisbyxor-dragkedjor-vid-fickor-sma-leo-brun\/#breadcrumb\",\"itemListElement\":[{\"@type\":\"ListItem\",\"position\":1,\"name\":\"Hem\",\"item\":\"https:\/\/www.fannymichel.se\/fi\/\"},{\"@type\":\"ListItem\",\"position\":2,\"name\":\"Shop\",\"item\":\"https:\/\/www.fannymichel.se\/butik\/\"},{\"@type\":\"ListItem\",\"position\":3,\"name\":\"Mjukisbyxor &#8211; Dragkedjor vid fickor &#8211; Sm\u00e5 Leo &#8211; Brun\"}]},{\"@type\":\"WebSite\",\"@id\":\"https:\/\/www.fannymichel.se\/fi\/#website\",\"url\":\"https:\/\/www.fannymichel.se\/fi\/\",\"name\":\"Fanny Michel\",\"description\":\"\",\"potentialAction\":[{\"@type\":\"SearchAction\",\"target\":{\"@type\":\"EntryPoint\",\"urlTemplate\":\"https:\/\/www.fannymichel.se\/fi\/?s={search_term_string}\"},\"query-input\":{\"@type\":\"PropertyValueSpecification\",\"valueRequired\":true,\"valueName\":\"search_term_string\"}}],\"inLanguage\":\"en-GB\"}]}<\/script>\n<!-- \/ Yoast SEO plugin. -->","yoast_head_json":{"title":"Mjukisbyxor - Dragkedjor vid fickor - Sm\u00e5 Leo - Brun - Fanny Michel","robots":{"index":"index","follow":"follow","max-snippet":"max-snippet:-1","max-image-preview":"max-image-preview:large","max-video-preview":"max-video-preview:-1"},"canonical":"https:\/\/www.fannymichel.se\/fi\/mjukisbyxor-dragkedjor-vid-fickor-sma-leo-brun\/","og_locale":"en_GB","og_type":"article","og_title":"Mjukisbyxor - Dragkedjor vid fickor - Sm\u00e5 Leo - Brun - Fanny Michel","og_description":"Leveranstid: 1 &#8211; 4 arbetsdagar Fraktkostnad: 39 SEK Returkostnad: 39 SEK. Om du vill g\u00f6ra ett byte s\u00e5 st\u00e5r vi f\u00f6r returkostnaden om du anv\u00e4nder dig av v\u00e5r retursedel. Snygga mjukisbyxor med sm\u00e5 leo m\u00f6nster och dragkedjor! \u00c4r i mjukt stretchigt tyg. Har mudd l\u00e4ngst ner p\u00e5 benen. F\u00e4rg: Brun\/Svart. Material: 85% Polyamide, 15% Elasthan [&hellip;]","og_url":"https:\/\/www.fannymichel.se\/fi\/mjukisbyxor-dragkedjor-vid-fickor-sma-leo-brun\/","og_site_name":"Fanny Michel","article_modified_time":"2024-06-24T17:54:06+00:00","twitter_card":"summary_large_image","schema":{"@context":"https:\/\/schema.org","@graph":[{"@type":"WebPage","@id":"https:\/\/www.fannymichel.se\/fi\/mjukisbyxor-dragkedjor-vid-fickor-sma-leo-brun\/","url":"https:\/\/www.fannymichel.se\/fi\/mjukisbyxor-dragkedjor-vid-fickor-sma-leo-brun\/","name":"Mjukisbyxor - Dragkedjor vid fickor - Sm\u00e5 Leo - Brun - Fanny Michel","isPartOf":{"@id":"https:\/\/www.fannymichel.se\/fi\/#website"},"datePublished":"2024-05-28T10:26:23+00:00","dateModified":"2024-06-24T17:54:06+00:00","breadcrumb":{"@id":"https:\/\/www.fannymichel.se\/fi\/mjukisbyxor-dragkedjor-vid-fickor-sma-leo-brun\/#breadcrumb"},"inLanguage":"en-GB","potentialAction":[{"@type":"ReadAction","target":["https:\/\/www.fannymichel.se\/fi\/mjukisbyxor-dragkedjor-vid-fickor-sma-leo-brun\/"]}]},{"@type":"BreadcrumbList","@id":"https:\/\/www.fannymichel.se\/fi\/mjukisbyxor-dragkedjor-vid-fickor-sma-leo-brun\/#breadcrumb","itemListElement":[{"@type":"ListItem","position":1,"name":"Hem","item":"https:\/\/www.fannymichel.se\/fi\/"},{"@type":"ListItem","position":2,"name":"Shop","item":"https:\/\/www.fannymichel.se\/butik\/"},{"@type":"ListItem","position":3,"name":"Mjukisbyxor &#8211; Dragkedjor vid fickor &#8211; Sm\u00e5 Leo &#8211; Brun"}]},{"@type":"WebSite","@id":"https:\/\/www.fannymichel.se\/fi\/#website","url":"https:\/\/www.fannymichel.se\/fi\/","name":"Fanny Michel","description":"","potentialAction":[{"@type":"SearchAction","target":{"@type":"EntryPoint","urlTemplate":"https:\/\/www.fannymichel.se\/fi\/?s={search_term_string}"},"query-input":{"@type":"PropertyValueSpecification","valueRequired":true,"valueName":"search_term_string"}}],"inLanguage":"en-GB"}]}},"jetpack_sharing_enabled":true,"_links":{"self":[{"href":"https:\/\/www.fannymichel.se\/fi\/wp-json\/wp\/v2\/product\/46484","targetHints":{"allow":["GET"]}}],"collection":[{"href":"https:\/\/www.fannymichel.se\/fi\/wp-json\/wp\/v2\/product"}],"about":[{"href":"https:\/\/www.fannymichel.se\/fi\/wp-json\/wp\/v2\/types\/product"}],"replies":[{"embeddable":true,"href":"https:\/\/www.fannymichel.se\/fi\/wp-json\/wp\/v2\/comments?post=46484"}],"wp:attachment":[{"href":"https:\/\/www.fannymichel.se\/fi\/wp-json\/wp\/v2\/media?parent=46484"}],"wp:term":[{"taxonomy":"product_brand","embeddable":true,"href":"https:\/\/www.fannymichel.se\/fi\/wp-json\/wp\/v2\/product_brand?post=46484"},{"taxonomy":"product_cat","embeddable":true,"href":"https:\/\/www.fannymichel.se\/fi\/wp-json\/wp\/v2\/product_cat?post=46484"},{"taxonomy":"product_tag","embeddable":true,"href":"https:\/\/www.fannymichel.se\/fi\/wp-json\/wp\/v2\/product_tag?post=46484"}],"curies":[{"name":"wp","href":"https:\/\/api.w.org\/{rel}","templated":true}]}}