{"id":43526,"date":"2026-04-15T11:56:36","date_gmt":"2026-04-15T09:56:36","guid":{"rendered":"https:\/\/fannymichel.vivamedia.dev\/produkt\/three-quarter-jeans-1233-zipper-denim\/"},"modified":"2026-04-28T15:39:30","modified_gmt":"2026-04-28T13:39:30","slug":"three-quarter-jeans-1233-zipper-denim","status":"publish","type":"product","link":"https:\/\/www.fannymichel.se\/fi\/three-quarter-jeans-1233-zipper-denim\/","title":{"rendered":"Three-quarter jeans 1233 &#8211; Zipper &#8211; Denim"},"content":{"rendered":"<p>Soft and nice three-quarter jeans!<\/p>\n<p \/>\n<strong>Measurement of the sizes:<\/strong><\/p>\n<p \/>\n<strong>XS\/34<\/strong><\/p>\n<p \/>\n\u2022 Waist: ca 68 cm <\/p>\n<p \/>\n\u2022 Inner leg length: 59 cm<\/p>\n<p \/>\n\u2022 Waist height: ca 24 cm<\/p>\n<p \/>\n<strong>S\/36<\/strong><\/p>\n<p \/>\n\u2022 Waist: ca 72 cm <\/p>\n<p \/>\n\u2022 Inner leg length: 59 cm<\/p>\n<p \/>\n\u2022 Waist height: ca 24 cm<\/p>\n<p \/>\n<strong>M\/38<\/strong><\/p>\n<p \/>\n\u2022 Waist: ca 74 cm <\/p>\n<p \/>\n\u2022 Inner leg length: 59 cm<\/p>\n<p \/>\n\u2022 Waist height: ca 26 cm<\/p>\n<p \/>\n<strong>L\/40<\/strong><\/p>\n<p \/>\n\u2022 Waist: ca 76 cm<\/p>\n<p \/>\n\u2022 Inner leg length: 60 cm<\/p>\n<p \/>\n\u2022 Waist height: ca 26 cm.<\/p>\n<p \/>\n<strong>XL\/42<\/strong><\/p>\n<p \/>\n\u2022 Waist: ca 82 cm <\/p>\n<p \/>\n\u2022 Inner leg length: 60 cm<\/p>\n<p \/>\n\u2022 Waist height: ca 26 cm<\/p>\n<p \/>\n<strong>XXL\/44<\/strong><\/p>\n<p \/>\n\u2022 Waist: ca 88 cm <\/p>\n<p \/>\n\u2022 Inner leg length: 60 cm<\/p>\n<p \/>\n\u2022 Waist height: ca 26 cm<\/p>\n<p \/>\n&#8212;&#8212;&#8212;&#8212;&#8212;&#8212;&#8212;&#8212;&#8212;&#8212;&#8212;&#8212;&#8212;&#8212;&#8212;&#8212;&#8212;&#8212;&#8212;&#8212;&#8212;&#8212;&#8212;&#8212;<\/p>\n<p \/>\nThe model wears XS\/34 and is approximately 163 cm long.<\/p>\n<p \/>\nThe jeans are more big than small in size.<\/p>\n<p \/>\nRead more info under specifications.<\/p>\n<p \/>\n&#8212;&#8212;&#8212;&#8212;&#8212;&#8212;&#8212;&#8212;&#8212;&#8212;&#8212;&#8212;&#8212;&#8212;&#8212;&#8212;&#8212;&#8212;&#8212;&#8212;&#8212;&#8212;&#8212;&#8212;<\/p>\n<p \/>\n<p \/>\nReturn cost: 9,9 Euro<\/p>\n","protected":false},"excerpt":{"rendered":"<p>Soft and nice three-quarter jeans! Measurement of the sizes: XS\/34 \u2022 Waist: ca 68 cm \u2022 Inner leg length: 59 cm \u2022 Waist height: ca 24 cm S\/36 \u2022 Waist: ca 72 cm \u2022 Inner leg length: 59 cm \u2022 Waist height: ca 24 cm M\/38 \u2022 Waist: ca 74 cm \u2022 Inner leg length: [&hellip;]<\/p>\n","protected":false},"featured_media":45704,"comment_status":"open","ping_status":"closed","template":"","meta":{"_acf_changed":false,"om_disable_all_campaigns":false},"product_brand":[],"product_cat":[516,54,573,581],"product_tag":[],"class_list":{"0":"post-43526","1":"product","2":"type-product","3":"status-publish","4":"has-post-thumbnail","6":"product_cat-bestseller","7":"product_cat-news","8":"product_cat-shorts-three-quarters","9":"product_cat-three-quarter-pants","11":"first","12":"instock","13":"taxable","14":"shipping-taxable","15":"purchasable","16":"product-type-variable"},"acf":[],"yoast_head":"<!-- This site is optimized with the Yoast SEO plugin v27.5 - https:\/\/yoast.com\/product\/yoast-seo-wordpress\/ -->\n<title>Three-quarter jeans 1233 - Zipper - Denim - Fanny Michel<\/title>\n<meta name=\"robots\" content=\"index, follow, max-snippet:-1, max-image-preview:large, max-video-preview:-1\" \/>\n<link rel=\"canonical\" href=\"https:\/\/www.fannymichel.se\/fi\/three-quarter-jeans-1233-zipper-denim\/\" \/>\n<meta property=\"og:locale\" content=\"en_GB\" \/>\n<meta property=\"og:type\" content=\"article\" \/>\n<meta property=\"og:title\" content=\"Three-quarter jeans 1233 - Zipper - Denim - Fanny Michel\" \/>\n<meta property=\"og:description\" content=\"Soft and nice three-quarter jeans! Measurement of the sizes: XS\/34 \u2022 Waist: ca 68 cm \u2022 Inner leg length: 59 cm \u2022 Waist height: ca 24 cm S\/36 \u2022 Waist: ca 72 cm \u2022 Inner leg length: 59 cm \u2022 Waist height: ca 24 cm M\/38 \u2022 Waist: ca 74 cm \u2022 Inner leg length: [&hellip;]\" \/>\n<meta property=\"og:url\" content=\"https:\/\/www.fannymichel.se\/fi\/three-quarter-jeans-1233-zipper-denim\/\" \/>\n<meta property=\"og:site_name\" content=\"Fanny Michel\" \/>\n<meta property=\"article:modified_time\" content=\"2026-04-28T13:39:30+00:00\" \/>\n<meta property=\"og:image\" content=\"https:\/\/www.fannymichel.fi\/wp-content\/uploads\/2024\/05\/trekvartsjeans-1233-dragkedja-denim-3.jpg\" \/>\n\t<meta property=\"og:image:width\" content=\"1000\" \/>\n\t<meta property=\"og:image:height\" content=\"1500\" \/>\n\t<meta property=\"og:image:type\" content=\"image\/jpeg\" \/>\n<meta name=\"twitter:card\" content=\"summary_large_image\" \/>\n<meta name=\"twitter:label1\" content=\"Estimated reading time\" \/>\n\t<meta name=\"twitter:data1\" content=\"1 minute\" \/>\n<script type=\"application\/ld+json\" class=\"yoast-schema-graph\">{\"@context\":\"https:\\\/\\\/schema.org\",\"@graph\":[{\"@type\":\"WebPage\",\"@id\":\"https:\\\/\\\/www.fannymichel.se\\\/fi\\\/three-quarter-jeans-1233-zipper-denim\\\/\",\"url\":\"https:\\\/\\\/www.fannymichel.se\\\/fi\\\/three-quarter-jeans-1233-zipper-denim\\\/\",\"name\":\"Three-quarter jeans 1233 - Zipper - Denim - Fanny Michel\",\"isPartOf\":{\"@id\":\"https:\\\/\\\/www.fannymichel.se\\\/fi\\\/#website\"},\"primaryImageOfPage\":{\"@id\":\"https:\\\/\\\/www.fannymichel.se\\\/fi\\\/three-quarter-jeans-1233-zipper-denim\\\/#primaryimage\"},\"image\":{\"@id\":\"https:\\\/\\\/www.fannymichel.se\\\/fi\\\/three-quarter-jeans-1233-zipper-denim\\\/#primaryimage\"},\"thumbnailUrl\":\"https:\\\/\\\/www.fannymichel.se\\\/wp-content\\\/uploads\\\/2024\\\/05\\\/trekvartsjeans-1233-dragkedja-denim-3.jpg\",\"datePublished\":\"2026-04-15T09:56:36+00:00\",\"dateModified\":\"2026-04-28T13:39:30+00:00\",\"breadcrumb\":{\"@id\":\"https:\\\/\\\/www.fannymichel.se\\\/fi\\\/three-quarter-jeans-1233-zipper-denim\\\/#breadcrumb\"},\"inLanguage\":\"en-GB\",\"potentialAction\":[{\"@type\":\"ReadAction\",\"target\":[\"https:\\\/\\\/www.fannymichel.se\\\/fi\\\/three-quarter-jeans-1233-zipper-denim\\\/\"]}]},{\"@type\":\"ImageObject\",\"inLanguage\":\"en-GB\",\"@id\":\"https:\\\/\\\/www.fannymichel.se\\\/fi\\\/three-quarter-jeans-1233-zipper-denim\\\/#primaryimage\",\"url\":\"https:\\\/\\\/www.fannymichel.se\\\/wp-content\\\/uploads\\\/2024\\\/05\\\/trekvartsjeans-1233-dragkedja-denim-3.jpg\",\"contentUrl\":\"https:\\\/\\\/www.fannymichel.se\\\/wp-content\\\/uploads\\\/2024\\\/05\\\/trekvartsjeans-1233-dragkedja-denim-3.jpg\",\"width\":1000,\"height\":1500,\"caption\":\"Henkil\u00f6 k\u00e4velee mukulakivikadulla ja esittelee vaaleansiniset 3\\\/4-farkut, lahkeet k\u00e4\u00e4nnettyin\u00e4. Toisessa k\u00e4dess\u00e4 k\u00e4si taskussa, jalassa valkoiset tennarit; taustalla kahvilan ulkopenkki ja kyltti \u201cESPRESSO HOUSE\u201d.\"},{\"@type\":\"BreadcrumbList\",\"@id\":\"https:\\\/\\\/www.fannymichel.se\\\/fi\\\/three-quarter-jeans-1233-zipper-denim\\\/#breadcrumb\",\"itemListElement\":[{\"@type\":\"ListItem\",\"position\":1,\"name\":\"Hem\",\"item\":\"https:\\\/\\\/www.fannymichel.se\\\/fi\\\/\"},{\"@type\":\"ListItem\",\"position\":2,\"name\":\"Shop\",\"item\":\"https:\\\/\\\/www.fannymichel.se\\\/butik\\\/\"},{\"@type\":\"ListItem\",\"position\":3,\"name\":\"Three-quarter jeans 1233 &#8211; Zipper &#8211; Denim\"}]},{\"@type\":\"WebSite\",\"@id\":\"https:\\\/\\\/www.fannymichel.se\\\/fi\\\/#website\",\"url\":\"https:\\\/\\\/www.fannymichel.se\\\/fi\\\/\",\"name\":\"Fanny Michel\",\"description\":\"\",\"potentialAction\":[{\"@type\":\"SearchAction\",\"target\":{\"@type\":\"EntryPoint\",\"urlTemplate\":\"https:\\\/\\\/www.fannymichel.se\\\/fi\\\/?s={search_term_string}\"},\"query-input\":{\"@type\":\"PropertyValueSpecification\",\"valueRequired\":true,\"valueName\":\"search_term_string\"}}],\"inLanguage\":\"en-GB\"}]}<\/script>\n<!-- \/ Yoast SEO plugin. -->","yoast_head_json":{"title":"Three-quarter jeans 1233 - Zipper - Denim - Fanny Michel","robots":{"index":"index","follow":"follow","max-snippet":"max-snippet:-1","max-image-preview":"max-image-preview:large","max-video-preview":"max-video-preview:-1"},"canonical":"https:\/\/www.fannymichel.se\/fi\/three-quarter-jeans-1233-zipper-denim\/","og_locale":"en_GB","og_type":"article","og_title":"Three-quarter jeans 1233 - Zipper - Denim - Fanny Michel","og_description":"Soft and nice three-quarter jeans! Measurement of the sizes: XS\/34 \u2022 Waist: ca 68 cm \u2022 Inner leg length: 59 cm \u2022 Waist height: ca 24 cm S\/36 \u2022 Waist: ca 72 cm \u2022 Inner leg length: 59 cm \u2022 Waist height: ca 24 cm M\/38 \u2022 Waist: ca 74 cm \u2022 Inner leg length: [&hellip;]","og_url":"https:\/\/www.fannymichel.se\/fi\/three-quarter-jeans-1233-zipper-denim\/","og_site_name":"Fanny Michel","article_modified_time":"2026-04-28T13:39:30+00:00","og_image":[{"width":1000,"height":1500,"url":"https:\/\/www.fannymichel.fi\/wp-content\/uploads\/2024\/05\/trekvartsjeans-1233-dragkedja-denim-3.jpg","type":"image\/jpeg"}],"twitter_card":"summary_large_image","twitter_misc":{"Estimated reading time":"1 minute"},"schema":{"@context":"https:\/\/schema.org","@graph":[{"@type":"WebPage","@id":"https:\/\/www.fannymichel.se\/fi\/three-quarter-jeans-1233-zipper-denim\/","url":"https:\/\/www.fannymichel.se\/fi\/three-quarter-jeans-1233-zipper-denim\/","name":"Three-quarter jeans 1233 - Zipper - Denim - Fanny Michel","isPartOf":{"@id":"https:\/\/www.fannymichel.se\/fi\/#website"},"primaryImageOfPage":{"@id":"https:\/\/www.fannymichel.se\/fi\/three-quarter-jeans-1233-zipper-denim\/#primaryimage"},"image":{"@id":"https:\/\/www.fannymichel.se\/fi\/three-quarter-jeans-1233-zipper-denim\/#primaryimage"},"thumbnailUrl":"https:\/\/www.fannymichel.se\/wp-content\/uploads\/2024\/05\/trekvartsjeans-1233-dragkedja-denim-3.jpg","datePublished":"2026-04-15T09:56:36+00:00","dateModified":"2026-04-28T13:39:30+00:00","breadcrumb":{"@id":"https:\/\/www.fannymichel.se\/fi\/three-quarter-jeans-1233-zipper-denim\/#breadcrumb"},"inLanguage":"en-GB","potentialAction":[{"@type":"ReadAction","target":["https:\/\/www.fannymichel.se\/fi\/three-quarter-jeans-1233-zipper-denim\/"]}]},{"@type":"ImageObject","inLanguage":"en-GB","@id":"https:\/\/www.fannymichel.se\/fi\/three-quarter-jeans-1233-zipper-denim\/#primaryimage","url":"https:\/\/www.fannymichel.se\/wp-content\/uploads\/2024\/05\/trekvartsjeans-1233-dragkedja-denim-3.jpg","contentUrl":"https:\/\/www.fannymichel.se\/wp-content\/uploads\/2024\/05\/trekvartsjeans-1233-dragkedja-denim-3.jpg","width":1000,"height":1500,"caption":"Henkil\u00f6 k\u00e4velee mukulakivikadulla ja esittelee vaaleansiniset 3\/4-farkut, lahkeet k\u00e4\u00e4nnettyin\u00e4. Toisessa k\u00e4dess\u00e4 k\u00e4si taskussa, jalassa valkoiset tennarit; taustalla kahvilan ulkopenkki ja kyltti \u201cESPRESSO HOUSE\u201d."},{"@type":"BreadcrumbList","@id":"https:\/\/www.fannymichel.se\/fi\/three-quarter-jeans-1233-zipper-denim\/#breadcrumb","itemListElement":[{"@type":"ListItem","position":1,"name":"Hem","item":"https:\/\/www.fannymichel.se\/fi\/"},{"@type":"ListItem","position":2,"name":"Shop","item":"https:\/\/www.fannymichel.se\/butik\/"},{"@type":"ListItem","position":3,"name":"Three-quarter jeans 1233 &#8211; Zipper &#8211; Denim"}]},{"@type":"WebSite","@id":"https:\/\/www.fannymichel.se\/fi\/#website","url":"https:\/\/www.fannymichel.se\/fi\/","name":"Fanny Michel","description":"","potentialAction":[{"@type":"SearchAction","target":{"@type":"EntryPoint","urlTemplate":"https:\/\/www.fannymichel.se\/fi\/?s={search_term_string}"},"query-input":{"@type":"PropertyValueSpecification","valueRequired":true,"valueName":"search_term_string"}}],"inLanguage":"en-GB"}]}},"jetpack_sharing_enabled":true,"_links":{"self":[{"href":"https:\/\/www.fannymichel.se\/fi\/wp-json\/wp\/v2\/product\/43526","targetHints":{"allow":["GET"]}}],"collection":[{"href":"https:\/\/www.fannymichel.se\/fi\/wp-json\/wp\/v2\/product"}],"about":[{"href":"https:\/\/www.fannymichel.se\/fi\/wp-json\/wp\/v2\/types\/product"}],"replies":[{"embeddable":true,"href":"https:\/\/www.fannymichel.se\/fi\/wp-json\/wp\/v2\/comments?post=43526"}],"wp:featuredmedia":[{"embeddable":true,"href":"https:\/\/www.fannymichel.se\/fi\/wp-json\/wp\/v2\/media\/45704"}],"wp:attachment":[{"href":"https:\/\/www.fannymichel.se\/fi\/wp-json\/wp\/v2\/media?parent=43526"}],"wp:term":[{"taxonomy":"product_brand","embeddable":true,"href":"https:\/\/www.fannymichel.se\/fi\/wp-json\/wp\/v2\/product_brand?post=43526"},{"taxonomy":"product_cat","embeddable":true,"href":"https:\/\/www.fannymichel.se\/fi\/wp-json\/wp\/v2\/product_cat?post=43526"},{"taxonomy":"product_tag","embeddable":true,"href":"https:\/\/www.fannymichel.se\/fi\/wp-json\/wp\/v2\/product_tag?post=43526"}],"curies":[{"name":"wp","href":"https:\/\/api.w.org\/{rel}","templated":true}]}}