{"id":39952,"date":"2026-04-23T12:03:57","date_gmt":"2026-04-23T10:03:57","guid":{"rendered":"https:\/\/fannymichel.vivamedia.dev\/produkt\/three-quarter-pants-1905-gold-buttons-black\/"},"modified":"2026-04-24T14:25:48","modified_gmt":"2026-04-24T12:25:48","slug":"three-quarter-pants-1905-gold-buttons-black","status":"publish","type":"product","link":"https:\/\/www.fannymichel.se\/fi\/three-quarter-pants-1905-gold-buttons-black\/","title":{"rendered":"Three Quarter Pants 1905 &#8211; Gold Buttons &#8211; Black"},"content":{"rendered":"<p>Stylish three-quarter length trousers with golden buttons!<\/p>\n<p \/>\n<strong>Measurements of the sizes:<\/strong><\/p>\n<p \/>\n<strong>XS\/34<\/strong><\/p>\n<p \/>\n\u2022 Waist measurement: approx. 70 cm<\/p>\n<p \/>\n\u2022 Leg inner length: approx. 56 cm.<\/p>\n<p \/>\n\u2022 Waist height, (Waist to crotch.): approx. 24 cm.<\/p>\n<p \/>\n<strong>S\/36<\/strong><\/p>\n<p \/>\n\u2022 Waist measurement: approx. 74 cm<\/p>\n<p \/>\n\u2022 Leg inner length: approx. 56 cm.<\/p>\n<p \/>\n\u2022 Waist height, (Waist to crotch.): approx. 25 cm.<\/p>\n<p \/>\n<strong>M\/38<\/strong><\/p>\n<p \/>\n\u2022 Waist measurement: approx. 80 cm<\/p>\n<p \/>\n\u2022 Leg inner length: approx. 56 cm.<\/p>\n<p \/>\n\u2022 Waist height, (Waist to crotch.): approx. 24 cm.<\/p>\n<p \/>\n<strong>L\/40<\/strong><\/p>\n<p \/>\n\u2022 Waist measurement: approx. 84 cm<\/p>\n<p \/>\n\u2022 Leg inner length: approx. 56 cm.<\/p>\n<p \/>\n\u2022 Waist height, (Waist to crotch.): approx. 26 cm.<\/p>\n<p \/>\n<strong>XL\/42<\/strong><\/p>\n<p \/>\n\u2022 Waist measurement: approx. 88 cm<\/p>\n<p \/>\n\u2022 Leg inner length: approx. 55 cm.<\/p>\n<p \/>\n\u2022 Waist height, (Waist to crotch.): approx. 26 cm.<\/p>\n<p \/>\n&#8212;&#8212;&#8212;&#8212;&#8212;&#8212;&#8212;&#8212;&#8212;&#8212;&#8212;&#8212;&#8212;&#8212;&#8212;&#8212;&#8211; &#8212;&#8212;&#8212;&#8212;&#8212;&#8212;&#8212;<\/p>\n<p \/>\nXS\/34 &#8211; XL\/42, more large than small in size.<\/p>\n<p \/>\nRead more under specifications.<\/p>\n<p \/>\n","protected":false},"excerpt":{"rendered":"<p>Stylish three-quarter length trousers with golden buttons! Measurements of the sizes: XS\/34 \u2022 Waist measurement: approx. 70 cm \u2022 Leg inner length: approx. 56 cm. \u2022 Waist height, (Waist to crotch.): approx. 24 cm. S\/36 \u2022 Waist measurement: approx. 74 cm \u2022 Leg inner length: approx. 56 cm. \u2022 Waist height, (Waist to crotch.): approx. [&hellip;]<\/p>\n","protected":false},"featured_media":73027,"comment_status":"open","ping_status":"closed","template":"","meta":{"_acf_changed":false,"om_disable_all_campaigns":false},"product_brand":[],"product_cat":[520,54,573,581],"product_tag":[],"class_list":{"0":"post-39952","1":"product","2":"type-product","3":"status-publish","4":"has-post-thumbnail","6":"product_cat-jeans-pants","7":"product_cat-news","8":"product_cat-shorts-three-quarters","9":"product_cat-three-quarter-pants","11":"first","12":"instock","13":"taxable","14":"shipping-taxable","15":"purchasable","16":"product-type-variable"},"acf":[],"yoast_head":"<!-- This site is optimized with the Yoast SEO plugin v27.5 - https:\/\/yoast.com\/product\/yoast-seo-wordpress\/ -->\n<title>Three Quarter Pants 1905 - Gold Buttons - Black - Fanny Michel<\/title>\n<meta name=\"robots\" content=\"index, follow, max-snippet:-1, max-image-preview:large, max-video-preview:-1\" \/>\n<link rel=\"canonical\" href=\"https:\/\/www.fannymichel.se\/fi\/three-quarter-pants-1905-gold-buttons-black\/\" \/>\n<meta property=\"og:locale\" content=\"en_GB\" \/>\n<meta property=\"og:type\" content=\"article\" \/>\n<meta property=\"og:title\" content=\"Three Quarter Pants 1905 - Gold Buttons - Black - Fanny Michel\" \/>\n<meta property=\"og:description\" content=\"Stylish three-quarter length trousers with golden buttons! Measurements of the sizes: XS\/34 \u2022 Waist measurement: approx. 70 cm \u2022 Leg inner length: approx. 56 cm. \u2022 Waist height, (Waist to crotch.): approx. 24 cm. S\/36 \u2022 Waist measurement: approx. 74 cm \u2022 Leg inner length: approx. 56 cm. \u2022 Waist height, (Waist to crotch.): approx. [&hellip;]\" \/>\n<meta property=\"og:url\" content=\"https:\/\/www.fannymichel.se\/fi\/three-quarter-pants-1905-gold-buttons-black\/\" \/>\n<meta property=\"og:site_name\" content=\"Fanny Michel\" \/>\n<meta property=\"article:modified_time\" content=\"2026-04-24T12:25:48+00:00\" \/>\n<meta property=\"og:image\" content=\"https:\/\/www.fannymichel.se\/wp-content\/uploads\/2024\/05\/trekvartsbyxor-1905-guldknappar-svart-f.jpg\" \/>\n\t<meta property=\"og:image:width\" content=\"1000\" \/>\n\t<meta property=\"og:image:height\" content=\"1500\" \/>\n\t<meta property=\"og:image:type\" content=\"image\/jpeg\" \/>\n<meta name=\"twitter:card\" content=\"summary_large_image\" \/>\n<meta name=\"twitter:label1\" content=\"Estimated reading time\" \/>\n\t<meta name=\"twitter:data1\" content=\"1 minute\" \/>\n<script type=\"application\/ld+json\" class=\"yoast-schema-graph\">{\"@context\":\"https:\\\/\\\/schema.org\",\"@graph\":[{\"@type\":\"WebPage\",\"@id\":\"https:\\\/\\\/www.fannymichel.se\\\/fi\\\/three-quarter-pants-1905-gold-buttons-black\\\/\",\"url\":\"https:\\\/\\\/www.fannymichel.se\\\/fi\\\/three-quarter-pants-1905-gold-buttons-black\\\/\",\"name\":\"Three Quarter Pants 1905 - Gold Buttons - Black - Fanny Michel\",\"isPartOf\":{\"@id\":\"https:\\\/\\\/www.fannymichel.se\\\/fi\\\/#website\"},\"primaryImageOfPage\":{\"@id\":\"https:\\\/\\\/www.fannymichel.se\\\/fi\\\/three-quarter-pants-1905-gold-buttons-black\\\/#primaryimage\"},\"image\":{\"@id\":\"https:\\\/\\\/www.fannymichel.se\\\/fi\\\/three-quarter-pants-1905-gold-buttons-black\\\/#primaryimage\"},\"thumbnailUrl\":\"https:\\\/\\\/www.fannymichel.se\\\/wp-content\\\/uploads\\\/2024\\\/05\\\/trekvartsbyxor-1905-guldknappar-svart-f.jpg\",\"datePublished\":\"2026-04-23T10:03:57+00:00\",\"dateModified\":\"2026-04-24T12:25:48+00:00\",\"breadcrumb\":{\"@id\":\"https:\\\/\\\/www.fannymichel.se\\\/fi\\\/three-quarter-pants-1905-gold-buttons-black\\\/#breadcrumb\"},\"inLanguage\":\"en-GB\",\"potentialAction\":[{\"@type\":\"ReadAction\",\"target\":[\"https:\\\/\\\/www.fannymichel.se\\\/fi\\\/three-quarter-pants-1905-gold-buttons-black\\\/\"]}]},{\"@type\":\"ImageObject\",\"inLanguage\":\"en-GB\",\"@id\":\"https:\\\/\\\/www.fannymichel.se\\\/fi\\\/three-quarter-pants-1905-gold-buttons-black\\\/#primaryimage\",\"url\":\"https:\\\/\\\/www.fannymichel.se\\\/wp-content\\\/uploads\\\/2024\\\/05\\\/trekvartsbyxor-1905-guldknappar-svart-f.jpg\",\"contentUrl\":\"https:\\\/\\\/www.fannymichel.se\\\/wp-content\\\/uploads\\\/2024\\\/05\\\/trekvartsbyxor-1905-guldknappar-svart-f.jpg\",\"width\":1000,\"height\":1500,\"caption\":\"Henkil\u00f6 seisoo siniset metallisein\u00e4\u00e4 vasten ja esittelee tummat, vartalonmy\u00f6t\u00e4iset trekvartsihousut. Edess\u00e4 viisi n\u00e4ytt\u00e4v\u00e4\u00e4 kullanv\u00e4rist\u00e4 nappia, taskut ja rypytetyt lahkeet. Valkoinen toppi ja valkoiset tennarit t\u00e4ydent\u00e4v\u00e4t asun.\"},{\"@type\":\"BreadcrumbList\",\"@id\":\"https:\\\/\\\/www.fannymichel.se\\\/fi\\\/three-quarter-pants-1905-gold-buttons-black\\\/#breadcrumb\",\"itemListElement\":[{\"@type\":\"ListItem\",\"position\":1,\"name\":\"Hem\",\"item\":\"https:\\\/\\\/www.fannymichel.se\\\/fi\\\/\"},{\"@type\":\"ListItem\",\"position\":2,\"name\":\"Shop\",\"item\":\"https:\\\/\\\/www.fannymichel.se\\\/butik\\\/\"},{\"@type\":\"ListItem\",\"position\":3,\"name\":\"Three Quarter Pants 1905 &#8211; Gold Buttons &#8211; Black\"}]},{\"@type\":\"WebSite\",\"@id\":\"https:\\\/\\\/www.fannymichel.se\\\/fi\\\/#website\",\"url\":\"https:\\\/\\\/www.fannymichel.se\\\/fi\\\/\",\"name\":\"Fanny Michel\",\"description\":\"\",\"potentialAction\":[{\"@type\":\"SearchAction\",\"target\":{\"@type\":\"EntryPoint\",\"urlTemplate\":\"https:\\\/\\\/www.fannymichel.se\\\/fi\\\/?s={search_term_string}\"},\"query-input\":{\"@type\":\"PropertyValueSpecification\",\"valueRequired\":true,\"valueName\":\"search_term_string\"}}],\"inLanguage\":\"en-GB\"}]}<\/script>\n<!-- \/ Yoast SEO plugin. -->","yoast_head_json":{"title":"Three Quarter Pants 1905 - Gold Buttons - Black - Fanny Michel","robots":{"index":"index","follow":"follow","max-snippet":"max-snippet:-1","max-image-preview":"max-image-preview:large","max-video-preview":"max-video-preview:-1"},"canonical":"https:\/\/www.fannymichel.se\/fi\/three-quarter-pants-1905-gold-buttons-black\/","og_locale":"en_GB","og_type":"article","og_title":"Three Quarter Pants 1905 - Gold Buttons - Black - Fanny Michel","og_description":"Stylish three-quarter length trousers with golden buttons! Measurements of the sizes: XS\/34 \u2022 Waist measurement: approx. 70 cm \u2022 Leg inner length: approx. 56 cm. \u2022 Waist height, (Waist to crotch.): approx. 24 cm. S\/36 \u2022 Waist measurement: approx. 74 cm \u2022 Leg inner length: approx. 56 cm. \u2022 Waist height, (Waist to crotch.): approx. [&hellip;]","og_url":"https:\/\/www.fannymichel.se\/fi\/three-quarter-pants-1905-gold-buttons-black\/","og_site_name":"Fanny Michel","article_modified_time":"2026-04-24T12:25:48+00:00","og_image":[{"width":1000,"height":1500,"url":"https:\/\/www.fannymichel.se\/wp-content\/uploads\/2024\/05\/trekvartsbyxor-1905-guldknappar-svart-f.jpg","type":"image\/jpeg"}],"twitter_card":"summary_large_image","twitter_misc":{"Estimated reading time":"1 minute"},"schema":{"@context":"https:\/\/schema.org","@graph":[{"@type":"WebPage","@id":"https:\/\/www.fannymichel.se\/fi\/three-quarter-pants-1905-gold-buttons-black\/","url":"https:\/\/www.fannymichel.se\/fi\/three-quarter-pants-1905-gold-buttons-black\/","name":"Three Quarter Pants 1905 - Gold Buttons - Black - Fanny Michel","isPartOf":{"@id":"https:\/\/www.fannymichel.se\/fi\/#website"},"primaryImageOfPage":{"@id":"https:\/\/www.fannymichel.se\/fi\/three-quarter-pants-1905-gold-buttons-black\/#primaryimage"},"image":{"@id":"https:\/\/www.fannymichel.se\/fi\/three-quarter-pants-1905-gold-buttons-black\/#primaryimage"},"thumbnailUrl":"https:\/\/www.fannymichel.se\/wp-content\/uploads\/2024\/05\/trekvartsbyxor-1905-guldknappar-svart-f.jpg","datePublished":"2026-04-23T10:03:57+00:00","dateModified":"2026-04-24T12:25:48+00:00","breadcrumb":{"@id":"https:\/\/www.fannymichel.se\/fi\/three-quarter-pants-1905-gold-buttons-black\/#breadcrumb"},"inLanguage":"en-GB","potentialAction":[{"@type":"ReadAction","target":["https:\/\/www.fannymichel.se\/fi\/three-quarter-pants-1905-gold-buttons-black\/"]}]},{"@type":"ImageObject","inLanguage":"en-GB","@id":"https:\/\/www.fannymichel.se\/fi\/three-quarter-pants-1905-gold-buttons-black\/#primaryimage","url":"https:\/\/www.fannymichel.se\/wp-content\/uploads\/2024\/05\/trekvartsbyxor-1905-guldknappar-svart-f.jpg","contentUrl":"https:\/\/www.fannymichel.se\/wp-content\/uploads\/2024\/05\/trekvartsbyxor-1905-guldknappar-svart-f.jpg","width":1000,"height":1500,"caption":"Henkil\u00f6 seisoo siniset metallisein\u00e4\u00e4 vasten ja esittelee tummat, vartalonmy\u00f6t\u00e4iset trekvartsihousut. Edess\u00e4 viisi n\u00e4ytt\u00e4v\u00e4\u00e4 kullanv\u00e4rist\u00e4 nappia, taskut ja rypytetyt lahkeet. Valkoinen toppi ja valkoiset tennarit t\u00e4ydent\u00e4v\u00e4t asun."},{"@type":"BreadcrumbList","@id":"https:\/\/www.fannymichel.se\/fi\/three-quarter-pants-1905-gold-buttons-black\/#breadcrumb","itemListElement":[{"@type":"ListItem","position":1,"name":"Hem","item":"https:\/\/www.fannymichel.se\/fi\/"},{"@type":"ListItem","position":2,"name":"Shop","item":"https:\/\/www.fannymichel.se\/butik\/"},{"@type":"ListItem","position":3,"name":"Three Quarter Pants 1905 &#8211; Gold Buttons &#8211; Black"}]},{"@type":"WebSite","@id":"https:\/\/www.fannymichel.se\/fi\/#website","url":"https:\/\/www.fannymichel.se\/fi\/","name":"Fanny Michel","description":"","potentialAction":[{"@type":"SearchAction","target":{"@type":"EntryPoint","urlTemplate":"https:\/\/www.fannymichel.se\/fi\/?s={search_term_string}"},"query-input":{"@type":"PropertyValueSpecification","valueRequired":true,"valueName":"search_term_string"}}],"inLanguage":"en-GB"}]}},"jetpack_sharing_enabled":true,"_links":{"self":[{"href":"https:\/\/www.fannymichel.se\/fi\/wp-json\/wp\/v2\/product\/39952","targetHints":{"allow":["GET"]}}],"collection":[{"href":"https:\/\/www.fannymichel.se\/fi\/wp-json\/wp\/v2\/product"}],"about":[{"href":"https:\/\/www.fannymichel.se\/fi\/wp-json\/wp\/v2\/types\/product"}],"replies":[{"embeddable":true,"href":"https:\/\/www.fannymichel.se\/fi\/wp-json\/wp\/v2\/comments?post=39952"}],"wp:featuredmedia":[{"embeddable":true,"href":"https:\/\/www.fannymichel.se\/fi\/wp-json\/wp\/v2\/media\/73027"}],"wp:attachment":[{"href":"https:\/\/www.fannymichel.se\/fi\/wp-json\/wp\/v2\/media?parent=39952"}],"wp:term":[{"taxonomy":"product_brand","embeddable":true,"href":"https:\/\/www.fannymichel.se\/fi\/wp-json\/wp\/v2\/product_brand?post=39952"},{"taxonomy":"product_cat","embeddable":true,"href":"https:\/\/www.fannymichel.se\/fi\/wp-json\/wp\/v2\/product_cat?post=39952"},{"taxonomy":"product_tag","embeddable":true,"href":"https:\/\/www.fannymichel.se\/fi\/wp-json\/wp\/v2\/product_tag?post=39952"}],"curies":[{"name":"wp","href":"https:\/\/api.w.org\/{rel}","templated":true}]}}