{"id":38650,"date":"2024-05-24T12:00:35","date_gmt":"2024-05-24T10:00:35","guid":{"rendered":"https:\/\/fannymichel.vivamedia.dev\/produkt\/liv-blouse-dogtooth-pattern-black-white\/"},"modified":"2024-06-24T19:59:56","modified_gmt":"2024-06-24T17:59:56","slug":"liv-blouse-dogtooth-pattern-black-white","status":"publish","type":"product","link":"https:\/\/www.fannymichel.se\/fi\/liv-blouse-dogtooth-pattern-black-white\/","title":{"rendered":"Liv &#8211; Blouse &#8211; Dogtooth Pattern &#8211; Black\/White"},"content":{"rendered":"<p>Oversize bluse med houndstooth-m\u00f8nster med smock!<\/p>\n<p \/>\nHar en knapp i halsen<\/p>\n<p \/>\n<strong>M\u00e5l p\u00e5 tunikaen:<\/strong><\/p>\n<p \/>\n<strong>S\/M<\/strong><\/p>\n<p \/>\n\u2022 Armhule til armhule omkrets: ca 152 cm.<\/p>\n<p \/>\n\u2022 Lengde skulder og ned: ca 66 cm<\/p>\n<p \/>\n<strong>M\/L<\/strong><\/p>\n<p \/>\n\u2022 Armhule til armhule omkrets: ca 164 cm, kan strekkes til ca 218 cm.<\/p>\n<p \/>\n\u2022 Lengde skulder og ned: ca 66 cm<\/p>\n<p \/>\n&#8212;&#8212;&#8212;&#8212;&#8212;&#8212;&#8212;&#8212;&#8212;&#8212;&#8212;&#8212;&#8212;&#8212;&#8212;&#8212;&#8211; &#8212;&#8212;&#8212;&#8212;&#8212;&#8212;&#8212;-<\/p>\n<p \/>\nModellen p\u00e5 bildet har p\u00e5 seg st\u00f8rrelse S\/M og er ca 163 cm h\u00f8y<\/p>\n<p \/>\nS\/M &amp; M\/L, mer stor enn liten i st\u00f8rrelse.<\/p>\n<p \/>\nLes mer under spesifikasjoner.<\/p>\n<p \/>\n","protected":false},"excerpt":{"rendered":"<p>Oversize bluse med houndstooth-m\u00f8nster med smock! Har en knapp i halsen M\u00e5l p\u00e5 tunikaen: S\/M \u2022 Armhule til armhule omkrets: ca 152 cm. \u2022 Lengde skulder og ned: ca 66 cm M\/L \u2022 Armhule til armhule omkrets: ca 164 cm, kan strekkes til ca 218 cm. \u2022 Lengde skulder og ned: ca 66 cm &#8212;&#8212;&#8212;&#8212;&#8212;&#8212;&#8212;&#8212;&#8212;&#8212;&#8212;&#8212;&#8212;&#8212;&#8212;&#8212;&#8211; [&hellip;]<\/p>\n","protected":false},"featured_media":0,"comment_status":"open","ping_status":"closed","template":"","meta":{"_acf_changed":false,"om_disable_all_campaigns":false},"product_brand":[],"product_cat":[15],"product_tag":[],"class_list":{"0":"post-38650","1":"product","2":"type-product","3":"status-publish","5":"product_cat-okategoriserad","7":"first","8":"outofstock","9":"sale","10":"taxable","11":"shipping-taxable","12":"purchasable","13":"product-type-variable"},"acf":[],"yoast_head":"<!-- This site is optimized with the Yoast SEO plugin v27.2 - https:\/\/yoast.com\/product\/yoast-seo-wordpress\/ -->\n<title>Liv - Blouse - Dogtooth Pattern - Black\/White - Fanny Michel<\/title>\n<meta name=\"robots\" content=\"index, follow, max-snippet:-1, max-image-preview:large, max-video-preview:-1\" \/>\n<link rel=\"canonical\" href=\"https:\/\/www.fannymichel.se\/fi\/liv-blouse-dogtooth-pattern-black-white\/\" \/>\n<meta property=\"og:locale\" content=\"en_GB\" \/>\n<meta property=\"og:type\" content=\"article\" \/>\n<meta property=\"og:title\" content=\"Liv - Blouse - Dogtooth Pattern - Black\/White - Fanny Michel\" \/>\n<meta property=\"og:description\" content=\"Oversize bluse med houndstooth-m\u00f8nster med smock! Har en knapp i halsen M\u00e5l p\u00e5 tunikaen: S\/M \u2022 Armhule til armhule omkrets: ca 152 cm. \u2022 Lengde skulder og ned: ca 66 cm M\/L \u2022 Armhule til armhule omkrets: ca 164 cm, kan strekkes til ca 218 cm. \u2022 Lengde skulder og ned: ca 66 cm &#8212;&#8212;&#8212;&#8212;&#8212;&#8212;&#8212;&#8212;&#8212;&#8212;&#8212;&#8212;&#8212;&#8212;&#8212;&#8212;&#8211; [&hellip;]\" \/>\n<meta property=\"og:url\" content=\"https:\/\/www.fannymichel.se\/fi\/liv-blouse-dogtooth-pattern-black-white\/\" \/>\n<meta property=\"og:site_name\" content=\"Fanny Michel\" \/>\n<meta property=\"article:modified_time\" content=\"2024-06-24T17:59:56+00:00\" \/>\n<meta name=\"twitter:card\" content=\"summary_large_image\" \/>\n<script type=\"application\/ld+json\" class=\"yoast-schema-graph\">{\"@context\":\"https:\/\/schema.org\",\"@graph\":[{\"@type\":\"WebPage\",\"@id\":\"https:\/\/www.fannymichel.se\/fi\/liv-blouse-dogtooth-pattern-black-white\/\",\"url\":\"https:\/\/www.fannymichel.se\/fi\/liv-blouse-dogtooth-pattern-black-white\/\",\"name\":\"Liv - Blouse - Dogtooth Pattern - Black\/White - Fanny Michel\",\"isPartOf\":{\"@id\":\"https:\/\/www.fannymichel.se\/fi\/#website\"},\"datePublished\":\"2024-05-24T10:00:35+00:00\",\"dateModified\":\"2024-06-24T17:59:56+00:00\",\"breadcrumb\":{\"@id\":\"https:\/\/www.fannymichel.se\/fi\/liv-blouse-dogtooth-pattern-black-white\/#breadcrumb\"},\"inLanguage\":\"en-GB\",\"potentialAction\":[{\"@type\":\"ReadAction\",\"target\":[\"https:\/\/www.fannymichel.se\/fi\/liv-blouse-dogtooth-pattern-black-white\/\"]}]},{\"@type\":\"BreadcrumbList\",\"@id\":\"https:\/\/www.fannymichel.se\/fi\/liv-blouse-dogtooth-pattern-black-white\/#breadcrumb\",\"itemListElement\":[{\"@type\":\"ListItem\",\"position\":1,\"name\":\"Hem\",\"item\":\"https:\/\/www.fannymichel.se\/fi\/\"},{\"@type\":\"ListItem\",\"position\":2,\"name\":\"Shop\",\"item\":\"https:\/\/www.fannymichel.se\/butik\/\"},{\"@type\":\"ListItem\",\"position\":3,\"name\":\"Liv &#8211; Blouse &#8211; Dogtooth Pattern &#8211; Black\/White\"}]},{\"@type\":\"WebSite\",\"@id\":\"https:\/\/www.fannymichel.se\/fi\/#website\",\"url\":\"https:\/\/www.fannymichel.se\/fi\/\",\"name\":\"Fanny Michel\",\"description\":\"\",\"potentialAction\":[{\"@type\":\"SearchAction\",\"target\":{\"@type\":\"EntryPoint\",\"urlTemplate\":\"https:\/\/www.fannymichel.se\/fi\/?s={search_term_string}\"},\"query-input\":{\"@type\":\"PropertyValueSpecification\",\"valueRequired\":true,\"valueName\":\"search_term_string\"}}],\"inLanguage\":\"en-GB\"}]}<\/script>\n<!-- \/ Yoast SEO plugin. -->","yoast_head_json":{"title":"Liv - Blouse - Dogtooth Pattern - Black\/White - Fanny Michel","robots":{"index":"index","follow":"follow","max-snippet":"max-snippet:-1","max-image-preview":"max-image-preview:large","max-video-preview":"max-video-preview:-1"},"canonical":"https:\/\/www.fannymichel.se\/fi\/liv-blouse-dogtooth-pattern-black-white\/","og_locale":"en_GB","og_type":"article","og_title":"Liv - Blouse - Dogtooth Pattern - Black\/White - Fanny Michel","og_description":"Oversize bluse med houndstooth-m\u00f8nster med smock! Har en knapp i halsen M\u00e5l p\u00e5 tunikaen: S\/M \u2022 Armhule til armhule omkrets: ca 152 cm. \u2022 Lengde skulder og ned: ca 66 cm M\/L \u2022 Armhule til armhule omkrets: ca 164 cm, kan strekkes til ca 218 cm. \u2022 Lengde skulder og ned: ca 66 cm &#8212;&#8212;&#8212;&#8212;&#8212;&#8212;&#8212;&#8212;&#8212;&#8212;&#8212;&#8212;&#8212;&#8212;&#8212;&#8212;&#8211; [&hellip;]","og_url":"https:\/\/www.fannymichel.se\/fi\/liv-blouse-dogtooth-pattern-black-white\/","og_site_name":"Fanny Michel","article_modified_time":"2024-06-24T17:59:56+00:00","twitter_card":"summary_large_image","schema":{"@context":"https:\/\/schema.org","@graph":[{"@type":"WebPage","@id":"https:\/\/www.fannymichel.se\/fi\/liv-blouse-dogtooth-pattern-black-white\/","url":"https:\/\/www.fannymichel.se\/fi\/liv-blouse-dogtooth-pattern-black-white\/","name":"Liv - Blouse - Dogtooth Pattern - Black\/White - Fanny Michel","isPartOf":{"@id":"https:\/\/www.fannymichel.se\/fi\/#website"},"datePublished":"2024-05-24T10:00:35+00:00","dateModified":"2024-06-24T17:59:56+00:00","breadcrumb":{"@id":"https:\/\/www.fannymichel.se\/fi\/liv-blouse-dogtooth-pattern-black-white\/#breadcrumb"},"inLanguage":"en-GB","potentialAction":[{"@type":"ReadAction","target":["https:\/\/www.fannymichel.se\/fi\/liv-blouse-dogtooth-pattern-black-white\/"]}]},{"@type":"BreadcrumbList","@id":"https:\/\/www.fannymichel.se\/fi\/liv-blouse-dogtooth-pattern-black-white\/#breadcrumb","itemListElement":[{"@type":"ListItem","position":1,"name":"Hem","item":"https:\/\/www.fannymichel.se\/fi\/"},{"@type":"ListItem","position":2,"name":"Shop","item":"https:\/\/www.fannymichel.se\/butik\/"},{"@type":"ListItem","position":3,"name":"Liv &#8211; Blouse &#8211; Dogtooth Pattern &#8211; Black\/White"}]},{"@type":"WebSite","@id":"https:\/\/www.fannymichel.se\/fi\/#website","url":"https:\/\/www.fannymichel.se\/fi\/","name":"Fanny Michel","description":"","potentialAction":[{"@type":"SearchAction","target":{"@type":"EntryPoint","urlTemplate":"https:\/\/www.fannymichel.se\/fi\/?s={search_term_string}"},"query-input":{"@type":"PropertyValueSpecification","valueRequired":true,"valueName":"search_term_string"}}],"inLanguage":"en-GB"}]}},"jetpack_sharing_enabled":true,"_links":{"self":[{"href":"https:\/\/www.fannymichel.se\/fi\/wp-json\/wp\/v2\/product\/38650","targetHints":{"allow":["GET"]}}],"collection":[{"href":"https:\/\/www.fannymichel.se\/fi\/wp-json\/wp\/v2\/product"}],"about":[{"href":"https:\/\/www.fannymichel.se\/fi\/wp-json\/wp\/v2\/types\/product"}],"replies":[{"embeddable":true,"href":"https:\/\/www.fannymichel.se\/fi\/wp-json\/wp\/v2\/comments?post=38650"}],"wp:attachment":[{"href":"https:\/\/www.fannymichel.se\/fi\/wp-json\/wp\/v2\/media?parent=38650"}],"wp:term":[{"taxonomy":"product_brand","embeddable":true,"href":"https:\/\/www.fannymichel.se\/fi\/wp-json\/wp\/v2\/product_brand?post=38650"},{"taxonomy":"product_cat","embeddable":true,"href":"https:\/\/www.fannymichel.se\/fi\/wp-json\/wp\/v2\/product_cat?post=38650"},{"taxonomy":"product_tag","embeddable":true,"href":"https:\/\/www.fannymichel.se\/fi\/wp-json\/wp\/v2\/product_tag?post=38650"}],"curies":[{"name":"wp","href":"https:\/\/api.w.org\/{rel}","templated":true}]}}