{"id":21020,"date":"2026-04-23T13:01:32","date_gmt":"2026-04-23T11:01:32","guid":{"rendered":"https:\/\/fannymichel.vivamedia.dev\/produkt\/mia-linen-shirt-ruffles-sand\/"},"modified":"2026-04-24T14:33:02","modified_gmt":"2026-04-24T12:33:02","slug":"mia-linen-shirt-ruffles-sand","status":"publish","type":"product","link":"https:\/\/www.fannymichel.se\/fi\/mia-linen-shirt-ruffles-sand\/","title":{"rendered":"Mia Linen shirt &#8211; Ruffles &#8211; Sand"},"content":{"rendered":"<p>Charming linen sweater with small ruffles!<\/p>\n<p \/>\nHas small ruffles around the neckline.<\/p>\n<p \/>\n<strong>Size measurements:<\/strong><\/p>\n<p \/>\n<strong>S\/M<\/strong><\/p>\n<p \/>\n\u2022 Armpit to armpit circumference: approx. 100 cm<\/p>\n<p \/>\n\u2022 Length from shoulder to bottom: Front: approx. 60 cm, back: approx. 66 cm<\/p>\n<p \/>\n\u2022 Sleeve length from shoulder: approx. 20 cm<\/p>\n<p \/>\n<strong>L\/XL<\/strong><\/p>\n<p \/>\n\u2022 Armpit to armpit circumference: approx. 110 cm<\/p>\n<p \/>\n\u2022 Length from shoulder to bottom: Front: approx. 61 cm, back: approx. 68 cm<\/p>\n<p \/>\n\u2022 Sleeve length from shoulder: approx. 20 cm<\/p>\n<p \/>\n<strong>XL\/XXL<\/strong><\/p>\n<p \/>\n\u2022 Armpit to armpit circumference: approx. 116 cm<\/p>\n<p \/>\n\u2022 Length from shoulder to bottom: Front: approx. 62 cm, back: approx. 68 cm<\/p>\n<p \/>\n\u2022 Sleeve length from shoulder: approx. 20 cm<\/p>\n<p \/>\n&#8212;&#8212;&#8212;&#8212;&#8212;&#8212;&#8212;&#8212;&#8212;&#8212;&#8212;&#8212;&#8212;&#8212;&#8212;&#8212;&#8212;&#8212;&#8212;&#8212;&#8212;&#8212;&#8211;<\/p>\n<p \/>\nThe model is wearing S\/M and is approx. 163 cm tall.<\/p>\n<p \/>\nS\/M, L\/XL, XL\/XXL more small than large in size.<\/p>\n<p \/>\nRead more info under specifications.<\/p>\n<p \/>\n","protected":false},"excerpt":{"rendered":"<p>Charming linen sweater with small ruffles! Has small ruffles around the neckline. Size measurements: S\/M \u2022 Armpit to armpit circumference: approx. 100 cm \u2022 Length from shoulder to bottom: Front: approx. 60 cm, back: approx. 66 cm \u2022 Sleeve length from shoulder: approx. 20 cm L\/XL \u2022 Armpit to armpit circumference: approx. 110 cm \u2022 [&hellip;]<\/p>\n","protected":false},"featured_media":75581,"comment_status":"open","ping_status":"closed","template":"","meta":{"_acf_changed":false,"om_disable_all_campaigns":false},"product_brand":[],"product_cat":[54,641,619,637,635,605],"product_tag":[],"class_list":{"0":"post-21020","1":"product","2":"type-product","3":"status-publish","4":"has-post-thumbnail","6":"product_cat-news","7":"product_cat-ruffle-blouses","8":"product_cat-short-sleeved-shirts","9":"product_cat-sweaters","10":"product_cat-tops-fi-2","11":"product_cat-tops-fi","13":"first","14":"instock","15":"taxable","16":"shipping-taxable","17":"purchasable","18":"product-type-variable"},"acf":[],"yoast_head":"<!-- This site is optimized with the Yoast SEO plugin v27.5 - https:\/\/yoast.com\/product\/yoast-seo-wordpress\/ -->\n<title>Mia Linen shirt - Ruffles - Sand - Fanny Michel<\/title>\n<meta name=\"robots\" content=\"index, follow, max-snippet:-1, max-image-preview:large, max-video-preview:-1\" \/>\n<link rel=\"canonical\" href=\"https:\/\/www.fannymichel.se\/fi\/mia-linen-shirt-ruffles-sand\/\" \/>\n<meta property=\"og:locale\" content=\"en_GB\" \/>\n<meta property=\"og:type\" content=\"article\" \/>\n<meta property=\"og:title\" content=\"Mia Linen shirt - Ruffles - Sand - Fanny Michel\" \/>\n<meta property=\"og:description\" content=\"Charming linen sweater with small ruffles! Has small ruffles around the neckline. Size measurements: S\/M \u2022 Armpit to armpit circumference: approx. 100 cm \u2022 Length from shoulder to bottom: Front: approx. 60 cm, back: approx. 66 cm \u2022 Sleeve length from shoulder: approx. 20 cm L\/XL \u2022 Armpit to armpit circumference: approx. 110 cm \u2022 [&hellip;]\" \/>\n<meta property=\"og:url\" content=\"https:\/\/www.fannymichel.se\/fi\/mia-linen-shirt-ruffles-sand\/\" \/>\n<meta property=\"og:site_name\" content=\"Fanny Michel\" \/>\n<meta property=\"article:modified_time\" content=\"2026-04-24T12:33:02+00:00\" \/>\n<meta property=\"og:image\" content=\"https:\/\/www.fannymichel.se\/wp-content\/uploads\/2024\/05\/mialinnetroja-sand-2024-3.jpeg\" \/>\n\t<meta property=\"og:image:width\" content=\"1280\" \/>\n\t<meta property=\"og:image:height\" content=\"1920\" \/>\n\t<meta property=\"og:image:type\" content=\"image\/jpeg\" \/>\n<meta name=\"twitter:card\" content=\"summary_large_image\" \/>\n<meta name=\"twitter:label1\" content=\"Estimated reading time\" \/>\n\t<meta name=\"twitter:data1\" content=\"1 minute\" \/>\n<script type=\"application\/ld+json\" class=\"yoast-schema-graph\">{\"@context\":\"https:\\\/\\\/schema.org\",\"@graph\":[{\"@type\":\"WebPage\",\"@id\":\"https:\\\/\\\/www.fannymichel.se\\\/fi\\\/mia-linen-shirt-ruffles-sand\\\/\",\"url\":\"https:\\\/\\\/www.fannymichel.se\\\/fi\\\/mia-linen-shirt-ruffles-sand\\\/\",\"name\":\"Mia Linen shirt - Ruffles - Sand - Fanny Michel\",\"isPartOf\":{\"@id\":\"https:\\\/\\\/www.fannymichel.se\\\/fi\\\/#website\"},\"primaryImageOfPage\":{\"@id\":\"https:\\\/\\\/www.fannymichel.se\\\/fi\\\/mia-linen-shirt-ruffles-sand\\\/#primaryimage\"},\"image\":{\"@id\":\"https:\\\/\\\/www.fannymichel.se\\\/fi\\\/mia-linen-shirt-ruffles-sand\\\/#primaryimage\"},\"thumbnailUrl\":\"https:\\\/\\\/www.fannymichel.se\\\/wp-content\\\/uploads\\\/2024\\\/05\\\/mialinnetroja-sand-2024-3.jpeg\",\"datePublished\":\"2026-04-23T11:01:32+00:00\",\"dateModified\":\"2026-04-24T12:33:02+00:00\",\"breadcrumb\":{\"@id\":\"https:\\\/\\\/www.fannymichel.se\\\/fi\\\/mia-linen-shirt-ruffles-sand\\\/#breadcrumb\"},\"inLanguage\":\"en-GB\",\"potentialAction\":[{\"@type\":\"ReadAction\",\"target\":[\"https:\\\/\\\/www.fannymichel.se\\\/fi\\\/mia-linen-shirt-ruffles-sand\\\/\"]}]},{\"@type\":\"ImageObject\",\"inLanguage\":\"en-GB\",\"@id\":\"https:\\\/\\\/www.fannymichel.se\\\/fi\\\/mia-linen-shirt-ruffles-sand\\\/#primaryimage\",\"url\":\"https:\\\/\\\/www.fannymichel.se\\\/wp-content\\\/uploads\\\/2024\\\/05\\\/mialinnetroja-sand-2024-3.jpeg\",\"contentUrl\":\"https:\\\/\\\/www.fannymichel.se\\\/wp-content\\\/uploads\\\/2024\\\/05\\\/mialinnetroja-sand-2024-3.jpeg\",\"width\":1280,\"height\":1920,\"caption\":\"Vaaleahiuksinen nainen seisoo rennosti ja hymyilee kameralle ulkona. H\u00e4nell\u00e4 on vaalea pellavapusero ja valkoiset housut. Taustalla tiilisein\u00e4, avonainen punainen ovi ja ikkunassa teksti \u201cKUSA\u201d sek\u00e4 \u201cN\u00b023\u201d.\"},{\"@type\":\"BreadcrumbList\",\"@id\":\"https:\\\/\\\/www.fannymichel.se\\\/fi\\\/mia-linen-shirt-ruffles-sand\\\/#breadcrumb\",\"itemListElement\":[{\"@type\":\"ListItem\",\"position\":1,\"name\":\"Hem\",\"item\":\"https:\\\/\\\/www.fannymichel.se\\\/fi\\\/\"},{\"@type\":\"ListItem\",\"position\":2,\"name\":\"Shop\",\"item\":\"https:\\\/\\\/www.fannymichel.se\\\/butik\\\/\"},{\"@type\":\"ListItem\",\"position\":3,\"name\":\"Mia Linen shirt &#8211; Ruffles &#8211; Sand\"}]},{\"@type\":\"WebSite\",\"@id\":\"https:\\\/\\\/www.fannymichel.se\\\/fi\\\/#website\",\"url\":\"https:\\\/\\\/www.fannymichel.se\\\/fi\\\/\",\"name\":\"Fanny Michel\",\"description\":\"\",\"potentialAction\":[{\"@type\":\"SearchAction\",\"target\":{\"@type\":\"EntryPoint\",\"urlTemplate\":\"https:\\\/\\\/www.fannymichel.se\\\/fi\\\/?s={search_term_string}\"},\"query-input\":{\"@type\":\"PropertyValueSpecification\",\"valueRequired\":true,\"valueName\":\"search_term_string\"}}],\"inLanguage\":\"en-GB\"}]}<\/script>\n<!-- \/ Yoast SEO plugin. -->","yoast_head_json":{"title":"Mia Linen shirt - Ruffles - Sand - Fanny Michel","robots":{"index":"index","follow":"follow","max-snippet":"max-snippet:-1","max-image-preview":"max-image-preview:large","max-video-preview":"max-video-preview:-1"},"canonical":"https:\/\/www.fannymichel.se\/fi\/mia-linen-shirt-ruffles-sand\/","og_locale":"en_GB","og_type":"article","og_title":"Mia Linen shirt - Ruffles - Sand - Fanny Michel","og_description":"Charming linen sweater with small ruffles! Has small ruffles around the neckline. Size measurements: S\/M \u2022 Armpit to armpit circumference: approx. 100 cm \u2022 Length from shoulder to bottom: Front: approx. 60 cm, back: approx. 66 cm \u2022 Sleeve length from shoulder: approx. 20 cm L\/XL \u2022 Armpit to armpit circumference: approx. 110 cm \u2022 [&hellip;]","og_url":"https:\/\/www.fannymichel.se\/fi\/mia-linen-shirt-ruffles-sand\/","og_site_name":"Fanny Michel","article_modified_time":"2026-04-24T12:33:02+00:00","og_image":[{"width":1280,"height":1920,"url":"https:\/\/www.fannymichel.se\/wp-content\/uploads\/2024\/05\/mialinnetroja-sand-2024-3.jpeg","type":"image\/jpeg"}],"twitter_card":"summary_large_image","twitter_misc":{"Estimated reading time":"1 minute"},"schema":{"@context":"https:\/\/schema.org","@graph":[{"@type":"WebPage","@id":"https:\/\/www.fannymichel.se\/fi\/mia-linen-shirt-ruffles-sand\/","url":"https:\/\/www.fannymichel.se\/fi\/mia-linen-shirt-ruffles-sand\/","name":"Mia Linen shirt - Ruffles - Sand - Fanny Michel","isPartOf":{"@id":"https:\/\/www.fannymichel.se\/fi\/#website"},"primaryImageOfPage":{"@id":"https:\/\/www.fannymichel.se\/fi\/mia-linen-shirt-ruffles-sand\/#primaryimage"},"image":{"@id":"https:\/\/www.fannymichel.se\/fi\/mia-linen-shirt-ruffles-sand\/#primaryimage"},"thumbnailUrl":"https:\/\/www.fannymichel.se\/wp-content\/uploads\/2024\/05\/mialinnetroja-sand-2024-3.jpeg","datePublished":"2026-04-23T11:01:32+00:00","dateModified":"2026-04-24T12:33:02+00:00","breadcrumb":{"@id":"https:\/\/www.fannymichel.se\/fi\/mia-linen-shirt-ruffles-sand\/#breadcrumb"},"inLanguage":"en-GB","potentialAction":[{"@type":"ReadAction","target":["https:\/\/www.fannymichel.se\/fi\/mia-linen-shirt-ruffles-sand\/"]}]},{"@type":"ImageObject","inLanguage":"en-GB","@id":"https:\/\/www.fannymichel.se\/fi\/mia-linen-shirt-ruffles-sand\/#primaryimage","url":"https:\/\/www.fannymichel.se\/wp-content\/uploads\/2024\/05\/mialinnetroja-sand-2024-3.jpeg","contentUrl":"https:\/\/www.fannymichel.se\/wp-content\/uploads\/2024\/05\/mialinnetroja-sand-2024-3.jpeg","width":1280,"height":1920,"caption":"Vaaleahiuksinen nainen seisoo rennosti ja hymyilee kameralle ulkona. H\u00e4nell\u00e4 on vaalea pellavapusero ja valkoiset housut. Taustalla tiilisein\u00e4, avonainen punainen ovi ja ikkunassa teksti \u201cKUSA\u201d sek\u00e4 \u201cN\u00b023\u201d."},{"@type":"BreadcrumbList","@id":"https:\/\/www.fannymichel.se\/fi\/mia-linen-shirt-ruffles-sand\/#breadcrumb","itemListElement":[{"@type":"ListItem","position":1,"name":"Hem","item":"https:\/\/www.fannymichel.se\/fi\/"},{"@type":"ListItem","position":2,"name":"Shop","item":"https:\/\/www.fannymichel.se\/butik\/"},{"@type":"ListItem","position":3,"name":"Mia Linen shirt &#8211; Ruffles &#8211; Sand"}]},{"@type":"WebSite","@id":"https:\/\/www.fannymichel.se\/fi\/#website","url":"https:\/\/www.fannymichel.se\/fi\/","name":"Fanny Michel","description":"","potentialAction":[{"@type":"SearchAction","target":{"@type":"EntryPoint","urlTemplate":"https:\/\/www.fannymichel.se\/fi\/?s={search_term_string}"},"query-input":{"@type":"PropertyValueSpecification","valueRequired":true,"valueName":"search_term_string"}}],"inLanguage":"en-GB"}]}},"jetpack_sharing_enabled":true,"_links":{"self":[{"href":"https:\/\/www.fannymichel.se\/fi\/wp-json\/wp\/v2\/product\/21020","targetHints":{"allow":["GET"]}}],"collection":[{"href":"https:\/\/www.fannymichel.se\/fi\/wp-json\/wp\/v2\/product"}],"about":[{"href":"https:\/\/www.fannymichel.se\/fi\/wp-json\/wp\/v2\/types\/product"}],"replies":[{"embeddable":true,"href":"https:\/\/www.fannymichel.se\/fi\/wp-json\/wp\/v2\/comments?post=21020"}],"wp:featuredmedia":[{"embeddable":true,"href":"https:\/\/www.fannymichel.se\/fi\/wp-json\/wp\/v2\/media\/75581"}],"wp:attachment":[{"href":"https:\/\/www.fannymichel.se\/fi\/wp-json\/wp\/v2\/media?parent=21020"}],"wp:term":[{"taxonomy":"product_brand","embeddable":true,"href":"https:\/\/www.fannymichel.se\/fi\/wp-json\/wp\/v2\/product_brand?post=21020"},{"taxonomy":"product_cat","embeddable":true,"href":"https:\/\/www.fannymichel.se\/fi\/wp-json\/wp\/v2\/product_cat?post=21020"},{"taxonomy":"product_tag","embeddable":true,"href":"https:\/\/www.fannymichel.se\/fi\/wp-json\/wp\/v2\/product_tag?post=21020"}],"curies":[{"name":"wp","href":"https:\/\/api.w.org\/{rel}","templated":true}]}}