{"id":17983,"date":"2024-05-23T19:18:24","date_gmt":"2024-05-23T17:18:24","guid":{"rendered":"https:\/\/fannymichel.vivamedia.dev\/produkt\/monica-glittertopp-med-waterfall-halsringning-o-leo-brun-svart\/"},"modified":"2024-06-24T20:28:04","modified_gmt":"2024-06-24T18:28:04","slug":"monica-glittertopp-med-waterfall-halsringning-o-leo-brun-svart","status":"publish","type":"product","link":"https:\/\/www.fannymichel.se\/fi\/monica-glittertopp-med-waterfall-halsringning-o-leo-brun-svart\/","title":{"rendered":"Monica &#8211; Glittertopp med Waterfall halsringning o Leo &#8211; Brun\/Svart"},"content":{"rendered":"<p>Fin glittertopp i mjukistyg med waterfall halsringning! <\/p>\n<p \/>\n<p \/>\n<strong>M\u00e5tt p\u00e5 storlekarna:<\/strong><\/p>\n<p \/>\n<strong>S\/M<\/strong><\/p>\n<p \/>\nArmh\u00e5la till armh\u00e5la omkrets: ca 88 cm, kan stretchas till ca 114 cm<\/p>\n<p \/>\nL\u00e4ngd axel och ner: ca 63 cm<\/p>\n<p \/>\n<p><strong>L\/XL<\/strong><\/p>\n<p \/>\nArmh\u00e5la till armh\u00e5la omkrets: ca 94 cm, kan stretchas till ca 120 cm<\/p>\n<p \/>\nL\u00e4ngd axel och ner: ca 64 cm<\/p>\n<p \/>\nS\/M &amp; L\/XL, mer liten \u00e4n stor i storleken.<\/p>\n<p \/>\nL\u00e4s mer under specifikationer.<\/p>\n<p \/>\n&#8212;&#8212;&#8212;&#8212;&#8212;&#8212;&#8212;&#8212;&#8212;&#8212;&#8212;&#8212;&#8212;&#8212;&#8212;&#8212;&#8212;&#8212;&#8212;&#8212;&#8212;&#8212;&#8212;&#8212;<\/p>\n<p \/>\n<p \/>\nReturkostnad: 39 SEK. Om du vill g\u00f6ra ett byte s\u00e5 st\u00e5r vi f\u00f6r returkostnaden om du anv\u00e4nder dig av v\u00e5r retursedel<\/p>\n","protected":false},"excerpt":{"rendered":"<p>Fin glittertopp i mjukistyg med waterfall halsringning! M\u00e5tt p\u00e5 storlekarna: S\/M Armh\u00e5la till armh\u00e5la omkrets: ca 88 cm, kan stretchas till ca 114 cm L\u00e4ngd axel och ner: ca 63 cm L\/XL Armh\u00e5la till armh\u00e5la omkrets: ca 94 cm, kan stretchas till ca 120 cm L\u00e4ngd axel och ner: ca 64 cm S\/M &amp; L\/XL, [&hellip;]<\/p>\n","protected":false},"featured_media":0,"comment_status":"open","ping_status":"closed","template":"","meta":{"_acf_changed":false,"om_disable_all_campaigns":false},"product_brand":[],"product_cat":[15],"product_tag":[],"class_list":{"0":"post-17983","1":"product","2":"type-product","3":"status-publish","5":"product_cat-okategoriserad","7":"first","8":"outofstock","9":"taxable","10":"shipping-taxable","11":"purchasable","12":"product-type-variable"},"acf":[],"yoast_head":"<!-- This site is optimized with the Yoast SEO plugin v27.5 - https:\/\/yoast.com\/product\/yoast-seo-wordpress\/ -->\n<title>Monica - Glittertopp med Waterfall halsringning o Leo - Brun\/Svart - Fanny Michel<\/title>\n<meta name=\"robots\" content=\"index, follow, max-snippet:-1, max-image-preview:large, max-video-preview:-1\" \/>\n<link rel=\"canonical\" href=\"https:\/\/www.fannymichel.se\/fi\/monica-glittertopp-med-waterfall-halsringning-o-leo-brun-svart\/\" \/>\n<meta property=\"og:locale\" content=\"en_GB\" \/>\n<meta property=\"og:type\" content=\"article\" \/>\n<meta property=\"og:title\" content=\"Monica - Glittertopp med Waterfall halsringning o Leo - Brun\/Svart - Fanny Michel\" \/>\n<meta property=\"og:description\" content=\"Fin glittertopp i mjukistyg med waterfall halsringning! M\u00e5tt p\u00e5 storlekarna: S\/M Armh\u00e5la till armh\u00e5la omkrets: ca 88 cm, kan stretchas till ca 114 cm L\u00e4ngd axel och ner: ca 63 cm L\/XL Armh\u00e5la till armh\u00e5la omkrets: ca 94 cm, kan stretchas till ca 120 cm L\u00e4ngd axel och ner: ca 64 cm S\/M &amp; L\/XL, [&hellip;]\" \/>\n<meta property=\"og:url\" content=\"https:\/\/www.fannymichel.se\/fi\/monica-glittertopp-med-waterfall-halsringning-o-leo-brun-svart\/\" \/>\n<meta property=\"og:site_name\" content=\"Fanny Michel\" \/>\n<meta property=\"article:modified_time\" content=\"2024-06-24T18:28:04+00:00\" \/>\n<meta name=\"twitter:card\" content=\"summary_large_image\" \/>\n<script type=\"application\/ld+json\" class=\"yoast-schema-graph\">{\"@context\":\"https:\\\/\\\/schema.org\",\"@graph\":[{\"@type\":\"WebPage\",\"@id\":\"https:\\\/\\\/www.fannymichel.se\\\/fi\\\/monica-glittertopp-med-waterfall-halsringning-o-leo-brun-svart\\\/\",\"url\":\"https:\\\/\\\/www.fannymichel.se\\\/fi\\\/monica-glittertopp-med-waterfall-halsringning-o-leo-brun-svart\\\/\",\"name\":\"Monica - Glittertopp med Waterfall halsringning o Leo - Brun\\\/Svart - Fanny Michel\",\"isPartOf\":{\"@id\":\"https:\\\/\\\/www.fannymichel.se\\\/fi\\\/#website\"},\"datePublished\":\"2024-05-23T17:18:24+00:00\",\"dateModified\":\"2024-06-24T18:28:04+00:00\",\"breadcrumb\":{\"@id\":\"https:\\\/\\\/www.fannymichel.se\\\/fi\\\/monica-glittertopp-med-waterfall-halsringning-o-leo-brun-svart\\\/#breadcrumb\"},\"inLanguage\":\"en-GB\",\"potentialAction\":[{\"@type\":\"ReadAction\",\"target\":[\"https:\\\/\\\/www.fannymichel.se\\\/fi\\\/monica-glittertopp-med-waterfall-halsringning-o-leo-brun-svart\\\/\"]}]},{\"@type\":\"BreadcrumbList\",\"@id\":\"https:\\\/\\\/www.fannymichel.se\\\/fi\\\/monica-glittertopp-med-waterfall-halsringning-o-leo-brun-svart\\\/#breadcrumb\",\"itemListElement\":[{\"@type\":\"ListItem\",\"position\":1,\"name\":\"Hem\",\"item\":\"https:\\\/\\\/www.fannymichel.se\\\/fi\\\/\"},{\"@type\":\"ListItem\",\"position\":2,\"name\":\"Shop\",\"item\":\"https:\\\/\\\/www.fannymichel.se\\\/butik\\\/\"},{\"@type\":\"ListItem\",\"position\":3,\"name\":\"Monica &#8211; Glittertopp med Waterfall halsringning o Leo &#8211; Brun\\\/Svart\"}]},{\"@type\":\"WebSite\",\"@id\":\"https:\\\/\\\/www.fannymichel.se\\\/fi\\\/#website\",\"url\":\"https:\\\/\\\/www.fannymichel.se\\\/fi\\\/\",\"name\":\"Fanny Michel\",\"description\":\"\",\"potentialAction\":[{\"@type\":\"SearchAction\",\"target\":{\"@type\":\"EntryPoint\",\"urlTemplate\":\"https:\\\/\\\/www.fannymichel.se\\\/fi\\\/?s={search_term_string}\"},\"query-input\":{\"@type\":\"PropertyValueSpecification\",\"valueRequired\":true,\"valueName\":\"search_term_string\"}}],\"inLanguage\":\"en-GB\"}]}<\/script>\n<!-- \/ Yoast SEO plugin. -->","yoast_head_json":{"title":"Monica - Glittertopp med Waterfall halsringning o Leo - Brun\/Svart - Fanny Michel","robots":{"index":"index","follow":"follow","max-snippet":"max-snippet:-1","max-image-preview":"max-image-preview:large","max-video-preview":"max-video-preview:-1"},"canonical":"https:\/\/www.fannymichel.se\/fi\/monica-glittertopp-med-waterfall-halsringning-o-leo-brun-svart\/","og_locale":"en_GB","og_type":"article","og_title":"Monica - Glittertopp med Waterfall halsringning o Leo - Brun\/Svart - Fanny Michel","og_description":"Fin glittertopp i mjukistyg med waterfall halsringning! M\u00e5tt p\u00e5 storlekarna: S\/M Armh\u00e5la till armh\u00e5la omkrets: ca 88 cm, kan stretchas till ca 114 cm L\u00e4ngd axel och ner: ca 63 cm L\/XL Armh\u00e5la till armh\u00e5la omkrets: ca 94 cm, kan stretchas till ca 120 cm L\u00e4ngd axel och ner: ca 64 cm S\/M &amp; L\/XL, [&hellip;]","og_url":"https:\/\/www.fannymichel.se\/fi\/monica-glittertopp-med-waterfall-halsringning-o-leo-brun-svart\/","og_site_name":"Fanny Michel","article_modified_time":"2024-06-24T18:28:04+00:00","twitter_card":"summary_large_image","schema":{"@context":"https:\/\/schema.org","@graph":[{"@type":"WebPage","@id":"https:\/\/www.fannymichel.se\/fi\/monica-glittertopp-med-waterfall-halsringning-o-leo-brun-svart\/","url":"https:\/\/www.fannymichel.se\/fi\/monica-glittertopp-med-waterfall-halsringning-o-leo-brun-svart\/","name":"Monica - Glittertopp med Waterfall halsringning o Leo - Brun\/Svart - Fanny Michel","isPartOf":{"@id":"https:\/\/www.fannymichel.se\/fi\/#website"},"datePublished":"2024-05-23T17:18:24+00:00","dateModified":"2024-06-24T18:28:04+00:00","breadcrumb":{"@id":"https:\/\/www.fannymichel.se\/fi\/monica-glittertopp-med-waterfall-halsringning-o-leo-brun-svart\/#breadcrumb"},"inLanguage":"en-GB","potentialAction":[{"@type":"ReadAction","target":["https:\/\/www.fannymichel.se\/fi\/monica-glittertopp-med-waterfall-halsringning-o-leo-brun-svart\/"]}]},{"@type":"BreadcrumbList","@id":"https:\/\/www.fannymichel.se\/fi\/monica-glittertopp-med-waterfall-halsringning-o-leo-brun-svart\/#breadcrumb","itemListElement":[{"@type":"ListItem","position":1,"name":"Hem","item":"https:\/\/www.fannymichel.se\/fi\/"},{"@type":"ListItem","position":2,"name":"Shop","item":"https:\/\/www.fannymichel.se\/butik\/"},{"@type":"ListItem","position":3,"name":"Monica &#8211; Glittertopp med Waterfall halsringning o Leo &#8211; Brun\/Svart"}]},{"@type":"WebSite","@id":"https:\/\/www.fannymichel.se\/fi\/#website","url":"https:\/\/www.fannymichel.se\/fi\/","name":"Fanny Michel","description":"","potentialAction":[{"@type":"SearchAction","target":{"@type":"EntryPoint","urlTemplate":"https:\/\/www.fannymichel.se\/fi\/?s={search_term_string}"},"query-input":{"@type":"PropertyValueSpecification","valueRequired":true,"valueName":"search_term_string"}}],"inLanguage":"en-GB"}]}},"jetpack_sharing_enabled":true,"_links":{"self":[{"href":"https:\/\/www.fannymichel.se\/fi\/wp-json\/wp\/v2\/product\/17983","targetHints":{"allow":["GET"]}}],"collection":[{"href":"https:\/\/www.fannymichel.se\/fi\/wp-json\/wp\/v2\/product"}],"about":[{"href":"https:\/\/www.fannymichel.se\/fi\/wp-json\/wp\/v2\/types\/product"}],"replies":[{"embeddable":true,"href":"https:\/\/www.fannymichel.se\/fi\/wp-json\/wp\/v2\/comments?post=17983"}],"wp:attachment":[{"href":"https:\/\/www.fannymichel.se\/fi\/wp-json\/wp\/v2\/media?parent=17983"}],"wp:term":[{"taxonomy":"product_brand","embeddable":true,"href":"https:\/\/www.fannymichel.se\/fi\/wp-json\/wp\/v2\/product_brand?post=17983"},{"taxonomy":"product_cat","embeddable":true,"href":"https:\/\/www.fannymichel.se\/fi\/wp-json\/wp\/v2\/product_cat?post=17983"},{"taxonomy":"product_tag","embeddable":true,"href":"https:\/\/www.fannymichel.se\/fi\/wp-json\/wp\/v2\/product_tag?post=17983"}],"curies":[{"name":"wp","href":"https:\/\/api.w.org\/{rel}","templated":true}]}}