{"id":15020,"date":"2024-05-23T18:13:10","date_gmt":"2024-05-23T16:13:10","guid":{"rendered":"https:\/\/fannymichel.vivamedia.dev\/produkt\/esther-dress-chains-and-flowers-old-pink\/"},"modified":"2024-06-24T20:34:46","modified_gmt":"2024-06-24T18:34:46","slug":"esther-dress-chains-and-flowers-old-pink","status":"publish","type":"product","link":"https:\/\/www.fannymichel.se\/fi\/esther-dress-chains-and-flowers-old-pink\/","title":{"rendered":"Esther Dress &#8211; Chains and Flowers &#8211; Old Pink"},"content":{"rendered":"<p>Snygg m\u00f6nstrad kl\u00e4nning med plisserad nederdel! <\/p>\n<p \/>\nHar knytband och res\u00e5r i midjan. M\u00f6nstret\/tryck p\u00e5 kl\u00e4nningen kan variera.<\/p>\n<p \/>\n<p \/>\n<strong>M\u00e5tt p\u00e5 storlekarna:<\/strong><\/p>\n<p \/>\n<strong>S\/36<\/strong><\/p>\n<p \/>\nL\u00e4ngd, axel och ner: ca 118 cm<br \/>\nArmh\u00e5la till armh\u00e5la omkrets: ca 74 cm<br \/>\nMidjeomkrets: ca 46 cm, kan stretchas till ca 86 cm<\/p>\n<p \/>\n<p><strong>M\/38<\/strong><\/p>\n<p \/>\nL\u00e4ngd, axel och ner: ca 120 cm<br \/>\nArmh\u00e5la till armh\u00e5la omkrets: ca 80 cm.<br \/>\nMidjeomkrets: ca 50 cm, kan stretchas till ca 98 cm<\/p>\n<p \/>\n<p><strong>L\/40<\/strong><\/p>\n<p \/>\nL\u00e4ngd, axel och ner: ca 120 cm<br \/>\nArmh\u00e5la till armh\u00e5la omkrets: ca 82 cm.<br \/>\nMidjeomkrets: ca 58 cm, kan stretchas till ca 100 cm<\/p>\n<p \/>\n&#8212;&#8212;&#8212;&#8212;&#8212;&#8212;&#8212;&#8212;&#8212;&#8212;&#8212;&#8212;&#8212;&#8212;&#8212;&#8212;&#8212;&#8212;&#8212;&#8212;&#8212;&#8212;&#8212;&#8212;<\/p>\n<p \/>\n<p \/>\nReturkostnad: 39 SEK. Om du vill g\u00f6ra ett byte s\u00e5 st\u00e5r vi f\u00f6r returkostnaden om du anv\u00e4nder dig av v\u00e5r retursedel.<\/p>\n","protected":false},"excerpt":{"rendered":"<p>Snygg m\u00f6nstrad kl\u00e4nning med plisserad nederdel! Har knytband och res\u00e5r i midjan. M\u00f6nstret\/tryck p\u00e5 kl\u00e4nningen kan variera. M\u00e5tt p\u00e5 storlekarna: S\/36 L\u00e4ngd, axel och ner: ca 118 cm Armh\u00e5la till armh\u00e5la omkrets: ca 74 cm Midjeomkrets: ca 46 cm, kan stretchas till ca 86 cm M\/38 L\u00e4ngd, axel och ner: ca 120 cm Armh\u00e5la till [&hellip;]<\/p>\n","protected":false},"featured_media":0,"comment_status":"open","ping_status":"closed","template":"","meta":{"_acf_changed":false,"om_disable_all_campaigns":false},"product_brand":[],"product_cat":[15],"product_tag":[],"class_list":{"0":"post-15020","1":"product","2":"type-product","3":"status-publish","5":"product_cat-okategoriserad","7":"first","8":"outofstock","9":"sale","10":"taxable","11":"shipping-taxable","12":"purchasable","13":"product-type-variable"},"acf":[],"yoast_head":"<!-- This site is optimized with the Yoast SEO plugin v27.2 - https:\/\/yoast.com\/product\/yoast-seo-wordpress\/ -->\n<title>Esther Dress - Chains and Flowers - Old Pink - Fanny Michel<\/title>\n<meta name=\"robots\" content=\"index, follow, max-snippet:-1, max-image-preview:large, max-video-preview:-1\" \/>\n<link rel=\"canonical\" href=\"https:\/\/www.fannymichel.se\/fi\/esther-dress-chains-and-flowers-old-pink\/\" \/>\n<meta property=\"og:locale\" content=\"en_GB\" \/>\n<meta property=\"og:type\" content=\"article\" \/>\n<meta property=\"og:title\" content=\"Esther Dress - Chains and Flowers - Old Pink - Fanny Michel\" \/>\n<meta property=\"og:description\" content=\"Snygg m\u00f6nstrad kl\u00e4nning med plisserad nederdel! Har knytband och res\u00e5r i midjan. M\u00f6nstret\/tryck p\u00e5 kl\u00e4nningen kan variera. M\u00e5tt p\u00e5 storlekarna: S\/36 L\u00e4ngd, axel och ner: ca 118 cm Armh\u00e5la till armh\u00e5la omkrets: ca 74 cm Midjeomkrets: ca 46 cm, kan stretchas till ca 86 cm M\/38 L\u00e4ngd, axel och ner: ca 120 cm Armh\u00e5la till [&hellip;]\" \/>\n<meta property=\"og:url\" content=\"https:\/\/www.fannymichel.se\/fi\/esther-dress-chains-and-flowers-old-pink\/\" \/>\n<meta property=\"og:site_name\" content=\"Fanny Michel\" \/>\n<meta property=\"article:modified_time\" content=\"2024-06-24T18:34:46+00:00\" \/>\n<meta name=\"twitter:card\" content=\"summary_large_image\" \/>\n<meta name=\"twitter:label1\" content=\"Estimated reading time\" \/>\n\t<meta name=\"twitter:data1\" content=\"1 minute\" \/>\n<script type=\"application\/ld+json\" class=\"yoast-schema-graph\">{\"@context\":\"https:\/\/schema.org\",\"@graph\":[{\"@type\":\"WebPage\",\"@id\":\"https:\/\/www.fannymichel.se\/fi\/esther-dress-chains-and-flowers-old-pink\/\",\"url\":\"https:\/\/www.fannymichel.se\/fi\/esther-dress-chains-and-flowers-old-pink\/\",\"name\":\"Esther Dress - Chains and Flowers - Old Pink - Fanny Michel\",\"isPartOf\":{\"@id\":\"https:\/\/www.fannymichel.se\/fi\/#website\"},\"datePublished\":\"2024-05-23T16:13:10+00:00\",\"dateModified\":\"2024-06-24T18:34:46+00:00\",\"breadcrumb\":{\"@id\":\"https:\/\/www.fannymichel.se\/fi\/esther-dress-chains-and-flowers-old-pink\/#breadcrumb\"},\"inLanguage\":\"en-GB\",\"potentialAction\":[{\"@type\":\"ReadAction\",\"target\":[\"https:\/\/www.fannymichel.se\/fi\/esther-dress-chains-and-flowers-old-pink\/\"]}]},{\"@type\":\"BreadcrumbList\",\"@id\":\"https:\/\/www.fannymichel.se\/fi\/esther-dress-chains-and-flowers-old-pink\/#breadcrumb\",\"itemListElement\":[{\"@type\":\"ListItem\",\"position\":1,\"name\":\"Hem\",\"item\":\"https:\/\/www.fannymichel.se\/fi\/\"},{\"@type\":\"ListItem\",\"position\":2,\"name\":\"Shop\",\"item\":\"https:\/\/www.fannymichel.se\/butik\/\"},{\"@type\":\"ListItem\",\"position\":3,\"name\":\"Esther Dress &#8211; Chains and Flowers &#8211; Old Pink\"}]},{\"@type\":\"WebSite\",\"@id\":\"https:\/\/www.fannymichel.se\/fi\/#website\",\"url\":\"https:\/\/www.fannymichel.se\/fi\/\",\"name\":\"Fanny Michel\",\"description\":\"\",\"potentialAction\":[{\"@type\":\"SearchAction\",\"target\":{\"@type\":\"EntryPoint\",\"urlTemplate\":\"https:\/\/www.fannymichel.se\/fi\/?s={search_term_string}\"},\"query-input\":{\"@type\":\"PropertyValueSpecification\",\"valueRequired\":true,\"valueName\":\"search_term_string\"}}],\"inLanguage\":\"en-GB\"}]}<\/script>\n<!-- \/ Yoast SEO plugin. -->","yoast_head_json":{"title":"Esther Dress - Chains and Flowers - Old Pink - Fanny Michel","robots":{"index":"index","follow":"follow","max-snippet":"max-snippet:-1","max-image-preview":"max-image-preview:large","max-video-preview":"max-video-preview:-1"},"canonical":"https:\/\/www.fannymichel.se\/fi\/esther-dress-chains-and-flowers-old-pink\/","og_locale":"en_GB","og_type":"article","og_title":"Esther Dress - Chains and Flowers - Old Pink - Fanny Michel","og_description":"Snygg m\u00f6nstrad kl\u00e4nning med plisserad nederdel! Har knytband och res\u00e5r i midjan. M\u00f6nstret\/tryck p\u00e5 kl\u00e4nningen kan variera. M\u00e5tt p\u00e5 storlekarna: S\/36 L\u00e4ngd, axel och ner: ca 118 cm Armh\u00e5la till armh\u00e5la omkrets: ca 74 cm Midjeomkrets: ca 46 cm, kan stretchas till ca 86 cm M\/38 L\u00e4ngd, axel och ner: ca 120 cm Armh\u00e5la till [&hellip;]","og_url":"https:\/\/www.fannymichel.se\/fi\/esther-dress-chains-and-flowers-old-pink\/","og_site_name":"Fanny Michel","article_modified_time":"2024-06-24T18:34:46+00:00","twitter_card":"summary_large_image","twitter_misc":{"Estimated reading time":"1 minute"},"schema":{"@context":"https:\/\/schema.org","@graph":[{"@type":"WebPage","@id":"https:\/\/www.fannymichel.se\/fi\/esther-dress-chains-and-flowers-old-pink\/","url":"https:\/\/www.fannymichel.se\/fi\/esther-dress-chains-and-flowers-old-pink\/","name":"Esther Dress - Chains and Flowers - Old Pink - Fanny Michel","isPartOf":{"@id":"https:\/\/www.fannymichel.se\/fi\/#website"},"datePublished":"2024-05-23T16:13:10+00:00","dateModified":"2024-06-24T18:34:46+00:00","breadcrumb":{"@id":"https:\/\/www.fannymichel.se\/fi\/esther-dress-chains-and-flowers-old-pink\/#breadcrumb"},"inLanguage":"en-GB","potentialAction":[{"@type":"ReadAction","target":["https:\/\/www.fannymichel.se\/fi\/esther-dress-chains-and-flowers-old-pink\/"]}]},{"@type":"BreadcrumbList","@id":"https:\/\/www.fannymichel.se\/fi\/esther-dress-chains-and-flowers-old-pink\/#breadcrumb","itemListElement":[{"@type":"ListItem","position":1,"name":"Hem","item":"https:\/\/www.fannymichel.se\/fi\/"},{"@type":"ListItem","position":2,"name":"Shop","item":"https:\/\/www.fannymichel.se\/butik\/"},{"@type":"ListItem","position":3,"name":"Esther Dress &#8211; Chains and Flowers &#8211; Old Pink"}]},{"@type":"WebSite","@id":"https:\/\/www.fannymichel.se\/fi\/#website","url":"https:\/\/www.fannymichel.se\/fi\/","name":"Fanny Michel","description":"","potentialAction":[{"@type":"SearchAction","target":{"@type":"EntryPoint","urlTemplate":"https:\/\/www.fannymichel.se\/fi\/?s={search_term_string}"},"query-input":{"@type":"PropertyValueSpecification","valueRequired":true,"valueName":"search_term_string"}}],"inLanguage":"en-GB"}]}},"jetpack_sharing_enabled":true,"_links":{"self":[{"href":"https:\/\/www.fannymichel.se\/fi\/wp-json\/wp\/v2\/product\/15020","targetHints":{"allow":["GET"]}}],"collection":[{"href":"https:\/\/www.fannymichel.se\/fi\/wp-json\/wp\/v2\/product"}],"about":[{"href":"https:\/\/www.fannymichel.se\/fi\/wp-json\/wp\/v2\/types\/product"}],"replies":[{"embeddable":true,"href":"https:\/\/www.fannymichel.se\/fi\/wp-json\/wp\/v2\/comments?post=15020"}],"wp:attachment":[{"href":"https:\/\/www.fannymichel.se\/fi\/wp-json\/wp\/v2\/media?parent=15020"}],"wp:term":[{"taxonomy":"product_brand","embeddable":true,"href":"https:\/\/www.fannymichel.se\/fi\/wp-json\/wp\/v2\/product_brand?post=15020"},{"taxonomy":"product_cat","embeddable":true,"href":"https:\/\/www.fannymichel.se\/fi\/wp-json\/wp\/v2\/product_cat?post=15020"},{"taxonomy":"product_tag","embeddable":true,"href":"https:\/\/www.fannymichel.se\/fi\/wp-json\/wp\/v2\/product_tag?post=15020"}],"curies":[{"name":"wp","href":"https:\/\/api.w.org\/{rel}","templated":true}]}}