{"id":1404,"date":"2024-05-23T12:58:16","date_gmt":"2024-05-23T10:58:16","guid":{"rendered":"https:\/\/fannymichel.vivamedia.dev\/produkt\/shorts-1220-b3-arme\/"},"modified":"2025-03-18T10:49:27","modified_gmt":"2025-03-18T09:49:27","slug":"shorts-1220-b3-arme","status":"publish","type":"product","link":"https:\/\/www.fannymichel.se\/fi\/shorts-1220-b3-arme\/","title":{"rendered":"Shorts 1220-B3 &#8211; Arm\u00e9"},"content":{"rendered":"<p style=\"text-align:;font-size:13px\">Leveranstid: 1 &#8211; 4 arbetsdagar<br \/>\nFraktkostnad: 39 SEK<br \/>\nReturkostnad: 39 SEK. Om du vill g\u00f6ra ett byte s\u00e5 st\u00e5r vi f\u00f6r returkostnaden om du anv\u00e4nder dig av v\u00e5r retursedel.<\/p>\n<p style=\"text-align: center;font-size:18px\">Snygga arm\u00e9 shorts!<\/p>\n<p style=\"text-align: center;font-size:18px\">Ett m\u00e5ste i garderoben!<\/p>\n<p style=\"text-align:;font-size:15px\"> <i>M\u00f6nstret\/tryck p\u00e5 shortsen kan variera.<\/i><\/p>\n<p style=\"text-align:;font-size:15px\"><strong>F\u00e4rg:<\/strong> Arm\u00e9.<\/p>\n<p style=\"text-align:;font-size:15px\"><strong>Material:<\/strong> 97% Bomull, 3% Polyester<\/p>\n<p style=\"text-align:;font-size:15px\"><strong>Tv\u00e4ttr\u00e5d:<\/strong> 30 grader.<\/p>\n<p style=\"text-align:;font-size:15px\"><strong>Storlek:<\/strong> XS-XL.<br \/>\nNormal i storleken. Har stretch.<br \/>\nModellen p\u00e5 bilden har storleken XS\/34 p\u00e5 sig. <\/p>\n<p style=\"text-align:;font-size:15px\"><strong>XS\/34<\/strong><br \/>\nMidjem\u00e5tt: ca 70 cm<\/p>\n<p style=\"text-align:;font-size:15px\"><strong>S\/36<\/strong><br \/>\nMidjem\u00e5tt: ca 74 cm<\/p>\n<p style=\"text-align:;font-size:15px\"><strong>M\/38<\/strong><br \/>\nMidjem\u00e5tt: ca 76 cm<\/p>\n<p style=\"text-align:;font-size:15px\"><strong>L\/40<\/strong><br \/>\nMidjem\u00e5tt: ca 80 cm<\/p>\n<p style=\"text-align:;font-size:15px\"><strong>XL\/42<\/strong><br \/>\nMidjem\u00e5tt: ca 84 cm<\/p>\n","protected":false},"excerpt":{"rendered":"<p>Leveranstid: 1 &#8211; 4 arbetsdagar Fraktkostnad: 39 SEK Returkostnad: 39 SEK. Om du vill g\u00f6ra ett byte s\u00e5 st\u00e5r vi f\u00f6r returkostnaden om du anv\u00e4nder dig av v\u00e5r retursedel. Snygga arm\u00e9 shorts! Ett m\u00e5ste i garderoben! M\u00f6nstret\/tryck p\u00e5 shortsen kan variera. F\u00e4rg: Arm\u00e9. Material: 97% Bomull, 3% Polyester Tv\u00e4ttr\u00e5d: 30 grader. Storlek: XS-XL. Normal i [&hellip;]<\/p>\n","protected":false},"featured_media":0,"comment_status":"open","ping_status":"closed","template":"","meta":{"_acf_changed":false,"om_disable_all_campaigns":false},"product_brand":[],"product_cat":[15],"product_tag":[],"class_list":{"0":"post-1404","1":"product","2":"type-product","3":"status-publish","5":"product_cat-okategoriserad","7":"first","8":"outofstock","9":"taxable","10":"shipping-taxable","11":"purchasable","12":"product-type-variable"},"acf":[],"yoast_head":"<!-- This site is optimized with the Yoast SEO plugin v27.5 - https:\/\/yoast.com\/product\/yoast-seo-wordpress\/ -->\n<title>Shorts 1220-B3 - Arm\u00e9 - Fanny Michel<\/title>\n<meta name=\"robots\" content=\"index, follow, max-snippet:-1, max-image-preview:large, max-video-preview:-1\" \/>\n<link rel=\"canonical\" href=\"https:\/\/www.fannymichel.se\/fi\/shorts-1220-b3-arme\/\" \/>\n<meta property=\"og:locale\" content=\"en_GB\" \/>\n<meta property=\"og:type\" content=\"article\" \/>\n<meta property=\"og:title\" content=\"Shorts 1220-B3 - Arm\u00e9 - Fanny Michel\" \/>\n<meta property=\"og:description\" content=\"Leveranstid: 1 &#8211; 4 arbetsdagar Fraktkostnad: 39 SEK Returkostnad: 39 SEK. Om du vill g\u00f6ra ett byte s\u00e5 st\u00e5r vi f\u00f6r returkostnaden om du anv\u00e4nder dig av v\u00e5r retursedel. Snygga arm\u00e9 shorts! Ett m\u00e5ste i garderoben! M\u00f6nstret\/tryck p\u00e5 shortsen kan variera. F\u00e4rg: Arm\u00e9. Material: 97% Bomull, 3% Polyester Tv\u00e4ttr\u00e5d: 30 grader. Storlek: XS-XL. Normal i [&hellip;]\" \/>\n<meta property=\"og:url\" content=\"https:\/\/www.fannymichel.se\/fi\/shorts-1220-b3-arme\/\" \/>\n<meta property=\"og:site_name\" content=\"Fanny Michel\" \/>\n<meta property=\"article:modified_time\" content=\"2025-03-18T09:49:27+00:00\" \/>\n<meta name=\"twitter:card\" content=\"summary_large_image\" \/>\n<script type=\"application\/ld+json\" class=\"yoast-schema-graph\">{\"@context\":\"https:\\\/\\\/schema.org\",\"@graph\":[{\"@type\":\"WebPage\",\"@id\":\"https:\\\/\\\/www.fannymichel.se\\\/fi\\\/shorts-1220-b3-arme\\\/\",\"url\":\"https:\\\/\\\/www.fannymichel.se\\\/fi\\\/shorts-1220-b3-arme\\\/\",\"name\":\"Shorts 1220-B3 - Arm\u00e9 - Fanny Michel\",\"isPartOf\":{\"@id\":\"https:\\\/\\\/www.fannymichel.se\\\/fi\\\/#website\"},\"datePublished\":\"2024-05-23T10:58:16+00:00\",\"dateModified\":\"2025-03-18T09:49:27+00:00\",\"breadcrumb\":{\"@id\":\"https:\\\/\\\/www.fannymichel.se\\\/fi\\\/shorts-1220-b3-arme\\\/#breadcrumb\"},\"inLanguage\":\"en-GB\",\"potentialAction\":[{\"@type\":\"ReadAction\",\"target\":[\"https:\\\/\\\/www.fannymichel.se\\\/fi\\\/shorts-1220-b3-arme\\\/\"]}]},{\"@type\":\"BreadcrumbList\",\"@id\":\"https:\\\/\\\/www.fannymichel.se\\\/fi\\\/shorts-1220-b3-arme\\\/#breadcrumb\",\"itemListElement\":[{\"@type\":\"ListItem\",\"position\":1,\"name\":\"Hem\",\"item\":\"https:\\\/\\\/www.fannymichel.se\\\/fi\\\/\"},{\"@type\":\"ListItem\",\"position\":2,\"name\":\"Shop\",\"item\":\"https:\\\/\\\/www.fannymichel.se\\\/butik\\\/\"},{\"@type\":\"ListItem\",\"position\":3,\"name\":\"Shorts 1220-B3 &#8211; Arm\u00e9\"}]},{\"@type\":\"WebSite\",\"@id\":\"https:\\\/\\\/www.fannymichel.se\\\/fi\\\/#website\",\"url\":\"https:\\\/\\\/www.fannymichel.se\\\/fi\\\/\",\"name\":\"Fanny Michel\",\"description\":\"\",\"potentialAction\":[{\"@type\":\"SearchAction\",\"target\":{\"@type\":\"EntryPoint\",\"urlTemplate\":\"https:\\\/\\\/www.fannymichel.se\\\/fi\\\/?s={search_term_string}\"},\"query-input\":{\"@type\":\"PropertyValueSpecification\",\"valueRequired\":true,\"valueName\":\"search_term_string\"}}],\"inLanguage\":\"en-GB\"}]}<\/script>\n<!-- \/ Yoast SEO plugin. -->","yoast_head_json":{"title":"Shorts 1220-B3 - Arm\u00e9 - Fanny Michel","robots":{"index":"index","follow":"follow","max-snippet":"max-snippet:-1","max-image-preview":"max-image-preview:large","max-video-preview":"max-video-preview:-1"},"canonical":"https:\/\/www.fannymichel.se\/fi\/shorts-1220-b3-arme\/","og_locale":"en_GB","og_type":"article","og_title":"Shorts 1220-B3 - Arm\u00e9 - Fanny Michel","og_description":"Leveranstid: 1 &#8211; 4 arbetsdagar Fraktkostnad: 39 SEK Returkostnad: 39 SEK. Om du vill g\u00f6ra ett byte s\u00e5 st\u00e5r vi f\u00f6r returkostnaden om du anv\u00e4nder dig av v\u00e5r retursedel. Snygga arm\u00e9 shorts! Ett m\u00e5ste i garderoben! M\u00f6nstret\/tryck p\u00e5 shortsen kan variera. F\u00e4rg: Arm\u00e9. Material: 97% Bomull, 3% Polyester Tv\u00e4ttr\u00e5d: 30 grader. Storlek: XS-XL. Normal i [&hellip;]","og_url":"https:\/\/www.fannymichel.se\/fi\/shorts-1220-b3-arme\/","og_site_name":"Fanny Michel","article_modified_time":"2025-03-18T09:49:27+00:00","twitter_card":"summary_large_image","schema":{"@context":"https:\/\/schema.org","@graph":[{"@type":"WebPage","@id":"https:\/\/www.fannymichel.se\/fi\/shorts-1220-b3-arme\/","url":"https:\/\/www.fannymichel.se\/fi\/shorts-1220-b3-arme\/","name":"Shorts 1220-B3 - Arm\u00e9 - Fanny Michel","isPartOf":{"@id":"https:\/\/www.fannymichel.se\/fi\/#website"},"datePublished":"2024-05-23T10:58:16+00:00","dateModified":"2025-03-18T09:49:27+00:00","breadcrumb":{"@id":"https:\/\/www.fannymichel.se\/fi\/shorts-1220-b3-arme\/#breadcrumb"},"inLanguage":"en-GB","potentialAction":[{"@type":"ReadAction","target":["https:\/\/www.fannymichel.se\/fi\/shorts-1220-b3-arme\/"]}]},{"@type":"BreadcrumbList","@id":"https:\/\/www.fannymichel.se\/fi\/shorts-1220-b3-arme\/#breadcrumb","itemListElement":[{"@type":"ListItem","position":1,"name":"Hem","item":"https:\/\/www.fannymichel.se\/fi\/"},{"@type":"ListItem","position":2,"name":"Shop","item":"https:\/\/www.fannymichel.se\/butik\/"},{"@type":"ListItem","position":3,"name":"Shorts 1220-B3 &#8211; Arm\u00e9"}]},{"@type":"WebSite","@id":"https:\/\/www.fannymichel.se\/fi\/#website","url":"https:\/\/www.fannymichel.se\/fi\/","name":"Fanny Michel","description":"","potentialAction":[{"@type":"SearchAction","target":{"@type":"EntryPoint","urlTemplate":"https:\/\/www.fannymichel.se\/fi\/?s={search_term_string}"},"query-input":{"@type":"PropertyValueSpecification","valueRequired":true,"valueName":"search_term_string"}}],"inLanguage":"en-GB"}]}},"jetpack_sharing_enabled":true,"_links":{"self":[{"href":"https:\/\/www.fannymichel.se\/fi\/wp-json\/wp\/v2\/product\/1404","targetHints":{"allow":["GET"]}}],"collection":[{"href":"https:\/\/www.fannymichel.se\/fi\/wp-json\/wp\/v2\/product"}],"about":[{"href":"https:\/\/www.fannymichel.se\/fi\/wp-json\/wp\/v2\/types\/product"}],"replies":[{"embeddable":true,"href":"https:\/\/www.fannymichel.se\/fi\/wp-json\/wp\/v2\/comments?post=1404"}],"wp:attachment":[{"href":"https:\/\/www.fannymichel.se\/fi\/wp-json\/wp\/v2\/media?parent=1404"}],"wp:term":[{"taxonomy":"product_brand","embeddable":true,"href":"https:\/\/www.fannymichel.se\/fi\/wp-json\/wp\/v2\/product_brand?post=1404"},{"taxonomy":"product_cat","embeddable":true,"href":"https:\/\/www.fannymichel.se\/fi\/wp-json\/wp\/v2\/product_cat?post=1404"},{"taxonomy":"product_tag","embeddable":true,"href":"https:\/\/www.fannymichel.se\/fi\/wp-json\/wp\/v2\/product_tag?post=1404"}],"curies":[{"name":"wp","href":"https:\/\/api.w.org\/{rel}","templated":true}]}}