{"id":13855,"date":"2024-05-23T17:46:58","date_gmt":"2024-05-23T15:46:58","guid":{"rendered":"https:\/\/fannymichel.vivamedia.dev\/produkt\/natalia-oversize-troja-med-dragkedja-mustard\/"},"modified":"2024-06-20T16:58:10","modified_gmt":"2024-06-20T14:58:10","slug":"natalia-oversize-troja-med-dragkedja-mustard","status":"publish","type":"product","link":"https:\/\/www.fannymichel.se\/fi\/natalia-oversize-troja-med-dragkedja-mustard\/","title":{"rendered":"Natalia &#8211; Oversize tr\u00f6ja med Dragkedja &#8211; Mustard"},"content":{"rendered":"<p style=\"text-align:;font-size:13px\">Leveranstid: 1 &#8211; 3 arbetsdagar<br \/>\nFraktkostnad: 39 SEK<br \/>\nReturkostnad: 39 SEK. Om du vill g\u00f6ra ett byte s\u00e5 st\u00e5r vi f\u00f6r returkostnaden om du anv\u00e4nder dig av v\u00e5r retursedel.<\/p>\n<p style=\"text-align: center;font-size:18px\"> H\u00e4rlig oversize tr\u00f6ja med en silverf\u00e4rgad dragkedja!<\/p>\n<p style=\"text-align: center;font-size:18px\"> Tr\u00f6jan \u00e4r i tunnare, mjukt och lite stretchigt tyg.<\/p>\n<p style=\"text-align:;font-size:15px\"><strong>F\u00e4rg:<\/strong> Mustard<\/p>\n<p style=\"text-align:;font-size:15px\"><strong>Material:<\/strong> 97% Polyester, 3% Elasthane<\/p>\n<p style=\"text-align:;font-size:15px\"><strong>Tv\u00e4ttr\u00e5d:<\/strong> 40 grader<\/p>\n<p style=\"text-align:;font-size:15px\"><strong>Storlek:<\/strong> S\/M &amp; M\/L, stor i storleken.<\/p>\n<p style=\"text-align:;font-size:15px\"><strong>M\u00e5tt<\/strong><\/p>\n<p style=\"text-align:;font-size:15px\"><strong>S\/M<\/strong><br \/>\nArmh\u00e5la till armh\u00e5la omkrets: ca 168 cm<br \/>\nL\u00e4ngd, axel och ner: ca 77 cm<\/p>\n<p style=\"text-align:;font-size:15px\"><strong>M\/L<\/strong><br \/>\nArmh\u00e5la till armh\u00e5la omkrets: ca 176 cm<br \/>\nL\u00e4ngd, axel och ner: ca 77 cm<\/p>\n<p>Andra produkter p\u00e5 bilden:<br \/>\nKlicka p\u00e5 namnet s\u00e5 kommer du till produkten. \ud83d\ude42<br \/>\n<a href=\"\/nyheter\/jeans-jw6232-dragkedjor-ljustvatt\">Jeans JW6232 &#8211; Dragkedjor &#8211; Ljustv\u00e4tt<\/a><\/p>\n","protected":false},"excerpt":{"rendered":"<p>Leveranstid: 1 &#8211; 3 arbetsdagar Fraktkostnad: 39 SEK Returkostnad: 39 SEK. Om du vill g\u00f6ra ett byte s\u00e5 st\u00e5r vi f\u00f6r returkostnaden om du anv\u00e4nder dig av v\u00e5r retursedel. H\u00e4rlig oversize tr\u00f6ja med en silverf\u00e4rgad dragkedja! Tr\u00f6jan \u00e4r i tunnare, mjukt och lite stretchigt tyg. F\u00e4rg: Mustard Material: 97% Polyester, 3% Elasthane Tv\u00e4ttr\u00e5d: 40 grader [&hellip;]<\/p>\n","protected":false},"featured_media":0,"comment_status":"open","ping_status":"closed","template":"","meta":{"_acf_changed":false,"om_disable_all_campaigns":false},"product_brand":[],"product_cat":[15],"product_tag":[],"class_list":{"0":"post-13855","1":"product","2":"type-product","3":"status-publish","5":"product_cat-okategoriserad","7":"first","8":"outofstock","9":"taxable","10":"shipping-taxable","11":"purchasable","12":"product-type-variable"},"acf":[],"yoast_head":"<!-- This site is optimized with the Yoast SEO plugin v27.2 - https:\/\/yoast.com\/product\/yoast-seo-wordpress\/ -->\n<title>Natalia - Oversize tr\u00f6ja med Dragkedja - Mustard - Fanny Michel<\/title>\n<meta name=\"robots\" content=\"index, follow, max-snippet:-1, max-image-preview:large, max-video-preview:-1\" \/>\n<link rel=\"canonical\" href=\"https:\/\/www.fannymichel.se\/fi\/natalia-oversize-troja-med-dragkedja-mustard\/\" \/>\n<meta property=\"og:locale\" content=\"en_GB\" \/>\n<meta property=\"og:type\" content=\"article\" \/>\n<meta property=\"og:title\" content=\"Natalia - Oversize tr\u00f6ja med Dragkedja - Mustard - Fanny Michel\" \/>\n<meta property=\"og:description\" content=\"Leveranstid: 1 &#8211; 3 arbetsdagar Fraktkostnad: 39 SEK Returkostnad: 39 SEK. Om du vill g\u00f6ra ett byte s\u00e5 st\u00e5r vi f\u00f6r returkostnaden om du anv\u00e4nder dig av v\u00e5r retursedel. H\u00e4rlig oversize tr\u00f6ja med en silverf\u00e4rgad dragkedja! Tr\u00f6jan \u00e4r i tunnare, mjukt och lite stretchigt tyg. F\u00e4rg: Mustard Material: 97% Polyester, 3% Elasthane Tv\u00e4ttr\u00e5d: 40 grader [&hellip;]\" \/>\n<meta property=\"og:url\" content=\"https:\/\/www.fannymichel.se\/fi\/natalia-oversize-troja-med-dragkedja-mustard\/\" \/>\n<meta property=\"og:site_name\" content=\"Fanny Michel\" \/>\n<meta property=\"article:modified_time\" content=\"2024-06-20T14:58:10+00:00\" \/>\n<meta name=\"twitter:card\" content=\"summary_large_image\" \/>\n<meta name=\"twitter:label1\" content=\"Estimated reading time\" \/>\n\t<meta name=\"twitter:data1\" content=\"1 minute\" \/>\n<script type=\"application\/ld+json\" class=\"yoast-schema-graph\">{\"@context\":\"https:\/\/schema.org\",\"@graph\":[{\"@type\":\"WebPage\",\"@id\":\"https:\/\/www.fannymichel.se\/fi\/natalia-oversize-troja-med-dragkedja-mustard\/\",\"url\":\"https:\/\/www.fannymichel.se\/fi\/natalia-oversize-troja-med-dragkedja-mustard\/\",\"name\":\"Natalia - Oversize tr\u00f6ja med Dragkedja - Mustard - Fanny Michel\",\"isPartOf\":{\"@id\":\"https:\/\/www.fannymichel.se\/fi\/#website\"},\"datePublished\":\"2024-05-23T15:46:58+00:00\",\"dateModified\":\"2024-06-20T14:58:10+00:00\",\"breadcrumb\":{\"@id\":\"https:\/\/www.fannymichel.se\/fi\/natalia-oversize-troja-med-dragkedja-mustard\/#breadcrumb\"},\"inLanguage\":\"en-GB\",\"potentialAction\":[{\"@type\":\"ReadAction\",\"target\":[\"https:\/\/www.fannymichel.se\/fi\/natalia-oversize-troja-med-dragkedja-mustard\/\"]}]},{\"@type\":\"BreadcrumbList\",\"@id\":\"https:\/\/www.fannymichel.se\/fi\/natalia-oversize-troja-med-dragkedja-mustard\/#breadcrumb\",\"itemListElement\":[{\"@type\":\"ListItem\",\"position\":1,\"name\":\"Hem\",\"item\":\"https:\/\/www.fannymichel.se\/fi\/\"},{\"@type\":\"ListItem\",\"position\":2,\"name\":\"Shop\",\"item\":\"https:\/\/www.fannymichel.se\/butik\/\"},{\"@type\":\"ListItem\",\"position\":3,\"name\":\"Natalia &#8211; Oversize tr\u00f6ja med Dragkedja &#8211; Mustard\"}]},{\"@type\":\"WebSite\",\"@id\":\"https:\/\/www.fannymichel.se\/fi\/#website\",\"url\":\"https:\/\/www.fannymichel.se\/fi\/\",\"name\":\"Fanny Michel\",\"description\":\"\",\"potentialAction\":[{\"@type\":\"SearchAction\",\"target\":{\"@type\":\"EntryPoint\",\"urlTemplate\":\"https:\/\/www.fannymichel.se\/fi\/?s={search_term_string}\"},\"query-input\":{\"@type\":\"PropertyValueSpecification\",\"valueRequired\":true,\"valueName\":\"search_term_string\"}}],\"inLanguage\":\"en-GB\"}]}<\/script>\n<!-- \/ Yoast SEO plugin. -->","yoast_head_json":{"title":"Natalia - Oversize tr\u00f6ja med Dragkedja - Mustard - Fanny Michel","robots":{"index":"index","follow":"follow","max-snippet":"max-snippet:-1","max-image-preview":"max-image-preview:large","max-video-preview":"max-video-preview:-1"},"canonical":"https:\/\/www.fannymichel.se\/fi\/natalia-oversize-troja-med-dragkedja-mustard\/","og_locale":"en_GB","og_type":"article","og_title":"Natalia - Oversize tr\u00f6ja med Dragkedja - Mustard - Fanny Michel","og_description":"Leveranstid: 1 &#8211; 3 arbetsdagar Fraktkostnad: 39 SEK Returkostnad: 39 SEK. Om du vill g\u00f6ra ett byte s\u00e5 st\u00e5r vi f\u00f6r returkostnaden om du anv\u00e4nder dig av v\u00e5r retursedel. H\u00e4rlig oversize tr\u00f6ja med en silverf\u00e4rgad dragkedja! Tr\u00f6jan \u00e4r i tunnare, mjukt och lite stretchigt tyg. F\u00e4rg: Mustard Material: 97% Polyester, 3% Elasthane Tv\u00e4ttr\u00e5d: 40 grader [&hellip;]","og_url":"https:\/\/www.fannymichel.se\/fi\/natalia-oversize-troja-med-dragkedja-mustard\/","og_site_name":"Fanny Michel","article_modified_time":"2024-06-20T14:58:10+00:00","twitter_card":"summary_large_image","twitter_misc":{"Estimated reading time":"1 minute"},"schema":{"@context":"https:\/\/schema.org","@graph":[{"@type":"WebPage","@id":"https:\/\/www.fannymichel.se\/fi\/natalia-oversize-troja-med-dragkedja-mustard\/","url":"https:\/\/www.fannymichel.se\/fi\/natalia-oversize-troja-med-dragkedja-mustard\/","name":"Natalia - Oversize tr\u00f6ja med Dragkedja - Mustard - Fanny Michel","isPartOf":{"@id":"https:\/\/www.fannymichel.se\/fi\/#website"},"datePublished":"2024-05-23T15:46:58+00:00","dateModified":"2024-06-20T14:58:10+00:00","breadcrumb":{"@id":"https:\/\/www.fannymichel.se\/fi\/natalia-oversize-troja-med-dragkedja-mustard\/#breadcrumb"},"inLanguage":"en-GB","potentialAction":[{"@type":"ReadAction","target":["https:\/\/www.fannymichel.se\/fi\/natalia-oversize-troja-med-dragkedja-mustard\/"]}]},{"@type":"BreadcrumbList","@id":"https:\/\/www.fannymichel.se\/fi\/natalia-oversize-troja-med-dragkedja-mustard\/#breadcrumb","itemListElement":[{"@type":"ListItem","position":1,"name":"Hem","item":"https:\/\/www.fannymichel.se\/fi\/"},{"@type":"ListItem","position":2,"name":"Shop","item":"https:\/\/www.fannymichel.se\/butik\/"},{"@type":"ListItem","position":3,"name":"Natalia &#8211; Oversize tr\u00f6ja med Dragkedja &#8211; Mustard"}]},{"@type":"WebSite","@id":"https:\/\/www.fannymichel.se\/fi\/#website","url":"https:\/\/www.fannymichel.se\/fi\/","name":"Fanny Michel","description":"","potentialAction":[{"@type":"SearchAction","target":{"@type":"EntryPoint","urlTemplate":"https:\/\/www.fannymichel.se\/fi\/?s={search_term_string}"},"query-input":{"@type":"PropertyValueSpecification","valueRequired":true,"valueName":"search_term_string"}}],"inLanguage":"en-GB"}]}},"jetpack_sharing_enabled":true,"_links":{"self":[{"href":"https:\/\/www.fannymichel.se\/fi\/wp-json\/wp\/v2\/product\/13855","targetHints":{"allow":["GET"]}}],"collection":[{"href":"https:\/\/www.fannymichel.se\/fi\/wp-json\/wp\/v2\/product"}],"about":[{"href":"https:\/\/www.fannymichel.se\/fi\/wp-json\/wp\/v2\/types\/product"}],"replies":[{"embeddable":true,"href":"https:\/\/www.fannymichel.se\/fi\/wp-json\/wp\/v2\/comments?post=13855"}],"wp:attachment":[{"href":"https:\/\/www.fannymichel.se\/fi\/wp-json\/wp\/v2\/media?parent=13855"}],"wp:term":[{"taxonomy":"product_brand","embeddable":true,"href":"https:\/\/www.fannymichel.se\/fi\/wp-json\/wp\/v2\/product_brand?post=13855"},{"taxonomy":"product_cat","embeddable":true,"href":"https:\/\/www.fannymichel.se\/fi\/wp-json\/wp\/v2\/product_cat?post=13855"},{"taxonomy":"product_tag","embeddable":true,"href":"https:\/\/www.fannymichel.se\/fi\/wp-json\/wp\/v2\/product_tag?post=13855"}],"curies":[{"name":"wp","href":"https:\/\/api.w.org\/{rel}","templated":true}]}}