{"id":13661,"date":"2024-05-23T17:42:29","date_gmt":"2024-05-23T15:42:29","guid":{"rendered":"https:\/\/fannymichel.vivamedia.dev\/produkt\/martha-blommig-blus-med-knyt-o-smock-marine\/"},"modified":"2024-06-20T16:58:46","modified_gmt":"2024-06-20T14:58:46","slug":"martha-blommig-blus-med-knyt-o-smock-marine","status":"publish","type":"product","link":"https:\/\/www.fannymichel.se\/fi\/martha-blommig-blus-med-knyt-o-smock-marine\/","title":{"rendered":"Martha &#8211; Blommig blus med knyt o smock &#8211; Marine"},"content":{"rendered":"<p>Vacker blommig blus med knyt vid halsen samt smock l\u00e4ngst ner.<\/p>\n<p \/>\n\u00c4r i h\u00e4rligt tunt och stumt tyg.<\/p>\n<p \/>\n<p \/>\n<strong>M\u00e5tt p\u00e5 storlekarna:<\/strong><\/p>\n<p \/>\n<strong>S\/36<\/strong><\/p>\n<p \/>\nArmh\u00e5la till armh\u00e5la omkrets: ca 132 cm, kan stretchas till ca 162 cm<br \/>\nL\u00e4ngd, axel och ner: fram ca 61 cm<br \/>\nbak ca 67 cm<\/p>\n<p \/>\n<p><strong>M\/38<\/strong><\/p>\n<p \/>\nArmh\u00e5la till armh\u00e5la omkrets: ca 138 cm, kan stretchas till ca 176 cm.<br \/>\nL\u00e4ngd, axel och ner: fram ca 62 cm<br \/>\nbak ca 73 cm<\/p>\n<p \/>\n<p><strong>L\/40<\/strong><\/p>\n<p \/>\nArmh\u00e5la till armh\u00e5la omkrets: ca 138 cm, kan stretchas till ca 176 cm.<br \/>\nL\u00e4ngd, axel och ner: fram ca 62 cm<br \/>\nbak ca 73 cm<\/p>\n<p \/>\n&#8212;&#8212;&#8212;&#8212;&#8212;&#8212;&#8212;&#8212;&#8212;&#8212;&#8212;&#8212;&#8212;&#8212;&#8212;&#8212;&#8212;&#8212;&#8212;&#8212;&#8212;&#8212;&#8212;&#8212;<\/p>\n<p \/>\n<p \/>\nReturkostnad: 39 SEK. Om du vill g\u00f6ra ett byte s\u00e5 st\u00e5r vi f\u00f6r returkostnaden om du anv\u00e4nder dig av v\u00e5r retursedel.<\/p>\n","protected":false},"excerpt":{"rendered":"<p>Vacker blommig blus med knyt vid halsen samt smock l\u00e4ngst ner. \u00c4r i h\u00e4rligt tunt och stumt tyg. M\u00e5tt p\u00e5 storlekarna: S\/36 Armh\u00e5la till armh\u00e5la omkrets: ca 132 cm, kan stretchas till ca 162 cm L\u00e4ngd, axel och ner: fram ca 61 cm bak ca 67 cm M\/38 Armh\u00e5la till armh\u00e5la omkrets: ca 138 cm, [&hellip;]<\/p>\n","protected":false},"featured_media":0,"comment_status":"open","ping_status":"closed","template":"","meta":{"_acf_changed":false,"om_disable_all_campaigns":false},"product_brand":[],"product_cat":[15],"product_tag":[],"class_list":{"0":"post-13661","1":"product","2":"type-product","3":"status-publish","5":"product_cat-okategoriserad","7":"first","8":"outofstock","9":"taxable","10":"shipping-taxable","11":"purchasable","12":"product-type-variable"},"acf":[],"yoast_head":"<!-- This site is optimized with the Yoast SEO plugin v27.2 - https:\/\/yoast.com\/product\/yoast-seo-wordpress\/ -->\n<title>Martha - Blommig blus med knyt o smock - Marine - Fanny Michel<\/title>\n<meta name=\"robots\" content=\"index, follow, max-snippet:-1, max-image-preview:large, max-video-preview:-1\" \/>\n<link rel=\"canonical\" href=\"https:\/\/www.fannymichel.se\/fi\/martha-blommig-blus-med-knyt-o-smock-marine\/\" \/>\n<meta property=\"og:locale\" content=\"en_GB\" \/>\n<meta property=\"og:type\" content=\"article\" \/>\n<meta property=\"og:title\" content=\"Martha - Blommig blus med knyt o smock - Marine - Fanny Michel\" \/>\n<meta property=\"og:description\" content=\"Vacker blommig blus med knyt vid halsen samt smock l\u00e4ngst ner. \u00c4r i h\u00e4rligt tunt och stumt tyg. M\u00e5tt p\u00e5 storlekarna: S\/36 Armh\u00e5la till armh\u00e5la omkrets: ca 132 cm, kan stretchas till ca 162 cm L\u00e4ngd, axel och ner: fram ca 61 cm bak ca 67 cm M\/38 Armh\u00e5la till armh\u00e5la omkrets: ca 138 cm, [&hellip;]\" \/>\n<meta property=\"og:url\" content=\"https:\/\/www.fannymichel.se\/fi\/martha-blommig-blus-med-knyt-o-smock-marine\/\" \/>\n<meta property=\"og:site_name\" content=\"Fanny Michel\" \/>\n<meta property=\"article:modified_time\" content=\"2024-06-20T14:58:46+00:00\" \/>\n<meta name=\"twitter:card\" content=\"summary_large_image\" \/>\n<meta name=\"twitter:label1\" content=\"Estimated reading time\" \/>\n\t<meta name=\"twitter:data1\" content=\"1 minute\" \/>\n<script type=\"application\/ld+json\" class=\"yoast-schema-graph\">{\"@context\":\"https:\/\/schema.org\",\"@graph\":[{\"@type\":\"WebPage\",\"@id\":\"https:\/\/www.fannymichel.se\/fi\/martha-blommig-blus-med-knyt-o-smock-marine\/\",\"url\":\"https:\/\/www.fannymichel.se\/fi\/martha-blommig-blus-med-knyt-o-smock-marine\/\",\"name\":\"Martha - Blommig blus med knyt o smock - Marine - Fanny Michel\",\"isPartOf\":{\"@id\":\"https:\/\/www.fannymichel.se\/fi\/#website\"},\"datePublished\":\"2024-05-23T15:42:29+00:00\",\"dateModified\":\"2024-06-20T14:58:46+00:00\",\"breadcrumb\":{\"@id\":\"https:\/\/www.fannymichel.se\/fi\/martha-blommig-blus-med-knyt-o-smock-marine\/#breadcrumb\"},\"inLanguage\":\"en-GB\",\"potentialAction\":[{\"@type\":\"ReadAction\",\"target\":[\"https:\/\/www.fannymichel.se\/fi\/martha-blommig-blus-med-knyt-o-smock-marine\/\"]}]},{\"@type\":\"BreadcrumbList\",\"@id\":\"https:\/\/www.fannymichel.se\/fi\/martha-blommig-blus-med-knyt-o-smock-marine\/#breadcrumb\",\"itemListElement\":[{\"@type\":\"ListItem\",\"position\":1,\"name\":\"Hem\",\"item\":\"https:\/\/www.fannymichel.se\/fi\/\"},{\"@type\":\"ListItem\",\"position\":2,\"name\":\"Shop\",\"item\":\"https:\/\/www.fannymichel.se\/butik\/\"},{\"@type\":\"ListItem\",\"position\":3,\"name\":\"Martha &#8211; Blommig blus med knyt o smock &#8211; Marine\"}]},{\"@type\":\"WebSite\",\"@id\":\"https:\/\/www.fannymichel.se\/fi\/#website\",\"url\":\"https:\/\/www.fannymichel.se\/fi\/\",\"name\":\"Fanny Michel\",\"description\":\"\",\"potentialAction\":[{\"@type\":\"SearchAction\",\"target\":{\"@type\":\"EntryPoint\",\"urlTemplate\":\"https:\/\/www.fannymichel.se\/fi\/?s={search_term_string}\"},\"query-input\":{\"@type\":\"PropertyValueSpecification\",\"valueRequired\":true,\"valueName\":\"search_term_string\"}}],\"inLanguage\":\"en-GB\"}]}<\/script>\n<!-- \/ Yoast SEO plugin. -->","yoast_head_json":{"title":"Martha - Blommig blus med knyt o smock - Marine - Fanny Michel","robots":{"index":"index","follow":"follow","max-snippet":"max-snippet:-1","max-image-preview":"max-image-preview:large","max-video-preview":"max-video-preview:-1"},"canonical":"https:\/\/www.fannymichel.se\/fi\/martha-blommig-blus-med-knyt-o-smock-marine\/","og_locale":"en_GB","og_type":"article","og_title":"Martha - Blommig blus med knyt o smock - Marine - Fanny Michel","og_description":"Vacker blommig blus med knyt vid halsen samt smock l\u00e4ngst ner. \u00c4r i h\u00e4rligt tunt och stumt tyg. M\u00e5tt p\u00e5 storlekarna: S\/36 Armh\u00e5la till armh\u00e5la omkrets: ca 132 cm, kan stretchas till ca 162 cm L\u00e4ngd, axel och ner: fram ca 61 cm bak ca 67 cm M\/38 Armh\u00e5la till armh\u00e5la omkrets: ca 138 cm, [&hellip;]","og_url":"https:\/\/www.fannymichel.se\/fi\/martha-blommig-blus-med-knyt-o-smock-marine\/","og_site_name":"Fanny Michel","article_modified_time":"2024-06-20T14:58:46+00:00","twitter_card":"summary_large_image","twitter_misc":{"Estimated reading time":"1 minute"},"schema":{"@context":"https:\/\/schema.org","@graph":[{"@type":"WebPage","@id":"https:\/\/www.fannymichel.se\/fi\/martha-blommig-blus-med-knyt-o-smock-marine\/","url":"https:\/\/www.fannymichel.se\/fi\/martha-blommig-blus-med-knyt-o-smock-marine\/","name":"Martha - Blommig blus med knyt o smock - Marine - Fanny Michel","isPartOf":{"@id":"https:\/\/www.fannymichel.se\/fi\/#website"},"datePublished":"2024-05-23T15:42:29+00:00","dateModified":"2024-06-20T14:58:46+00:00","breadcrumb":{"@id":"https:\/\/www.fannymichel.se\/fi\/martha-blommig-blus-med-knyt-o-smock-marine\/#breadcrumb"},"inLanguage":"en-GB","potentialAction":[{"@type":"ReadAction","target":["https:\/\/www.fannymichel.se\/fi\/martha-blommig-blus-med-knyt-o-smock-marine\/"]}]},{"@type":"BreadcrumbList","@id":"https:\/\/www.fannymichel.se\/fi\/martha-blommig-blus-med-knyt-o-smock-marine\/#breadcrumb","itemListElement":[{"@type":"ListItem","position":1,"name":"Hem","item":"https:\/\/www.fannymichel.se\/fi\/"},{"@type":"ListItem","position":2,"name":"Shop","item":"https:\/\/www.fannymichel.se\/butik\/"},{"@type":"ListItem","position":3,"name":"Martha &#8211; Blommig blus med knyt o smock &#8211; Marine"}]},{"@type":"WebSite","@id":"https:\/\/www.fannymichel.se\/fi\/#website","url":"https:\/\/www.fannymichel.se\/fi\/","name":"Fanny Michel","description":"","potentialAction":[{"@type":"SearchAction","target":{"@type":"EntryPoint","urlTemplate":"https:\/\/www.fannymichel.se\/fi\/?s={search_term_string}"},"query-input":{"@type":"PropertyValueSpecification","valueRequired":true,"valueName":"search_term_string"}}],"inLanguage":"en-GB"}]}},"jetpack_sharing_enabled":true,"_links":{"self":[{"href":"https:\/\/www.fannymichel.se\/fi\/wp-json\/wp\/v2\/product\/13661","targetHints":{"allow":["GET"]}}],"collection":[{"href":"https:\/\/www.fannymichel.se\/fi\/wp-json\/wp\/v2\/product"}],"about":[{"href":"https:\/\/www.fannymichel.se\/fi\/wp-json\/wp\/v2\/types\/product"}],"replies":[{"embeddable":true,"href":"https:\/\/www.fannymichel.se\/fi\/wp-json\/wp\/v2\/comments?post=13661"}],"wp:attachment":[{"href":"https:\/\/www.fannymichel.se\/fi\/wp-json\/wp\/v2\/media?parent=13661"}],"wp:term":[{"taxonomy":"product_brand","embeddable":true,"href":"https:\/\/www.fannymichel.se\/fi\/wp-json\/wp\/v2\/product_brand?post=13661"},{"taxonomy":"product_cat","embeddable":true,"href":"https:\/\/www.fannymichel.se\/fi\/wp-json\/wp\/v2\/product_cat?post=13661"},{"taxonomy":"product_tag","embeddable":true,"href":"https:\/\/www.fannymichel.se\/fi\/wp-json\/wp\/v2\/product_tag?post=13661"}],"curies":[{"name":"wp","href":"https:\/\/api.w.org\/{rel}","templated":true}]}}