{"id":13105,"date":"2024-05-23T17:30:32","date_gmt":"2024-05-23T15:30:32","guid":{"rendered":"https:\/\/fannymichel.vivamedia.dev\/produkt\/annalise-langtunika-med-resar-armar-guldkedjor\/"},"modified":"2024-06-20T17:00:34","modified_gmt":"2024-06-20T15:00:34","slug":"annalise-langtunika-med-resar-armar-guldkedjor","status":"publish","type":"product","link":"https:\/\/www.fannymichel.se\/fi\/annalise-langtunika-med-resar-armar-guldkedjor\/","title":{"rendered":"Annalise &#8211; L\u00e5ngtunika med Res\u00e5r \u00e4rmar &#8211; Guldkedjor"},"content":{"rendered":"<p style=\"text-align:;font-size:13px\">Fraktkostnad: 39 SEK<br \/>\nReturkostnad: 39 SEK. Om du vill g\u00f6ra ett byte s\u00e5 st\u00e5r vi f\u00f6r returkostnaden om du anv\u00e4nder dig av v\u00e5r retursedel.<\/p>\n<p style=\"text-align: center;font-size:18px\"> Snygg m\u00f6nstrad l\u00e5ngtunika med res\u00e5r \u00e4rmar!<\/p>\n<p style=\"text-align: center;font-size:18px\"> \u00c4r i h\u00e4rligt, stumt och glansigt tyg.<\/p>\n<p style=\"text-align:;font-size:15px\"> <i>M\u00f6nstret\/tryck p\u00e5 tunikan kan variera.<\/i><\/p>\n<p style=\"text-align:;font-size:15px\"><strong>F\u00e4rg:<\/strong> Svart\/Guld<\/p>\n<p style=\"text-align:;font-size:15px\"><strong>Material:<\/strong> 95% Polyester, 5% Elasthane<\/p>\n<p style=\"text-align:;font-size:15px\"><strong>Tv\u00e4ttr\u00e5d:<\/strong> 30 grader<\/p>\n<p style=\"text-align:;font-size:15px\"><strong>Storlek:<\/strong> S\/M &amp; L\/XL, <\/p>\n<p style=\"text-align:;font-size:15px\"><strong>M\u00e5tt<\/strong><\/p>\n<p style=\"text-align:;font-size:15px\"><strong>S\/M<\/strong><br \/>\nArmh\u00e5la till armh\u00e5la omkrets: ca 102 cm<br \/>\nL\u00e4ngd, axel och ner: fram ca 57 cm<br \/>\nbak ca 123 cm<\/p>\n<p style=\"text-align:;font-size:15px\"><strong>L\/XL<\/strong><br \/>\nArmh\u00e5la till armh\u00e5la omkrets: ca 106 cm<br \/>\nL\u00e4ngd, axel och ner: fram ca 63 cm<br \/>\nbak ca 132 cm<\/p>\n<p>Andra produkter p\u00e5 bilden:<br \/>\nKlicka p\u00e5 namnet s\u00e5 kommer du till produkten. \ud83d\ude42<br \/>\n<a href=\"\/nyheter\/byxor-9299-f107-snakemonster-svart\">Byxor 9299-F107 &#8211; Snakem\u00f6nster &#8211; Svart<\/a><\/p>\n","protected":false},"excerpt":{"rendered":"<p>Fraktkostnad: 39 SEK Returkostnad: 39 SEK. Om du vill g\u00f6ra ett byte s\u00e5 st\u00e5r vi f\u00f6r returkostnaden om du anv\u00e4nder dig av v\u00e5r retursedel. Snygg m\u00f6nstrad l\u00e5ngtunika med res\u00e5r \u00e4rmar! \u00c4r i h\u00e4rligt, stumt och glansigt tyg. M\u00f6nstret\/tryck p\u00e5 tunikan kan variera. F\u00e4rg: Svart\/Guld Material: 95% Polyester, 5% Elasthane Tv\u00e4ttr\u00e5d: 30 grader Storlek: S\/M &amp; [&hellip;]<\/p>\n","protected":false},"featured_media":0,"comment_status":"open","ping_status":"closed","template":"","meta":{"_acf_changed":false,"om_disable_all_campaigns":false},"product_brand":[],"product_cat":[15],"product_tag":[],"class_list":{"0":"post-13105","1":"product","2":"type-product","3":"status-publish","5":"product_cat-okategoriserad","7":"first","8":"outofstock","9":"taxable","10":"shipping-taxable","11":"purchasable","12":"product-type-variable"},"acf":[],"yoast_head":"<!-- This site is optimized with the Yoast SEO plugin v27.2 - https:\/\/yoast.com\/product\/yoast-seo-wordpress\/ -->\n<title>Annalise - L\u00e5ngtunika med Res\u00e5r \u00e4rmar - Guldkedjor - Fanny Michel<\/title>\n<meta name=\"robots\" content=\"index, follow, max-snippet:-1, max-image-preview:large, max-video-preview:-1\" \/>\n<link rel=\"canonical\" href=\"https:\/\/www.fannymichel.se\/fi\/annalise-langtunika-med-resar-armar-guldkedjor\/\" \/>\n<meta property=\"og:locale\" content=\"en_GB\" \/>\n<meta property=\"og:type\" content=\"article\" \/>\n<meta property=\"og:title\" content=\"Annalise - L\u00e5ngtunika med Res\u00e5r \u00e4rmar - Guldkedjor - Fanny Michel\" \/>\n<meta property=\"og:description\" content=\"Fraktkostnad: 39 SEK Returkostnad: 39 SEK. Om du vill g\u00f6ra ett byte s\u00e5 st\u00e5r vi f\u00f6r returkostnaden om du anv\u00e4nder dig av v\u00e5r retursedel. Snygg m\u00f6nstrad l\u00e5ngtunika med res\u00e5r \u00e4rmar! \u00c4r i h\u00e4rligt, stumt och glansigt tyg. M\u00f6nstret\/tryck p\u00e5 tunikan kan variera. F\u00e4rg: Svart\/Guld Material: 95% Polyester, 5% Elasthane Tv\u00e4ttr\u00e5d: 30 grader Storlek: S\/M &amp; [&hellip;]\" \/>\n<meta property=\"og:url\" content=\"https:\/\/www.fannymichel.se\/fi\/annalise-langtunika-med-resar-armar-guldkedjor\/\" \/>\n<meta property=\"og:site_name\" content=\"Fanny Michel\" \/>\n<meta property=\"article:modified_time\" content=\"2024-06-20T15:00:34+00:00\" \/>\n<meta name=\"twitter:card\" content=\"summary_large_image\" \/>\n<meta name=\"twitter:label1\" content=\"Estimated reading time\" \/>\n\t<meta name=\"twitter:data1\" content=\"1 minute\" \/>\n<script type=\"application\/ld+json\" class=\"yoast-schema-graph\">{\"@context\":\"https:\/\/schema.org\",\"@graph\":[{\"@type\":\"WebPage\",\"@id\":\"https:\/\/www.fannymichel.se\/fi\/annalise-langtunika-med-resar-armar-guldkedjor\/\",\"url\":\"https:\/\/www.fannymichel.se\/fi\/annalise-langtunika-med-resar-armar-guldkedjor\/\",\"name\":\"Annalise - L\u00e5ngtunika med Res\u00e5r \u00e4rmar - Guldkedjor - Fanny Michel\",\"isPartOf\":{\"@id\":\"https:\/\/www.fannymichel.se\/fi\/#website\"},\"datePublished\":\"2024-05-23T15:30:32+00:00\",\"dateModified\":\"2024-06-20T15:00:34+00:00\",\"breadcrumb\":{\"@id\":\"https:\/\/www.fannymichel.se\/fi\/annalise-langtunika-med-resar-armar-guldkedjor\/#breadcrumb\"},\"inLanguage\":\"en-GB\",\"potentialAction\":[{\"@type\":\"ReadAction\",\"target\":[\"https:\/\/www.fannymichel.se\/fi\/annalise-langtunika-med-resar-armar-guldkedjor\/\"]}]},{\"@type\":\"BreadcrumbList\",\"@id\":\"https:\/\/www.fannymichel.se\/fi\/annalise-langtunika-med-resar-armar-guldkedjor\/#breadcrumb\",\"itemListElement\":[{\"@type\":\"ListItem\",\"position\":1,\"name\":\"Hem\",\"item\":\"https:\/\/www.fannymichel.se\/fi\/\"},{\"@type\":\"ListItem\",\"position\":2,\"name\":\"Shop\",\"item\":\"https:\/\/www.fannymichel.se\/butik\/\"},{\"@type\":\"ListItem\",\"position\":3,\"name\":\"Annalise &#8211; L\u00e5ngtunika med Res\u00e5r \u00e4rmar &#8211; Guldkedjor\"}]},{\"@type\":\"WebSite\",\"@id\":\"https:\/\/www.fannymichel.se\/fi\/#website\",\"url\":\"https:\/\/www.fannymichel.se\/fi\/\",\"name\":\"Fanny Michel\",\"description\":\"\",\"potentialAction\":[{\"@type\":\"SearchAction\",\"target\":{\"@type\":\"EntryPoint\",\"urlTemplate\":\"https:\/\/www.fannymichel.se\/fi\/?s={search_term_string}\"},\"query-input\":{\"@type\":\"PropertyValueSpecification\",\"valueRequired\":true,\"valueName\":\"search_term_string\"}}],\"inLanguage\":\"en-GB\"}]}<\/script>\n<!-- \/ Yoast SEO plugin. -->","yoast_head_json":{"title":"Annalise - L\u00e5ngtunika med Res\u00e5r \u00e4rmar - Guldkedjor - Fanny Michel","robots":{"index":"index","follow":"follow","max-snippet":"max-snippet:-1","max-image-preview":"max-image-preview:large","max-video-preview":"max-video-preview:-1"},"canonical":"https:\/\/www.fannymichel.se\/fi\/annalise-langtunika-med-resar-armar-guldkedjor\/","og_locale":"en_GB","og_type":"article","og_title":"Annalise - L\u00e5ngtunika med Res\u00e5r \u00e4rmar - Guldkedjor - Fanny Michel","og_description":"Fraktkostnad: 39 SEK Returkostnad: 39 SEK. Om du vill g\u00f6ra ett byte s\u00e5 st\u00e5r vi f\u00f6r returkostnaden om du anv\u00e4nder dig av v\u00e5r retursedel. Snygg m\u00f6nstrad l\u00e5ngtunika med res\u00e5r \u00e4rmar! \u00c4r i h\u00e4rligt, stumt och glansigt tyg. M\u00f6nstret\/tryck p\u00e5 tunikan kan variera. F\u00e4rg: Svart\/Guld Material: 95% Polyester, 5% Elasthane Tv\u00e4ttr\u00e5d: 30 grader Storlek: S\/M &amp; [&hellip;]","og_url":"https:\/\/www.fannymichel.se\/fi\/annalise-langtunika-med-resar-armar-guldkedjor\/","og_site_name":"Fanny Michel","article_modified_time":"2024-06-20T15:00:34+00:00","twitter_card":"summary_large_image","twitter_misc":{"Estimated reading time":"1 minute"},"schema":{"@context":"https:\/\/schema.org","@graph":[{"@type":"WebPage","@id":"https:\/\/www.fannymichel.se\/fi\/annalise-langtunika-med-resar-armar-guldkedjor\/","url":"https:\/\/www.fannymichel.se\/fi\/annalise-langtunika-med-resar-armar-guldkedjor\/","name":"Annalise - L\u00e5ngtunika med Res\u00e5r \u00e4rmar - Guldkedjor - Fanny Michel","isPartOf":{"@id":"https:\/\/www.fannymichel.se\/fi\/#website"},"datePublished":"2024-05-23T15:30:32+00:00","dateModified":"2024-06-20T15:00:34+00:00","breadcrumb":{"@id":"https:\/\/www.fannymichel.se\/fi\/annalise-langtunika-med-resar-armar-guldkedjor\/#breadcrumb"},"inLanguage":"en-GB","potentialAction":[{"@type":"ReadAction","target":["https:\/\/www.fannymichel.se\/fi\/annalise-langtunika-med-resar-armar-guldkedjor\/"]}]},{"@type":"BreadcrumbList","@id":"https:\/\/www.fannymichel.se\/fi\/annalise-langtunika-med-resar-armar-guldkedjor\/#breadcrumb","itemListElement":[{"@type":"ListItem","position":1,"name":"Hem","item":"https:\/\/www.fannymichel.se\/fi\/"},{"@type":"ListItem","position":2,"name":"Shop","item":"https:\/\/www.fannymichel.se\/butik\/"},{"@type":"ListItem","position":3,"name":"Annalise &#8211; L\u00e5ngtunika med Res\u00e5r \u00e4rmar &#8211; Guldkedjor"}]},{"@type":"WebSite","@id":"https:\/\/www.fannymichel.se\/fi\/#website","url":"https:\/\/www.fannymichel.se\/fi\/","name":"Fanny Michel","description":"","potentialAction":[{"@type":"SearchAction","target":{"@type":"EntryPoint","urlTemplate":"https:\/\/www.fannymichel.se\/fi\/?s={search_term_string}"},"query-input":{"@type":"PropertyValueSpecification","valueRequired":true,"valueName":"search_term_string"}}],"inLanguage":"en-GB"}]}},"jetpack_sharing_enabled":true,"_links":{"self":[{"href":"https:\/\/www.fannymichel.se\/fi\/wp-json\/wp\/v2\/product\/13105","targetHints":{"allow":["GET"]}}],"collection":[{"href":"https:\/\/www.fannymichel.se\/fi\/wp-json\/wp\/v2\/product"}],"about":[{"href":"https:\/\/www.fannymichel.se\/fi\/wp-json\/wp\/v2\/types\/product"}],"replies":[{"embeddable":true,"href":"https:\/\/www.fannymichel.se\/fi\/wp-json\/wp\/v2\/comments?post=13105"}],"wp:attachment":[{"href":"https:\/\/www.fannymichel.se\/fi\/wp-json\/wp\/v2\/media?parent=13105"}],"wp:term":[{"taxonomy":"product_brand","embeddable":true,"href":"https:\/\/www.fannymichel.se\/fi\/wp-json\/wp\/v2\/product_brand?post=13105"},{"taxonomy":"product_cat","embeddable":true,"href":"https:\/\/www.fannymichel.se\/fi\/wp-json\/wp\/v2\/product_cat?post=13105"},{"taxonomy":"product_tag","embeddable":true,"href":"https:\/\/www.fannymichel.se\/fi\/wp-json\/wp\/v2\/product_tag?post=13105"}],"curies":[{"name":"wp","href":"https:\/\/api.w.org\/{rel}","templated":true}]}}