{"id":12832,"date":"2024-05-23T17:24:46","date_gmt":"2024-05-23T15:24:46","guid":{"rendered":"https:\/\/fannymichel.vivamedia.dev\/produkt\/jenny-fuskpalsjacka-svart\/"},"modified":"2024-06-20T17:02:11","modified_gmt":"2024-06-20T15:02:11","slug":"jenny-fuskpalsjacka-svart","status":"publish","type":"product","link":"https:\/\/www.fannymichel.se\/fi\/jenny-fuskpalsjacka-svart\/","title":{"rendered":"Jenny &#8211; Fuskp\u00e4lsjacka &#8211; Svart"},"content":{"rendered":"<p style=\"text-align:;font-size:13px\">Fraktkostnad: 39 SEK<br \/>\nReturkostnad: 39 SEK. Om du vill g\u00f6ra ett byte s\u00e5 st\u00e5r vi f\u00f6r returkostnaden om du anv\u00e4nder dig av v\u00e5r retursedel.<\/p>\n<p style=\"text-align: center;font-size:18px\"> H\u00e4rlig fuskp\u00e4lsjacka!<\/p>\n<p style=\"text-align: center;font-size:18px\"> Jackan har fickor och st\u00e4ngs med tryckknappar.<\/p>\n<p style=\"text-align:;font-size:15px\"><strong>F\u00e4rg:<\/strong> Svart<\/p>\n<p style=\"text-align:;font-size:15px\"><strong>Material:<\/strong> 80% Akryl, 20% Polyester<\/p>\n<p style=\"text-align:;font-size:15px\"><strong>Tv\u00e4ttr\u00e5d:<\/strong> Handtv\u00e4tt<\/p>\n<p style=\"text-align:;font-size:15px\"><strong>Storlek:<\/strong> S\/M &#8211; M\/L, mer liten \u00e4n stor i storleken.<br \/>\nModellen p\u00e5 bilden har storlek S\/36 p\u00e5 sig. \ud83d\ude42<\/p>\n<p style=\"text-align:;font-size:15px\"> Alla m\u00e5tten \u00e4r tagna n\u00e4r jackan \u00e4r st\u00e4ngd.<\/p>\n<p style=\"text-align:;font-size:15px\"><strong>S\/M<\/strong><br \/>\nArmh\u00e5la till armh\u00e5la omkrets: ca 104 cm<br \/>\nL\u00e4ngd axel och ner: ca 81 cm<\/p>\n<p style=\"text-align:;font-size:15px\"><strong>M\/L<\/strong><br \/>\nArmh\u00e5la till armh\u00e5la omkrets: ca 110 cm<br \/>\nL\u00e4ngd axel och ner: ca 85 cm<\/p>\n<p>Andra produkter p\u00e5 bilden:<br \/>\nKlicka p\u00e5 namnet s\u00e5 kommer du till produkten. \ud83d\ude42<br \/>\n<a href=\"\/nyheter\/byxor-9299-f107-snakemonster-svart\">Byxor 9299-F107 &#8211; Snakem\u00f6nster &#8211; Svart<\/a><\/p>\n","protected":false},"excerpt":{"rendered":"<p>Fraktkostnad: 39 SEK Returkostnad: 39 SEK. Om du vill g\u00f6ra ett byte s\u00e5 st\u00e5r vi f\u00f6r returkostnaden om du anv\u00e4nder dig av v\u00e5r retursedel. H\u00e4rlig fuskp\u00e4lsjacka! Jackan har fickor och st\u00e4ngs med tryckknappar. F\u00e4rg: Svart Material: 80% Akryl, 20% Polyester Tv\u00e4ttr\u00e5d: Handtv\u00e4tt Storlek: S\/M &#8211; M\/L, mer liten \u00e4n stor i storleken. Modellen p\u00e5 bilden [&hellip;]<\/p>\n","protected":false},"featured_media":0,"comment_status":"open","ping_status":"closed","template":"","meta":{"_acf_changed":false,"om_disable_all_campaigns":false},"product_brand":[],"product_cat":[15],"product_tag":[],"class_list":{"0":"post-12832","1":"product","2":"type-product","3":"status-publish","5":"product_cat-okategoriserad","7":"first","8":"outofstock","9":"sale","10":"taxable","11":"shipping-taxable","12":"purchasable","13":"product-type-variable"},"acf":[],"yoast_head":"<!-- This site is optimized with the Yoast SEO plugin v27.2 - https:\/\/yoast.com\/product\/yoast-seo-wordpress\/ -->\n<title>Jenny - Fuskp\u00e4lsjacka - Svart - Fanny Michel<\/title>\n<meta name=\"robots\" content=\"index, follow, max-snippet:-1, max-image-preview:large, max-video-preview:-1\" \/>\n<link rel=\"canonical\" href=\"https:\/\/www.fannymichel.se\/fi\/jenny-fuskpalsjacka-svart\/\" \/>\n<meta property=\"og:locale\" content=\"en_GB\" \/>\n<meta property=\"og:type\" content=\"article\" \/>\n<meta property=\"og:title\" content=\"Jenny - Fuskp\u00e4lsjacka - Svart - Fanny Michel\" \/>\n<meta property=\"og:description\" content=\"Fraktkostnad: 39 SEK Returkostnad: 39 SEK. Om du vill g\u00f6ra ett byte s\u00e5 st\u00e5r vi f\u00f6r returkostnaden om du anv\u00e4nder dig av v\u00e5r retursedel. H\u00e4rlig fuskp\u00e4lsjacka! Jackan har fickor och st\u00e4ngs med tryckknappar. F\u00e4rg: Svart Material: 80% Akryl, 20% Polyester Tv\u00e4ttr\u00e5d: Handtv\u00e4tt Storlek: S\/M &#8211; M\/L, mer liten \u00e4n stor i storleken. Modellen p\u00e5 bilden [&hellip;]\" \/>\n<meta property=\"og:url\" content=\"https:\/\/www.fannymichel.se\/fi\/jenny-fuskpalsjacka-svart\/\" \/>\n<meta property=\"og:site_name\" content=\"Fanny Michel\" \/>\n<meta property=\"article:modified_time\" content=\"2024-06-20T15:02:11+00:00\" \/>\n<meta name=\"twitter:card\" content=\"summary_large_image\" \/>\n<meta name=\"twitter:label1\" content=\"Estimated reading time\" \/>\n\t<meta name=\"twitter:data1\" content=\"1 minute\" \/>\n<script type=\"application\/ld+json\" class=\"yoast-schema-graph\">{\"@context\":\"https:\/\/schema.org\",\"@graph\":[{\"@type\":\"WebPage\",\"@id\":\"https:\/\/www.fannymichel.se\/fi\/jenny-fuskpalsjacka-svart\/\",\"url\":\"https:\/\/www.fannymichel.se\/fi\/jenny-fuskpalsjacka-svart\/\",\"name\":\"Jenny - Fuskp\u00e4lsjacka - Svart - Fanny Michel\",\"isPartOf\":{\"@id\":\"https:\/\/www.fannymichel.se\/fi\/#website\"},\"datePublished\":\"2024-05-23T15:24:46+00:00\",\"dateModified\":\"2024-06-20T15:02:11+00:00\",\"breadcrumb\":{\"@id\":\"https:\/\/www.fannymichel.se\/fi\/jenny-fuskpalsjacka-svart\/#breadcrumb\"},\"inLanguage\":\"en-GB\",\"potentialAction\":[{\"@type\":\"ReadAction\",\"target\":[\"https:\/\/www.fannymichel.se\/fi\/jenny-fuskpalsjacka-svart\/\"]}]},{\"@type\":\"BreadcrumbList\",\"@id\":\"https:\/\/www.fannymichel.se\/fi\/jenny-fuskpalsjacka-svart\/#breadcrumb\",\"itemListElement\":[{\"@type\":\"ListItem\",\"position\":1,\"name\":\"Hem\",\"item\":\"https:\/\/www.fannymichel.se\/fi\/\"},{\"@type\":\"ListItem\",\"position\":2,\"name\":\"Shop\",\"item\":\"https:\/\/www.fannymichel.se\/butik\/\"},{\"@type\":\"ListItem\",\"position\":3,\"name\":\"Jenny &#8211; Fuskp\u00e4lsjacka &#8211; Svart\"}]},{\"@type\":\"WebSite\",\"@id\":\"https:\/\/www.fannymichel.se\/fi\/#website\",\"url\":\"https:\/\/www.fannymichel.se\/fi\/\",\"name\":\"Fanny Michel\",\"description\":\"\",\"potentialAction\":[{\"@type\":\"SearchAction\",\"target\":{\"@type\":\"EntryPoint\",\"urlTemplate\":\"https:\/\/www.fannymichel.se\/fi\/?s={search_term_string}\"},\"query-input\":{\"@type\":\"PropertyValueSpecification\",\"valueRequired\":true,\"valueName\":\"search_term_string\"}}],\"inLanguage\":\"en-GB\"}]}<\/script>\n<!-- \/ Yoast SEO plugin. -->","yoast_head_json":{"title":"Jenny - Fuskp\u00e4lsjacka - Svart - Fanny Michel","robots":{"index":"index","follow":"follow","max-snippet":"max-snippet:-1","max-image-preview":"max-image-preview:large","max-video-preview":"max-video-preview:-1"},"canonical":"https:\/\/www.fannymichel.se\/fi\/jenny-fuskpalsjacka-svart\/","og_locale":"en_GB","og_type":"article","og_title":"Jenny - Fuskp\u00e4lsjacka - Svart - Fanny Michel","og_description":"Fraktkostnad: 39 SEK Returkostnad: 39 SEK. Om du vill g\u00f6ra ett byte s\u00e5 st\u00e5r vi f\u00f6r returkostnaden om du anv\u00e4nder dig av v\u00e5r retursedel. H\u00e4rlig fuskp\u00e4lsjacka! Jackan har fickor och st\u00e4ngs med tryckknappar. F\u00e4rg: Svart Material: 80% Akryl, 20% Polyester Tv\u00e4ttr\u00e5d: Handtv\u00e4tt Storlek: S\/M &#8211; M\/L, mer liten \u00e4n stor i storleken. Modellen p\u00e5 bilden [&hellip;]","og_url":"https:\/\/www.fannymichel.se\/fi\/jenny-fuskpalsjacka-svart\/","og_site_name":"Fanny Michel","article_modified_time":"2024-06-20T15:02:11+00:00","twitter_card":"summary_large_image","twitter_misc":{"Estimated reading time":"1 minute"},"schema":{"@context":"https:\/\/schema.org","@graph":[{"@type":"WebPage","@id":"https:\/\/www.fannymichel.se\/fi\/jenny-fuskpalsjacka-svart\/","url":"https:\/\/www.fannymichel.se\/fi\/jenny-fuskpalsjacka-svart\/","name":"Jenny - Fuskp\u00e4lsjacka - Svart - Fanny Michel","isPartOf":{"@id":"https:\/\/www.fannymichel.se\/fi\/#website"},"datePublished":"2024-05-23T15:24:46+00:00","dateModified":"2024-06-20T15:02:11+00:00","breadcrumb":{"@id":"https:\/\/www.fannymichel.se\/fi\/jenny-fuskpalsjacka-svart\/#breadcrumb"},"inLanguage":"en-GB","potentialAction":[{"@type":"ReadAction","target":["https:\/\/www.fannymichel.se\/fi\/jenny-fuskpalsjacka-svart\/"]}]},{"@type":"BreadcrumbList","@id":"https:\/\/www.fannymichel.se\/fi\/jenny-fuskpalsjacka-svart\/#breadcrumb","itemListElement":[{"@type":"ListItem","position":1,"name":"Hem","item":"https:\/\/www.fannymichel.se\/fi\/"},{"@type":"ListItem","position":2,"name":"Shop","item":"https:\/\/www.fannymichel.se\/butik\/"},{"@type":"ListItem","position":3,"name":"Jenny &#8211; Fuskp\u00e4lsjacka &#8211; Svart"}]},{"@type":"WebSite","@id":"https:\/\/www.fannymichel.se\/fi\/#website","url":"https:\/\/www.fannymichel.se\/fi\/","name":"Fanny Michel","description":"","potentialAction":[{"@type":"SearchAction","target":{"@type":"EntryPoint","urlTemplate":"https:\/\/www.fannymichel.se\/fi\/?s={search_term_string}"},"query-input":{"@type":"PropertyValueSpecification","valueRequired":true,"valueName":"search_term_string"}}],"inLanguage":"en-GB"}]}},"jetpack_sharing_enabled":true,"_links":{"self":[{"href":"https:\/\/www.fannymichel.se\/fi\/wp-json\/wp\/v2\/product\/12832","targetHints":{"allow":["GET"]}}],"collection":[{"href":"https:\/\/www.fannymichel.se\/fi\/wp-json\/wp\/v2\/product"}],"about":[{"href":"https:\/\/www.fannymichel.se\/fi\/wp-json\/wp\/v2\/types\/product"}],"replies":[{"embeddable":true,"href":"https:\/\/www.fannymichel.se\/fi\/wp-json\/wp\/v2\/comments?post=12832"}],"wp:attachment":[{"href":"https:\/\/www.fannymichel.se\/fi\/wp-json\/wp\/v2\/media?parent=12832"}],"wp:term":[{"taxonomy":"product_brand","embeddable":true,"href":"https:\/\/www.fannymichel.se\/fi\/wp-json\/wp\/v2\/product_brand?post=12832"},{"taxonomy":"product_cat","embeddable":true,"href":"https:\/\/www.fannymichel.se\/fi\/wp-json\/wp\/v2\/product_cat?post=12832"},{"taxonomy":"product_tag","embeddable":true,"href":"https:\/\/www.fannymichel.se\/fi\/wp-json\/wp\/v2\/product_tag?post=12832"}],"curies":[{"name":"wp","href":"https:\/\/api.w.org\/{rel}","templated":true}]}}