{"id":12665,"date":"2024-05-23T17:21:10","date_gmt":"2024-05-23T15:21:10","guid":{"rendered":"https:\/\/fannymichel.vivamedia.dev\/produkt\/chelsea-klanning-med-spets-svart\/"},"modified":"2024-06-20T17:03:19","modified_gmt":"2024-06-20T15:03:19","slug":"chelsea-klanning-med-spets-svart","status":"publish","type":"product","link":"https:\/\/www.fannymichel.se\/fi\/chelsea-klanning-med-spets-svart\/","title":{"rendered":"Chelsea &#8211; Kl\u00e4nning med Spets &#8211; Svart"},"content":{"rendered":"<p style=\"text-align:;font-size:13px\">Fraktkostnad: 39 SEK<br \/>\nReturkostnad: 39 SEK. Om du vill g\u00f6ra ett byte s\u00e5 st\u00e5r vi f\u00f6r returkostnaden om du anv\u00e4nder dig av v\u00e5r retursedel.<\/p>\n<p style=\"text-align: center;font-size:18px\"> Underbar kl\u00e4nning med snygg spets upptill!<\/p>\n<p style=\"text-align: center;font-size:18px\"> \u00c4r i sk\u00f6nt, lite stretchigt material.<\/p>\n<p style=\"text-align:;font-size:15px\"><strong>F\u00e4rg:<\/strong> Svart<\/p>\n<p style=\"text-align:;font-size:15px\"><strong>Material:<\/strong> 100% Polyester<\/p>\n<p style=\"text-align:;font-size:15px\"><strong>Tv\u00e4ttr\u00e5d:<\/strong> 30 grader<\/p>\n<p style=\"text-align:;font-size:15px\"><strong>Storlek:<\/strong> S\/36 &#8211; L\/40, liten i storleken. Modellen p\u00e5 bilden \u00e4r ca 163 cm l\u00e5ng och har en storlek S\/36 p\u00e5 sig.<\/p>\n<p style=\"text-align:;font-size:15px\"><strong>M\u00e5tt<\/strong><\/p>\n<p style=\"text-align:;font-size:15px\"><strong>S\/36<\/strong><br \/>\nArmh\u00e5la till armh\u00e5la omkrets: ca 80 cm.<br \/>\nL\u00e4ngd axel och ner: ca 90 cm<\/p>\n<p style=\"text-align:;font-size:15px\"><strong>M\/38<\/strong><br \/>\nArmh\u00e5la till armh\u00e5la omkrets: ca 86 cm.<br \/>\nL\u00e4ngd axel och ner: ca 92 cm<\/p>\n<p style=\"text-align:;font-size:15px\"><strong>L\/40<\/strong><br \/>\nArmh\u00e5la till armh\u00e5la omkrets: ca 88 cm.<br \/>\nL\u00e4ngd axel och ner: ca 94 cm<\/p>\n","protected":false},"excerpt":{"rendered":"<p>Fraktkostnad: 39 SEK Returkostnad: 39 SEK. Om du vill g\u00f6ra ett byte s\u00e5 st\u00e5r vi f\u00f6r returkostnaden om du anv\u00e4nder dig av v\u00e5r retursedel. Underbar kl\u00e4nning med snygg spets upptill! \u00c4r i sk\u00f6nt, lite stretchigt material. F\u00e4rg: Svart Material: 100% Polyester Tv\u00e4ttr\u00e5d: 30 grader Storlek: S\/36 &#8211; L\/40, liten i storleken. Modellen p\u00e5 bilden \u00e4r [&hellip;]<\/p>\n","protected":false},"featured_media":0,"comment_status":"open","ping_status":"closed","template":"","meta":{"_acf_changed":false,"om_disable_all_campaigns":false},"product_brand":[],"product_cat":[15],"product_tag":[],"class_list":{"0":"post-12665","1":"product","2":"type-product","3":"status-publish","5":"product_cat-okategoriserad","7":"first","8":"outofstock","9":"taxable","10":"shipping-taxable","11":"purchasable","12":"product-type-variable"},"acf":[],"yoast_head":"<!-- This site is optimized with the Yoast SEO plugin v27.2 - https:\/\/yoast.com\/product\/yoast-seo-wordpress\/ -->\n<title>Chelsea - Kl\u00e4nning med Spets - Svart - Fanny Michel<\/title>\n<meta name=\"robots\" content=\"index, follow, max-snippet:-1, max-image-preview:large, max-video-preview:-1\" \/>\n<link rel=\"canonical\" href=\"https:\/\/www.fannymichel.se\/fi\/chelsea-klanning-med-spets-svart\/\" \/>\n<meta property=\"og:locale\" content=\"en_GB\" \/>\n<meta property=\"og:type\" content=\"article\" \/>\n<meta property=\"og:title\" content=\"Chelsea - Kl\u00e4nning med Spets - Svart - Fanny Michel\" \/>\n<meta property=\"og:description\" content=\"Fraktkostnad: 39 SEK Returkostnad: 39 SEK. Om du vill g\u00f6ra ett byte s\u00e5 st\u00e5r vi f\u00f6r returkostnaden om du anv\u00e4nder dig av v\u00e5r retursedel. Underbar kl\u00e4nning med snygg spets upptill! \u00c4r i sk\u00f6nt, lite stretchigt material. F\u00e4rg: Svart Material: 100% Polyester Tv\u00e4ttr\u00e5d: 30 grader Storlek: S\/36 &#8211; L\/40, liten i storleken. Modellen p\u00e5 bilden \u00e4r [&hellip;]\" \/>\n<meta property=\"og:url\" content=\"https:\/\/www.fannymichel.se\/fi\/chelsea-klanning-med-spets-svart\/\" \/>\n<meta property=\"og:site_name\" content=\"Fanny Michel\" \/>\n<meta property=\"article:modified_time\" content=\"2024-06-20T15:03:19+00:00\" \/>\n<meta name=\"twitter:card\" content=\"summary_large_image\" \/>\n<meta name=\"twitter:label1\" content=\"Estimated reading time\" \/>\n\t<meta name=\"twitter:data1\" content=\"1 minute\" \/>\n<script type=\"application\/ld+json\" class=\"yoast-schema-graph\">{\"@context\":\"https:\/\/schema.org\",\"@graph\":[{\"@type\":\"WebPage\",\"@id\":\"https:\/\/www.fannymichel.se\/fi\/chelsea-klanning-med-spets-svart\/\",\"url\":\"https:\/\/www.fannymichel.se\/fi\/chelsea-klanning-med-spets-svart\/\",\"name\":\"Chelsea - Kl\u00e4nning med Spets - Svart - Fanny Michel\",\"isPartOf\":{\"@id\":\"https:\/\/www.fannymichel.se\/fi\/#website\"},\"datePublished\":\"2024-05-23T15:21:10+00:00\",\"dateModified\":\"2024-06-20T15:03:19+00:00\",\"breadcrumb\":{\"@id\":\"https:\/\/www.fannymichel.se\/fi\/chelsea-klanning-med-spets-svart\/#breadcrumb\"},\"inLanguage\":\"en-GB\",\"potentialAction\":[{\"@type\":\"ReadAction\",\"target\":[\"https:\/\/www.fannymichel.se\/fi\/chelsea-klanning-med-spets-svart\/\"]}]},{\"@type\":\"BreadcrumbList\",\"@id\":\"https:\/\/www.fannymichel.se\/fi\/chelsea-klanning-med-spets-svart\/#breadcrumb\",\"itemListElement\":[{\"@type\":\"ListItem\",\"position\":1,\"name\":\"Hem\",\"item\":\"https:\/\/www.fannymichel.se\/fi\/\"},{\"@type\":\"ListItem\",\"position\":2,\"name\":\"Shop\",\"item\":\"https:\/\/www.fannymichel.se\/butik\/\"},{\"@type\":\"ListItem\",\"position\":3,\"name\":\"Chelsea &#8211; Kl\u00e4nning med Spets &#8211; Svart\"}]},{\"@type\":\"WebSite\",\"@id\":\"https:\/\/www.fannymichel.se\/fi\/#website\",\"url\":\"https:\/\/www.fannymichel.se\/fi\/\",\"name\":\"Fanny Michel\",\"description\":\"\",\"potentialAction\":[{\"@type\":\"SearchAction\",\"target\":{\"@type\":\"EntryPoint\",\"urlTemplate\":\"https:\/\/www.fannymichel.se\/fi\/?s={search_term_string}\"},\"query-input\":{\"@type\":\"PropertyValueSpecification\",\"valueRequired\":true,\"valueName\":\"search_term_string\"}}],\"inLanguage\":\"en-GB\"}]}<\/script>\n<!-- \/ Yoast SEO plugin. -->","yoast_head_json":{"title":"Chelsea - Kl\u00e4nning med Spets - Svart - Fanny Michel","robots":{"index":"index","follow":"follow","max-snippet":"max-snippet:-1","max-image-preview":"max-image-preview:large","max-video-preview":"max-video-preview:-1"},"canonical":"https:\/\/www.fannymichel.se\/fi\/chelsea-klanning-med-spets-svart\/","og_locale":"en_GB","og_type":"article","og_title":"Chelsea - Kl\u00e4nning med Spets - Svart - Fanny Michel","og_description":"Fraktkostnad: 39 SEK Returkostnad: 39 SEK. Om du vill g\u00f6ra ett byte s\u00e5 st\u00e5r vi f\u00f6r returkostnaden om du anv\u00e4nder dig av v\u00e5r retursedel. Underbar kl\u00e4nning med snygg spets upptill! \u00c4r i sk\u00f6nt, lite stretchigt material. F\u00e4rg: Svart Material: 100% Polyester Tv\u00e4ttr\u00e5d: 30 grader Storlek: S\/36 &#8211; L\/40, liten i storleken. Modellen p\u00e5 bilden \u00e4r [&hellip;]","og_url":"https:\/\/www.fannymichel.se\/fi\/chelsea-klanning-med-spets-svart\/","og_site_name":"Fanny Michel","article_modified_time":"2024-06-20T15:03:19+00:00","twitter_card":"summary_large_image","twitter_misc":{"Estimated reading time":"1 minute"},"schema":{"@context":"https:\/\/schema.org","@graph":[{"@type":"WebPage","@id":"https:\/\/www.fannymichel.se\/fi\/chelsea-klanning-med-spets-svart\/","url":"https:\/\/www.fannymichel.se\/fi\/chelsea-klanning-med-spets-svart\/","name":"Chelsea - Kl\u00e4nning med Spets - Svart - Fanny Michel","isPartOf":{"@id":"https:\/\/www.fannymichel.se\/fi\/#website"},"datePublished":"2024-05-23T15:21:10+00:00","dateModified":"2024-06-20T15:03:19+00:00","breadcrumb":{"@id":"https:\/\/www.fannymichel.se\/fi\/chelsea-klanning-med-spets-svart\/#breadcrumb"},"inLanguage":"en-GB","potentialAction":[{"@type":"ReadAction","target":["https:\/\/www.fannymichel.se\/fi\/chelsea-klanning-med-spets-svart\/"]}]},{"@type":"BreadcrumbList","@id":"https:\/\/www.fannymichel.se\/fi\/chelsea-klanning-med-spets-svart\/#breadcrumb","itemListElement":[{"@type":"ListItem","position":1,"name":"Hem","item":"https:\/\/www.fannymichel.se\/fi\/"},{"@type":"ListItem","position":2,"name":"Shop","item":"https:\/\/www.fannymichel.se\/butik\/"},{"@type":"ListItem","position":3,"name":"Chelsea &#8211; Kl\u00e4nning med Spets &#8211; Svart"}]},{"@type":"WebSite","@id":"https:\/\/www.fannymichel.se\/fi\/#website","url":"https:\/\/www.fannymichel.se\/fi\/","name":"Fanny Michel","description":"","potentialAction":[{"@type":"SearchAction","target":{"@type":"EntryPoint","urlTemplate":"https:\/\/www.fannymichel.se\/fi\/?s={search_term_string}"},"query-input":{"@type":"PropertyValueSpecification","valueRequired":true,"valueName":"search_term_string"}}],"inLanguage":"en-GB"}]}},"jetpack_sharing_enabled":true,"_links":{"self":[{"href":"https:\/\/www.fannymichel.se\/fi\/wp-json\/wp\/v2\/product\/12665","targetHints":{"allow":["GET"]}}],"collection":[{"href":"https:\/\/www.fannymichel.se\/fi\/wp-json\/wp\/v2\/product"}],"about":[{"href":"https:\/\/www.fannymichel.se\/fi\/wp-json\/wp\/v2\/types\/product"}],"replies":[{"embeddable":true,"href":"https:\/\/www.fannymichel.se\/fi\/wp-json\/wp\/v2\/comments?post=12665"}],"wp:attachment":[{"href":"https:\/\/www.fannymichel.se\/fi\/wp-json\/wp\/v2\/media?parent=12665"}],"wp:term":[{"taxonomy":"product_brand","embeddable":true,"href":"https:\/\/www.fannymichel.se\/fi\/wp-json\/wp\/v2\/product_brand?post=12665"},{"taxonomy":"product_cat","embeddable":true,"href":"https:\/\/www.fannymichel.se\/fi\/wp-json\/wp\/v2\/product_cat?post=12665"},{"taxonomy":"product_tag","embeddable":true,"href":"https:\/\/www.fannymichel.se\/fi\/wp-json\/wp\/v2\/product_tag?post=12665"}],"curies":[{"name":"wp","href":"https:\/\/api.w.org\/{rel}","templated":true}]}}