{"id":12519,"date":"2024-05-23T17:17:50","date_gmt":"2024-05-23T15:17:50","guid":{"rendered":"https:\/\/fannymichel.vivamedia.dev\/produkt\/fodrade-fejkskinn-leggings-p9811-i-snakemonster-svart\/"},"modified":"2024-06-20T17:04:00","modified_gmt":"2024-06-20T15:04:00","slug":"fodrade-fejkskinn-leggings-p9811-i-snakemonster-svart","status":"publish","type":"product","link":"https:\/\/www.fannymichel.se\/fi\/fodrade-fejkskinn-leggings-p9811-i-snakemonster-svart\/","title":{"rendered":"Fodrade fejkskinn leggings P9811 i Snakem\u00f6nster &#8211; Svart"},"content":{"rendered":"<p style=\"text-align:;font-size:13px\">Fraktkostnad: 39 SEK<br \/>\nReturkostnad: 39 SEK. Om du vill g\u00f6ra ett byte s\u00e5 st\u00e5r vi f\u00f6r returkostnaden om du anv\u00e4nder dig av v\u00e5r retursedel.<\/p>\n<p style=\"text-align:;font-size:15px\"> <i> <strong>Beninnerl\u00e4ngd, M\/38: <\/strong>ca 74 cm<\/i> <\/p>\n<p style=\"text-align: center;font-size:18px\"> Snygga fodrade fejkskinn leggings i snakem\u00f6nster! <\/p>\n<p style=\"text-align: center;font-size:18px\"> \u00c4r i mjukt och stretchigt tyg.<\/p>\n<p style=\"text-align:;font-size:15px\"><strong>F\u00e4rg:<\/strong> Svart<\/p>\n<p style=\"text-align:;font-size:15px\"><strong>Material:<\/strong> 92% Polyester och 8% Elastane<\/p>\n<p style=\"text-align:;font-size:15px\"><strong>Tv\u00e4ttr\u00e5d:<\/strong> Handtv\u00e4tt<\/p>\n<p style=\"text-align:;font-size:15px\"><strong>Storlek:<\/strong> S\/36 &#8211; XL\/42. Normal i storleken.<br \/>\nModellen p\u00e5 bilden har storlek S\/36 p\u00e5 sig.<\/p>\n<p style=\"text-align:;font-size:15px\"><strong>S\/36<\/strong><br \/>\nMidjem\u00e5tt: ca 66 cm, kan stretchas till ca 82 cm<br \/>\nBeninnerl\u00e4ngd: ca 74 cm<br \/>\nMidjeh\u00f6jd, (Midja till gren.): ca 23 cm<\/p>\n<p style=\"text-align:;font-size:15px\"><strong>M\/38<\/strong><br \/>\nMidjem\u00e5tt: ca 68 cm, kan stretchas till ca 88 cm.<br \/>\nBeninnerl\u00e4ngd: ca 74 cm<br \/>\nMidjeh\u00f6jd, (Midja till gren.): ca 23 cm<\/p>\n<p style=\"text-align:;font-size:15px\"><strong>L\/40<\/strong><br \/>\nMidjem\u00e5tt: ca 72 cm, kan stretchas till ca 90 cm<br \/>\nBeninnerl\u00e4ngd: ca 74 cm<br \/>\nMidjeh\u00f6jd, (Midja till gren.): ca 25 cm<\/p>\n<p style=\"text-align:;font-size:15px\"><strong>XL\/42<\/strong><br \/>\nMidjem\u00e5tt: ca 78 cm, kan stretchas till ca 100 cm<br \/>\nBeninnerl\u00e4ngd: ca 74 cm<br \/>\nMidjeh\u00f6jd, (Midja till gren.): ca 25 cm<\/p>\n<p>Andra produkter p\u00e5 bilden:<br \/>\nKlicka p\u00e5 namnet s\u00e5 kommer du till produkten. \ud83d\ude42<br \/>\n<a href=\"\/nyheter\/miley-zebra-topp-med-smock-taupe\">Miley &#8211; Zebra topp med Smock &#8211; Taupe<\/a><\/p>\n","protected":false},"excerpt":{"rendered":"<p>Fraktkostnad: 39 SEK Returkostnad: 39 SEK. Om du vill g\u00f6ra ett byte s\u00e5 st\u00e5r vi f\u00f6r returkostnaden om du anv\u00e4nder dig av v\u00e5r retursedel. Beninnerl\u00e4ngd, M\/38: ca 74 cm Snygga fodrade fejkskinn leggings i snakem\u00f6nster! \u00c4r i mjukt och stretchigt tyg. F\u00e4rg: Svart Material: 92% Polyester och 8% Elastane Tv\u00e4ttr\u00e5d: Handtv\u00e4tt Storlek: S\/36 &#8211; XL\/42. [&hellip;]<\/p>\n","protected":false},"featured_media":0,"comment_status":"open","ping_status":"closed","template":"","meta":{"_acf_changed":false,"om_disable_all_campaigns":false},"product_brand":[],"product_cat":[15],"product_tag":[],"class_list":{"0":"post-12519","1":"product","2":"type-product","3":"status-publish","5":"product_cat-okategoriserad","7":"first","8":"outofstock","9":"taxable","10":"shipping-taxable","11":"purchasable","12":"product-type-variable"},"acf":[],"yoast_head":"<!-- This site is optimized with the Yoast SEO plugin v27.2 - https:\/\/yoast.com\/product\/yoast-seo-wordpress\/ -->\n<title>Fodrade fejkskinn leggings P9811 i Snakem\u00f6nster - Svart - Fanny Michel<\/title>\n<meta name=\"robots\" content=\"index, follow, max-snippet:-1, max-image-preview:large, max-video-preview:-1\" \/>\n<link rel=\"canonical\" href=\"https:\/\/www.fannymichel.se\/fi\/fodrade-fejkskinn-leggings-p9811-i-snakemonster-svart\/\" \/>\n<meta property=\"og:locale\" content=\"en_GB\" \/>\n<meta property=\"og:type\" content=\"article\" \/>\n<meta property=\"og:title\" content=\"Fodrade fejkskinn leggings P9811 i Snakem\u00f6nster - Svart - Fanny Michel\" \/>\n<meta property=\"og:description\" content=\"Fraktkostnad: 39 SEK Returkostnad: 39 SEK. Om du vill g\u00f6ra ett byte s\u00e5 st\u00e5r vi f\u00f6r returkostnaden om du anv\u00e4nder dig av v\u00e5r retursedel. Beninnerl\u00e4ngd, M\/38: ca 74 cm Snygga fodrade fejkskinn leggings i snakem\u00f6nster! \u00c4r i mjukt och stretchigt tyg. F\u00e4rg: Svart Material: 92% Polyester och 8% Elastane Tv\u00e4ttr\u00e5d: Handtv\u00e4tt Storlek: S\/36 &#8211; XL\/42. [&hellip;]\" \/>\n<meta property=\"og:url\" content=\"https:\/\/www.fannymichel.se\/fi\/fodrade-fejkskinn-leggings-p9811-i-snakemonster-svart\/\" \/>\n<meta property=\"og:site_name\" content=\"Fanny Michel\" \/>\n<meta property=\"article:modified_time\" content=\"2024-06-20T15:04:00+00:00\" \/>\n<meta name=\"twitter:card\" content=\"summary_large_image\" \/>\n<meta name=\"twitter:label1\" content=\"Estimated reading time\" \/>\n\t<meta name=\"twitter:data1\" content=\"1 minute\" \/>\n<script type=\"application\/ld+json\" class=\"yoast-schema-graph\">{\"@context\":\"https:\/\/schema.org\",\"@graph\":[{\"@type\":\"WebPage\",\"@id\":\"https:\/\/www.fannymichel.se\/fi\/fodrade-fejkskinn-leggings-p9811-i-snakemonster-svart\/\",\"url\":\"https:\/\/www.fannymichel.se\/fi\/fodrade-fejkskinn-leggings-p9811-i-snakemonster-svart\/\",\"name\":\"Fodrade fejkskinn leggings P9811 i Snakem\u00f6nster - Svart - Fanny Michel\",\"isPartOf\":{\"@id\":\"https:\/\/www.fannymichel.se\/fi\/#website\"},\"datePublished\":\"2024-05-23T15:17:50+00:00\",\"dateModified\":\"2024-06-20T15:04:00+00:00\",\"breadcrumb\":{\"@id\":\"https:\/\/www.fannymichel.se\/fi\/fodrade-fejkskinn-leggings-p9811-i-snakemonster-svart\/#breadcrumb\"},\"inLanguage\":\"en-GB\",\"potentialAction\":[{\"@type\":\"ReadAction\",\"target\":[\"https:\/\/www.fannymichel.se\/fi\/fodrade-fejkskinn-leggings-p9811-i-snakemonster-svart\/\"]}]},{\"@type\":\"BreadcrumbList\",\"@id\":\"https:\/\/www.fannymichel.se\/fi\/fodrade-fejkskinn-leggings-p9811-i-snakemonster-svart\/#breadcrumb\",\"itemListElement\":[{\"@type\":\"ListItem\",\"position\":1,\"name\":\"Hem\",\"item\":\"https:\/\/www.fannymichel.se\/fi\/\"},{\"@type\":\"ListItem\",\"position\":2,\"name\":\"Shop\",\"item\":\"https:\/\/www.fannymichel.se\/butik\/\"},{\"@type\":\"ListItem\",\"position\":3,\"name\":\"Fodrade fejkskinn leggings P9811 i Snakem\u00f6nster &#8211; Svart\"}]},{\"@type\":\"WebSite\",\"@id\":\"https:\/\/www.fannymichel.se\/fi\/#website\",\"url\":\"https:\/\/www.fannymichel.se\/fi\/\",\"name\":\"Fanny Michel\",\"description\":\"\",\"potentialAction\":[{\"@type\":\"SearchAction\",\"target\":{\"@type\":\"EntryPoint\",\"urlTemplate\":\"https:\/\/www.fannymichel.se\/fi\/?s={search_term_string}\"},\"query-input\":{\"@type\":\"PropertyValueSpecification\",\"valueRequired\":true,\"valueName\":\"search_term_string\"}}],\"inLanguage\":\"en-GB\"}]}<\/script>\n<!-- \/ Yoast SEO plugin. -->","yoast_head_json":{"title":"Fodrade fejkskinn leggings P9811 i Snakem\u00f6nster - Svart - Fanny Michel","robots":{"index":"index","follow":"follow","max-snippet":"max-snippet:-1","max-image-preview":"max-image-preview:large","max-video-preview":"max-video-preview:-1"},"canonical":"https:\/\/www.fannymichel.se\/fi\/fodrade-fejkskinn-leggings-p9811-i-snakemonster-svart\/","og_locale":"en_GB","og_type":"article","og_title":"Fodrade fejkskinn leggings P9811 i Snakem\u00f6nster - Svart - Fanny Michel","og_description":"Fraktkostnad: 39 SEK Returkostnad: 39 SEK. Om du vill g\u00f6ra ett byte s\u00e5 st\u00e5r vi f\u00f6r returkostnaden om du anv\u00e4nder dig av v\u00e5r retursedel. Beninnerl\u00e4ngd, M\/38: ca 74 cm Snygga fodrade fejkskinn leggings i snakem\u00f6nster! \u00c4r i mjukt och stretchigt tyg. F\u00e4rg: Svart Material: 92% Polyester och 8% Elastane Tv\u00e4ttr\u00e5d: Handtv\u00e4tt Storlek: S\/36 &#8211; XL\/42. [&hellip;]","og_url":"https:\/\/www.fannymichel.se\/fi\/fodrade-fejkskinn-leggings-p9811-i-snakemonster-svart\/","og_site_name":"Fanny Michel","article_modified_time":"2024-06-20T15:04:00+00:00","twitter_card":"summary_large_image","twitter_misc":{"Estimated reading time":"1 minute"},"schema":{"@context":"https:\/\/schema.org","@graph":[{"@type":"WebPage","@id":"https:\/\/www.fannymichel.se\/fi\/fodrade-fejkskinn-leggings-p9811-i-snakemonster-svart\/","url":"https:\/\/www.fannymichel.se\/fi\/fodrade-fejkskinn-leggings-p9811-i-snakemonster-svart\/","name":"Fodrade fejkskinn leggings P9811 i Snakem\u00f6nster - Svart - Fanny Michel","isPartOf":{"@id":"https:\/\/www.fannymichel.se\/fi\/#website"},"datePublished":"2024-05-23T15:17:50+00:00","dateModified":"2024-06-20T15:04:00+00:00","breadcrumb":{"@id":"https:\/\/www.fannymichel.se\/fi\/fodrade-fejkskinn-leggings-p9811-i-snakemonster-svart\/#breadcrumb"},"inLanguage":"en-GB","potentialAction":[{"@type":"ReadAction","target":["https:\/\/www.fannymichel.se\/fi\/fodrade-fejkskinn-leggings-p9811-i-snakemonster-svart\/"]}]},{"@type":"BreadcrumbList","@id":"https:\/\/www.fannymichel.se\/fi\/fodrade-fejkskinn-leggings-p9811-i-snakemonster-svart\/#breadcrumb","itemListElement":[{"@type":"ListItem","position":1,"name":"Hem","item":"https:\/\/www.fannymichel.se\/fi\/"},{"@type":"ListItem","position":2,"name":"Shop","item":"https:\/\/www.fannymichel.se\/butik\/"},{"@type":"ListItem","position":3,"name":"Fodrade fejkskinn leggings P9811 i Snakem\u00f6nster &#8211; Svart"}]},{"@type":"WebSite","@id":"https:\/\/www.fannymichel.se\/fi\/#website","url":"https:\/\/www.fannymichel.se\/fi\/","name":"Fanny Michel","description":"","potentialAction":[{"@type":"SearchAction","target":{"@type":"EntryPoint","urlTemplate":"https:\/\/www.fannymichel.se\/fi\/?s={search_term_string}"},"query-input":{"@type":"PropertyValueSpecification","valueRequired":true,"valueName":"search_term_string"}}],"inLanguage":"en-GB"}]}},"jetpack_sharing_enabled":true,"_links":{"self":[{"href":"https:\/\/www.fannymichel.se\/fi\/wp-json\/wp\/v2\/product\/12519","targetHints":{"allow":["GET"]}}],"collection":[{"href":"https:\/\/www.fannymichel.se\/fi\/wp-json\/wp\/v2\/product"}],"about":[{"href":"https:\/\/www.fannymichel.se\/fi\/wp-json\/wp\/v2\/types\/product"}],"replies":[{"embeddable":true,"href":"https:\/\/www.fannymichel.se\/fi\/wp-json\/wp\/v2\/comments?post=12519"}],"wp:attachment":[{"href":"https:\/\/www.fannymichel.se\/fi\/wp-json\/wp\/v2\/media?parent=12519"}],"wp:term":[{"taxonomy":"product_brand","embeddable":true,"href":"https:\/\/www.fannymichel.se\/fi\/wp-json\/wp\/v2\/product_brand?post=12519"},{"taxonomy":"product_cat","embeddable":true,"href":"https:\/\/www.fannymichel.se\/fi\/wp-json\/wp\/v2\/product_cat?post=12519"},{"taxonomy":"product_tag","embeddable":true,"href":"https:\/\/www.fannymichel.se\/fi\/wp-json\/wp\/v2\/product_tag?post=12519"}],"curies":[{"name":"wp","href":"https:\/\/api.w.org\/{rel}","templated":true}]}}