{"id":12236,"date":"2024-05-23T17:11:02","date_gmt":"2024-05-23T15:11:02","guid":{"rendered":"https:\/\/fannymichel.vivamedia.dev\/produkt\/millie-skjorta-med-leomonster-svart-vit\/"},"modified":"2024-06-20T17:06:07","modified_gmt":"2024-06-20T15:06:07","slug":"millie-skjorta-med-leomonster-svart-vit","status":"publish","type":"product","link":"https:\/\/www.fannymichel.se\/fi\/millie-skjorta-med-leomonster-svart-vit\/","title":{"rendered":"Millie &#8211; Skjorta med Leom\u00f6nster &#8211; Svart\/Vit"},"content":{"rendered":"<p>Tjusig skjorta i leom\u00f6nster! Har tv\u00e5 fickor framtill. <\/p>\n<p \/>\nM\u00f6nstret\/tryck p\u00e5 skjortan kan variera.<\/p>\n<p \/>\n<p \/>\n<strong>M\u00e5tt p\u00e5 storlekarna:<\/strong><\/p>\n<p \/>\n<strong>S\/36<\/strong><\/p>\n<p \/>\nL\u00e4ngd, axel och ner: fram ca 60 cm<\/p>\n<p \/>\nbak ca 74 cm<\/p>\n<p \/>\nOmkrets, armh\u00e5la till armh\u00e5la: ca 104 cm.<\/p>\n<p \/>\n<p \/>\n<p><strong>M\/38<\/strong><\/p>\n<p \/>\nL\u00e4ngd, axel och ner: fram ca 64 cm<\/p>\n<p \/>\nbak ca 76 cm<\/p>\n<p \/>\nOmkrets, armh\u00e5la till armh\u00e5la: ca 112 cm.<\/p>\n<p \/>\n<p \/>\n<p><strong>L\/40<\/strong><\/p>\n<p \/>\nL\u00e4ngd, axel och ner: fram ca 64 cm<\/p>\n<p \/>\nbak ca 76 cm<\/p>\n<p \/>\nOmkrets, armh\u00e5la till armh\u00e5la: ca 114 cm.<\/p>\n<p \/>\n<p \/>\n&#8212;&#8212;&#8212;&#8212;&#8212;&#8212;&#8212;&#8212;&#8212;&#8212;&#8212;&#8212;&#8212;&#8212;&#8212;&#8212;&#8212;&#8212;&#8212;&#8212;&#8212;&#8212;&#8212;&#8212;<\/p>\n<p \/>\n<p \/>\nReturkostnad: 39 SEK. Om du vill g\u00f6ra ett byte s\u00e5 st\u00e5r vi f\u00f6r returkostnaden om du anv\u00e4nder dig av v\u00e5r retursedel.<\/p>\n","protected":false},"excerpt":{"rendered":"<p>Tjusig skjorta i leom\u00f6nster! Har tv\u00e5 fickor framtill. M\u00f6nstret\/tryck p\u00e5 skjortan kan variera. M\u00e5tt p\u00e5 storlekarna: S\/36 L\u00e4ngd, axel och ner: fram ca 60 cm bak ca 74 cm Omkrets, armh\u00e5la till armh\u00e5la: ca 104 cm. M\/38 L\u00e4ngd, axel och ner: fram ca 64 cm bak ca 76 cm Omkrets, armh\u00e5la till armh\u00e5la: ca 112 [&hellip;]<\/p>\n","protected":false},"featured_media":0,"comment_status":"open","ping_status":"closed","template":"","meta":{"_acf_changed":false,"om_disable_all_campaigns":false},"product_brand":[],"product_cat":[15],"product_tag":[],"class_list":{"0":"post-12236","1":"product","2":"type-product","3":"status-publish","5":"product_cat-okategoriserad","7":"first","8":"outofstock","9":"taxable","10":"shipping-taxable","11":"purchasable","12":"product-type-variable"},"acf":[],"yoast_head":"<!-- This site is optimized with the Yoast SEO plugin v27.2 - https:\/\/yoast.com\/product\/yoast-seo-wordpress\/ -->\n<title>Millie - Skjorta med Leom\u00f6nster - Svart\/Vit - Fanny Michel<\/title>\n<meta name=\"robots\" content=\"index, follow, max-snippet:-1, max-image-preview:large, max-video-preview:-1\" \/>\n<link rel=\"canonical\" href=\"https:\/\/www.fannymichel.se\/fi\/millie-skjorta-med-leomonster-svart-vit\/\" \/>\n<meta property=\"og:locale\" content=\"en_GB\" \/>\n<meta property=\"og:type\" content=\"article\" \/>\n<meta property=\"og:title\" content=\"Millie - Skjorta med Leom\u00f6nster - Svart\/Vit - Fanny Michel\" \/>\n<meta property=\"og:description\" content=\"Tjusig skjorta i leom\u00f6nster! Har tv\u00e5 fickor framtill. M\u00f6nstret\/tryck p\u00e5 skjortan kan variera. M\u00e5tt p\u00e5 storlekarna: S\/36 L\u00e4ngd, axel och ner: fram ca 60 cm bak ca 74 cm Omkrets, armh\u00e5la till armh\u00e5la: ca 104 cm. M\/38 L\u00e4ngd, axel och ner: fram ca 64 cm bak ca 76 cm Omkrets, armh\u00e5la till armh\u00e5la: ca 112 [&hellip;]\" \/>\n<meta property=\"og:url\" content=\"https:\/\/www.fannymichel.se\/fi\/millie-skjorta-med-leomonster-svart-vit\/\" \/>\n<meta property=\"og:site_name\" content=\"Fanny Michel\" \/>\n<meta property=\"article:modified_time\" content=\"2024-06-20T15:06:07+00:00\" \/>\n<meta name=\"twitter:card\" content=\"summary_large_image\" \/>\n<meta name=\"twitter:label1\" content=\"Estimated reading time\" \/>\n\t<meta name=\"twitter:data1\" content=\"1 minute\" \/>\n<script type=\"application\/ld+json\" class=\"yoast-schema-graph\">{\"@context\":\"https:\/\/schema.org\",\"@graph\":[{\"@type\":\"WebPage\",\"@id\":\"https:\/\/www.fannymichel.se\/fi\/millie-skjorta-med-leomonster-svart-vit\/\",\"url\":\"https:\/\/www.fannymichel.se\/fi\/millie-skjorta-med-leomonster-svart-vit\/\",\"name\":\"Millie - Skjorta med Leom\u00f6nster - Svart\/Vit - Fanny Michel\",\"isPartOf\":{\"@id\":\"https:\/\/www.fannymichel.se\/fi\/#website\"},\"datePublished\":\"2024-05-23T15:11:02+00:00\",\"dateModified\":\"2024-06-20T15:06:07+00:00\",\"breadcrumb\":{\"@id\":\"https:\/\/www.fannymichel.se\/fi\/millie-skjorta-med-leomonster-svart-vit\/#breadcrumb\"},\"inLanguage\":\"en-GB\",\"potentialAction\":[{\"@type\":\"ReadAction\",\"target\":[\"https:\/\/www.fannymichel.se\/fi\/millie-skjorta-med-leomonster-svart-vit\/\"]}]},{\"@type\":\"BreadcrumbList\",\"@id\":\"https:\/\/www.fannymichel.se\/fi\/millie-skjorta-med-leomonster-svart-vit\/#breadcrumb\",\"itemListElement\":[{\"@type\":\"ListItem\",\"position\":1,\"name\":\"Hem\",\"item\":\"https:\/\/www.fannymichel.se\/fi\/\"},{\"@type\":\"ListItem\",\"position\":2,\"name\":\"Shop\",\"item\":\"https:\/\/www.fannymichel.se\/butik\/\"},{\"@type\":\"ListItem\",\"position\":3,\"name\":\"Millie &#8211; Skjorta med Leom\u00f6nster &#8211; Svart\/Vit\"}]},{\"@type\":\"WebSite\",\"@id\":\"https:\/\/www.fannymichel.se\/fi\/#website\",\"url\":\"https:\/\/www.fannymichel.se\/fi\/\",\"name\":\"Fanny Michel\",\"description\":\"\",\"potentialAction\":[{\"@type\":\"SearchAction\",\"target\":{\"@type\":\"EntryPoint\",\"urlTemplate\":\"https:\/\/www.fannymichel.se\/fi\/?s={search_term_string}\"},\"query-input\":{\"@type\":\"PropertyValueSpecification\",\"valueRequired\":true,\"valueName\":\"search_term_string\"}}],\"inLanguage\":\"en-GB\"}]}<\/script>\n<!-- \/ Yoast SEO plugin. -->","yoast_head_json":{"title":"Millie - Skjorta med Leom\u00f6nster - Svart\/Vit - Fanny Michel","robots":{"index":"index","follow":"follow","max-snippet":"max-snippet:-1","max-image-preview":"max-image-preview:large","max-video-preview":"max-video-preview:-1"},"canonical":"https:\/\/www.fannymichel.se\/fi\/millie-skjorta-med-leomonster-svart-vit\/","og_locale":"en_GB","og_type":"article","og_title":"Millie - Skjorta med Leom\u00f6nster - Svart\/Vit - Fanny Michel","og_description":"Tjusig skjorta i leom\u00f6nster! Har tv\u00e5 fickor framtill. M\u00f6nstret\/tryck p\u00e5 skjortan kan variera. M\u00e5tt p\u00e5 storlekarna: S\/36 L\u00e4ngd, axel och ner: fram ca 60 cm bak ca 74 cm Omkrets, armh\u00e5la till armh\u00e5la: ca 104 cm. M\/38 L\u00e4ngd, axel och ner: fram ca 64 cm bak ca 76 cm Omkrets, armh\u00e5la till armh\u00e5la: ca 112 [&hellip;]","og_url":"https:\/\/www.fannymichel.se\/fi\/millie-skjorta-med-leomonster-svart-vit\/","og_site_name":"Fanny Michel","article_modified_time":"2024-06-20T15:06:07+00:00","twitter_card":"summary_large_image","twitter_misc":{"Estimated reading time":"1 minute"},"schema":{"@context":"https:\/\/schema.org","@graph":[{"@type":"WebPage","@id":"https:\/\/www.fannymichel.se\/fi\/millie-skjorta-med-leomonster-svart-vit\/","url":"https:\/\/www.fannymichel.se\/fi\/millie-skjorta-med-leomonster-svart-vit\/","name":"Millie - Skjorta med Leom\u00f6nster - Svart\/Vit - Fanny Michel","isPartOf":{"@id":"https:\/\/www.fannymichel.se\/fi\/#website"},"datePublished":"2024-05-23T15:11:02+00:00","dateModified":"2024-06-20T15:06:07+00:00","breadcrumb":{"@id":"https:\/\/www.fannymichel.se\/fi\/millie-skjorta-med-leomonster-svart-vit\/#breadcrumb"},"inLanguage":"en-GB","potentialAction":[{"@type":"ReadAction","target":["https:\/\/www.fannymichel.se\/fi\/millie-skjorta-med-leomonster-svart-vit\/"]}]},{"@type":"BreadcrumbList","@id":"https:\/\/www.fannymichel.se\/fi\/millie-skjorta-med-leomonster-svart-vit\/#breadcrumb","itemListElement":[{"@type":"ListItem","position":1,"name":"Hem","item":"https:\/\/www.fannymichel.se\/fi\/"},{"@type":"ListItem","position":2,"name":"Shop","item":"https:\/\/www.fannymichel.se\/butik\/"},{"@type":"ListItem","position":3,"name":"Millie &#8211; Skjorta med Leom\u00f6nster &#8211; Svart\/Vit"}]},{"@type":"WebSite","@id":"https:\/\/www.fannymichel.se\/fi\/#website","url":"https:\/\/www.fannymichel.se\/fi\/","name":"Fanny Michel","description":"","potentialAction":[{"@type":"SearchAction","target":{"@type":"EntryPoint","urlTemplate":"https:\/\/www.fannymichel.se\/fi\/?s={search_term_string}"},"query-input":{"@type":"PropertyValueSpecification","valueRequired":true,"valueName":"search_term_string"}}],"inLanguage":"en-GB"}]}},"jetpack_sharing_enabled":true,"_links":{"self":[{"href":"https:\/\/www.fannymichel.se\/fi\/wp-json\/wp\/v2\/product\/12236","targetHints":{"allow":["GET"]}}],"collection":[{"href":"https:\/\/www.fannymichel.se\/fi\/wp-json\/wp\/v2\/product"}],"about":[{"href":"https:\/\/www.fannymichel.se\/fi\/wp-json\/wp\/v2\/types\/product"}],"replies":[{"embeddable":true,"href":"https:\/\/www.fannymichel.se\/fi\/wp-json\/wp\/v2\/comments?post=12236"}],"wp:attachment":[{"href":"https:\/\/www.fannymichel.se\/fi\/wp-json\/wp\/v2\/media?parent=12236"}],"wp:term":[{"taxonomy":"product_brand","embeddable":true,"href":"https:\/\/www.fannymichel.se\/fi\/wp-json\/wp\/v2\/product_brand?post=12236"},{"taxonomy":"product_cat","embeddable":true,"href":"https:\/\/www.fannymichel.se\/fi\/wp-json\/wp\/v2\/product_cat?post=12236"},{"taxonomy":"product_tag","embeddable":true,"href":"https:\/\/www.fannymichel.se\/fi\/wp-json\/wp\/v2\/product_tag?post=12236"}],"curies":[{"name":"wp","href":"https:\/\/api.w.org\/{rel}","templated":true}]}}