{"id":11866,"date":"2024-05-23T17:02:21","date_gmt":"2024-05-23T15:02:21","guid":{"rendered":"https:\/\/fannymichel.vivamedia.dev\/produkt\/helen-linne-med-sidenkant-leo-mustard\/"},"modified":"2024-06-20T17:08:10","modified_gmt":"2024-06-20T15:08:10","slug":"helen-linne-med-sidenkant-leo-mustard","status":"publish","type":"product","link":"https:\/\/www.fannymichel.se\/fi\/helen-linne-med-sidenkant-leo-mustard\/","title":{"rendered":"Helen &#8211; Linne med sidenkant &#8211; Leo &#8211; Mustard"},"content":{"rendered":"<p style=\"text-align:;font-size:13px\">Fraktkostnad: 39 SEK<br \/>\nReturkostnad: 39 SEK. Om du vill g\u00f6ra ett byte s\u00e5 st\u00e5r vi f\u00f6r returkostnaden om du anv\u00e4nder dig av v\u00e5r retursedel.<\/p>\n<p style=\"text-align: center;font-size:18px\"> Tjusigt linne i leom\u00f6nster med sidenkant!<\/p>\n<p style=\"text-align: center;font-size:18px\"> \u00c4r i h\u00e4rligt, tunnare och stumt material, som ger en lyxig k\u00e4nsla. <\/p>\n<p style=\"text-align: center;font-size:18px\">Axelbanden \u00e4r ej reglerbara.<\/p>\n<p style=\"text-align:;font-size:15px\"> <i>M\u00f6nstret\/tryck p\u00e5 linnet kan variera.<\/i><\/p>\n<p style=\"text-align:;font-size:15px\"><strong>F\u00e4rg:<\/strong> Mustard<\/p>\n<p style=\"text-align:;font-size:15px\"><strong>Material:<\/strong> 61% Rayon, 39% Viscose<\/p>\n<p style=\"text-align:;font-size:15px\"><strong>Tv\u00e4ttr\u00e5d:<\/strong> 30 grader<\/p>\n<p style=\"text-align:;font-size:15px\"><strong>Storlek:<\/strong> S\/M &amp; L\/XL, liten i storleken.<br \/>\nModellen p\u00e5 bilden har en storlek S\/M p\u00e5 sig.<\/p>\n<p style=\"text-align:;font-size:15px\"><strong>M\u00e5tt<\/strong><\/p>\n<p style=\"text-align:;font-size:15px\"><strong>S\/M<\/strong><br \/>\nArmh\u00e5la till armh\u00e5la omkrets: ca 80 cm<br \/>\nL\u00e4ngd axel och ner: ca 67 cm<\/p>\n<p style=\"text-align:;font-size:15px\"><strong>L\/XL<\/strong><br \/>\nArmh\u00e5la till armh\u00e5la omkrets: ca 82 cm<br \/>\nL\u00e4ngd axel och ner: ca 67 cm<\/p>\n<p>Andra produkter p\u00e5 bilden:<br \/>\nKlicka p\u00e5 namnet s\u00e5 kommer du till produkten. \ud83d\ude42<br \/>\n<a href=\"\/klader\/byxorunderdelar\/byxor\/fodrade-fejkskinn-leggings-p9053-med-detaljer-svart\">Fodrade fejkskinn leggings P9053 med Detaljer &#8211; Svart<\/a><\/p>\n","protected":false},"excerpt":{"rendered":"<p>Fraktkostnad: 39 SEK Returkostnad: 39 SEK. Om du vill g\u00f6ra ett byte s\u00e5 st\u00e5r vi f\u00f6r returkostnaden om du anv\u00e4nder dig av v\u00e5r retursedel. Tjusigt linne i leom\u00f6nster med sidenkant! \u00c4r i h\u00e4rligt, tunnare och stumt material, som ger en lyxig k\u00e4nsla. Axelbanden \u00e4r ej reglerbara. M\u00f6nstret\/tryck p\u00e5 linnet kan variera. F\u00e4rg: Mustard Material: 61% [&hellip;]<\/p>\n","protected":false},"featured_media":0,"comment_status":"open","ping_status":"closed","template":"","meta":{"_acf_changed":false,"om_disable_all_campaigns":false},"product_brand":[],"product_cat":[15],"product_tag":[],"class_list":{"0":"post-11866","1":"product","2":"type-product","3":"status-publish","5":"product_cat-okategoriserad","7":"first","8":"outofstock","9":"sale","10":"taxable","11":"shipping-taxable","12":"purchasable","13":"product-type-variable"},"acf":[],"yoast_head":"<!-- This site is optimized with the Yoast SEO plugin v27.5 - https:\/\/yoast.com\/product\/yoast-seo-wordpress\/ -->\n<title>Helen - Linne med sidenkant - Leo - Mustard - Fanny Michel<\/title>\n<meta name=\"robots\" content=\"index, follow, max-snippet:-1, max-image-preview:large, max-video-preview:-1\" \/>\n<link rel=\"canonical\" href=\"https:\/\/www.fannymichel.se\/fi\/helen-linne-med-sidenkant-leo-mustard\/\" \/>\n<meta property=\"og:locale\" content=\"en_GB\" \/>\n<meta property=\"og:type\" content=\"article\" \/>\n<meta property=\"og:title\" content=\"Helen - Linne med sidenkant - Leo - Mustard - Fanny Michel\" \/>\n<meta property=\"og:description\" content=\"Fraktkostnad: 39 SEK Returkostnad: 39 SEK. Om du vill g\u00f6ra ett byte s\u00e5 st\u00e5r vi f\u00f6r returkostnaden om du anv\u00e4nder dig av v\u00e5r retursedel. Tjusigt linne i leom\u00f6nster med sidenkant! \u00c4r i h\u00e4rligt, tunnare och stumt material, som ger en lyxig k\u00e4nsla. Axelbanden \u00e4r ej reglerbara. M\u00f6nstret\/tryck p\u00e5 linnet kan variera. F\u00e4rg: Mustard Material: 61% [&hellip;]\" \/>\n<meta property=\"og:url\" content=\"https:\/\/www.fannymichel.se\/fi\/helen-linne-med-sidenkant-leo-mustard\/\" \/>\n<meta property=\"og:site_name\" content=\"Fanny Michel\" \/>\n<meta property=\"article:modified_time\" content=\"2024-06-20T15:08:10+00:00\" \/>\n<meta name=\"twitter:card\" content=\"summary_large_image\" \/>\n<meta name=\"twitter:label1\" content=\"Estimated reading time\" \/>\n\t<meta name=\"twitter:data1\" content=\"1 minute\" \/>\n<script type=\"application\/ld+json\" class=\"yoast-schema-graph\">{\"@context\":\"https:\\\/\\\/schema.org\",\"@graph\":[{\"@type\":\"WebPage\",\"@id\":\"https:\\\/\\\/www.fannymichel.se\\\/fi\\\/helen-linne-med-sidenkant-leo-mustard\\\/\",\"url\":\"https:\\\/\\\/www.fannymichel.se\\\/fi\\\/helen-linne-med-sidenkant-leo-mustard\\\/\",\"name\":\"Helen - Linne med sidenkant - Leo - Mustard - Fanny Michel\",\"isPartOf\":{\"@id\":\"https:\\\/\\\/www.fannymichel.se\\\/fi\\\/#website\"},\"datePublished\":\"2024-05-23T15:02:21+00:00\",\"dateModified\":\"2024-06-20T15:08:10+00:00\",\"breadcrumb\":{\"@id\":\"https:\\\/\\\/www.fannymichel.se\\\/fi\\\/helen-linne-med-sidenkant-leo-mustard\\\/#breadcrumb\"},\"inLanguage\":\"en-GB\",\"potentialAction\":[{\"@type\":\"ReadAction\",\"target\":[\"https:\\\/\\\/www.fannymichel.se\\\/fi\\\/helen-linne-med-sidenkant-leo-mustard\\\/\"]}]},{\"@type\":\"BreadcrumbList\",\"@id\":\"https:\\\/\\\/www.fannymichel.se\\\/fi\\\/helen-linne-med-sidenkant-leo-mustard\\\/#breadcrumb\",\"itemListElement\":[{\"@type\":\"ListItem\",\"position\":1,\"name\":\"Hem\",\"item\":\"https:\\\/\\\/www.fannymichel.se\\\/fi\\\/\"},{\"@type\":\"ListItem\",\"position\":2,\"name\":\"Shop\",\"item\":\"https:\\\/\\\/www.fannymichel.se\\\/butik\\\/\"},{\"@type\":\"ListItem\",\"position\":3,\"name\":\"Helen &#8211; Linne med sidenkant &#8211; Leo &#8211; Mustard\"}]},{\"@type\":\"WebSite\",\"@id\":\"https:\\\/\\\/www.fannymichel.se\\\/fi\\\/#website\",\"url\":\"https:\\\/\\\/www.fannymichel.se\\\/fi\\\/\",\"name\":\"Fanny Michel\",\"description\":\"\",\"potentialAction\":[{\"@type\":\"SearchAction\",\"target\":{\"@type\":\"EntryPoint\",\"urlTemplate\":\"https:\\\/\\\/www.fannymichel.se\\\/fi\\\/?s={search_term_string}\"},\"query-input\":{\"@type\":\"PropertyValueSpecification\",\"valueRequired\":true,\"valueName\":\"search_term_string\"}}],\"inLanguage\":\"en-GB\"}]}<\/script>\n<!-- \/ Yoast SEO plugin. -->","yoast_head_json":{"title":"Helen - Linne med sidenkant - Leo - Mustard - Fanny Michel","robots":{"index":"index","follow":"follow","max-snippet":"max-snippet:-1","max-image-preview":"max-image-preview:large","max-video-preview":"max-video-preview:-1"},"canonical":"https:\/\/www.fannymichel.se\/fi\/helen-linne-med-sidenkant-leo-mustard\/","og_locale":"en_GB","og_type":"article","og_title":"Helen - Linne med sidenkant - Leo - Mustard - Fanny Michel","og_description":"Fraktkostnad: 39 SEK Returkostnad: 39 SEK. Om du vill g\u00f6ra ett byte s\u00e5 st\u00e5r vi f\u00f6r returkostnaden om du anv\u00e4nder dig av v\u00e5r retursedel. Tjusigt linne i leom\u00f6nster med sidenkant! \u00c4r i h\u00e4rligt, tunnare och stumt material, som ger en lyxig k\u00e4nsla. Axelbanden \u00e4r ej reglerbara. M\u00f6nstret\/tryck p\u00e5 linnet kan variera. F\u00e4rg: Mustard Material: 61% [&hellip;]","og_url":"https:\/\/www.fannymichel.se\/fi\/helen-linne-med-sidenkant-leo-mustard\/","og_site_name":"Fanny Michel","article_modified_time":"2024-06-20T15:08:10+00:00","twitter_card":"summary_large_image","twitter_misc":{"Estimated reading time":"1 minute"},"schema":{"@context":"https:\/\/schema.org","@graph":[{"@type":"WebPage","@id":"https:\/\/www.fannymichel.se\/fi\/helen-linne-med-sidenkant-leo-mustard\/","url":"https:\/\/www.fannymichel.se\/fi\/helen-linne-med-sidenkant-leo-mustard\/","name":"Helen - Linne med sidenkant - Leo - Mustard - Fanny Michel","isPartOf":{"@id":"https:\/\/www.fannymichel.se\/fi\/#website"},"datePublished":"2024-05-23T15:02:21+00:00","dateModified":"2024-06-20T15:08:10+00:00","breadcrumb":{"@id":"https:\/\/www.fannymichel.se\/fi\/helen-linne-med-sidenkant-leo-mustard\/#breadcrumb"},"inLanguage":"en-GB","potentialAction":[{"@type":"ReadAction","target":["https:\/\/www.fannymichel.se\/fi\/helen-linne-med-sidenkant-leo-mustard\/"]}]},{"@type":"BreadcrumbList","@id":"https:\/\/www.fannymichel.se\/fi\/helen-linne-med-sidenkant-leo-mustard\/#breadcrumb","itemListElement":[{"@type":"ListItem","position":1,"name":"Hem","item":"https:\/\/www.fannymichel.se\/fi\/"},{"@type":"ListItem","position":2,"name":"Shop","item":"https:\/\/www.fannymichel.se\/butik\/"},{"@type":"ListItem","position":3,"name":"Helen &#8211; Linne med sidenkant &#8211; Leo &#8211; Mustard"}]},{"@type":"WebSite","@id":"https:\/\/www.fannymichel.se\/fi\/#website","url":"https:\/\/www.fannymichel.se\/fi\/","name":"Fanny Michel","description":"","potentialAction":[{"@type":"SearchAction","target":{"@type":"EntryPoint","urlTemplate":"https:\/\/www.fannymichel.se\/fi\/?s={search_term_string}"},"query-input":{"@type":"PropertyValueSpecification","valueRequired":true,"valueName":"search_term_string"}}],"inLanguage":"en-GB"}]}},"jetpack_sharing_enabled":true,"_links":{"self":[{"href":"https:\/\/www.fannymichel.se\/fi\/wp-json\/wp\/v2\/product\/11866","targetHints":{"allow":["GET"]}}],"collection":[{"href":"https:\/\/www.fannymichel.se\/fi\/wp-json\/wp\/v2\/product"}],"about":[{"href":"https:\/\/www.fannymichel.se\/fi\/wp-json\/wp\/v2\/types\/product"}],"replies":[{"embeddable":true,"href":"https:\/\/www.fannymichel.se\/fi\/wp-json\/wp\/v2\/comments?post=11866"}],"wp:attachment":[{"href":"https:\/\/www.fannymichel.se\/fi\/wp-json\/wp\/v2\/media?parent=11866"}],"wp:term":[{"taxonomy":"product_brand","embeddable":true,"href":"https:\/\/www.fannymichel.se\/fi\/wp-json\/wp\/v2\/product_brand?post=11866"},{"taxonomy":"product_cat","embeddable":true,"href":"https:\/\/www.fannymichel.se\/fi\/wp-json\/wp\/v2\/product_cat?post=11866"},{"taxonomy":"product_tag","embeddable":true,"href":"https:\/\/www.fannymichel.se\/fi\/wp-json\/wp\/v2\/product_tag?post=11866"}],"curies":[{"name":"wp","href":"https:\/\/api.w.org\/{rel}","templated":true}]}}