{"id":11236,"date":"2024-05-23T16:48:21","date_gmt":"2024-05-23T14:48:21","guid":{"rendered":"https:\/\/fannymichel.vivamedia.dev\/produkt\/latt-tackjacka-gammelrosa\/"},"modified":"2024-06-20T17:10:07","modified_gmt":"2024-06-20T15:10:07","slug":"latt-tackjacka-gammelrosa","status":"publish","type":"product","link":"https:\/\/www.fannymichel.se\/fi\/latt-tackjacka-gammelrosa\/","title":{"rendered":"L\u00e4tt t\u00e4ckjacka &#8211; Gammelrosa"},"content":{"rendered":"<p style=\"text-align:;font-size:13px\">Fraktkostnad: 39 SEK<br \/>\nReturkostnad: 39 SEK. Om du vill g\u00f6ra ett byte s\u00e5 st\u00e5r vi f\u00f6r returkostnaden om du anv\u00e4nder dig av v\u00e5r retursedel.<\/p>\n<p style=\"text-align: center;font-size:18px\"> Snygg l\u00e4tt t\u00e4ckjacka med mysigt fejk p\u00e4lsfoder i hals\u00f6ppningen!<\/p>\n<p style=\"text-align: center;font-size:18px\"> Jackan har \u00e4ven en fastsydd luva i t\u00e5ligt regnmaterial. Ligger g\u00f6md i ett fack p\u00e5 nacken. <\/p>\n<p style=\"text-align: center;font-size:18px\"> Dessutom har den tv\u00e5 yttre fickor samt en praktiskt innerficka. <\/p>\n<p style=\"text-align:;font-size:15px\"><strong>F\u00e4rg:<\/strong> Gammelrosa<\/p>\n<p style=\"text-align:;font-size:15px\"><strong>Material:<\/strong><br \/>\nUtsidan: 100% Polyester<br \/>\nInsidan: 100% Polyester<br \/>\nFyllning: 100% Polyester<\/p>\n<p style=\"text-align:;font-size:15px\"><strong>Tv\u00e4ttr\u00e5d:<\/strong> 30 grader<\/p>\n<p style=\"text-align:;font-size:15px\"><strong>Storlek:<\/strong> S\/36 &#8211; XXL\/44, mer liten \u00e4n stor i storlek.<br \/>\nModellen p\u00e5 bilden har storlek S\/36 p\u00e5 sig. \ud83d\ude42<\/p>\n<p style=\"text-align:;font-size:15px\"> Alla m\u00e5tten \u00e4r tagna n\u00e4r jackan \u00e4r st\u00e4ngd.<\/p>\n<p style=\"text-align:;font-size:15px\"><strong>S\/36<\/strong><br \/>\nArmh\u00e5la till armh\u00e5la omkrets: ca 92 cm<br \/>\nL\u00e4ngd axel och ner: ca 57 cm cm<\/p>\n<p style=\"text-align:;font-size:15px\"><strong>M\/38<\/strong><br \/>\nArmh\u00e5la till armh\u00e5la omkrets: ca 96 cm<br \/>\nL\u00e4ngd axel och ner: ca 57 cm<\/p>\n<p style=\"text-align:;font-size:15px\"><strong>L\/40<\/strong><br \/>\nArmh\u00e5la till armh\u00e5la omkrets: ca 98 cm<br \/>\nL\u00e4ngd axel och ner: ca 60 cm<\/p>\n<p style=\"text-align:;font-size:15px\"><strong>XL\/42<\/strong><br \/>\nArmh\u00e5la till armh\u00e5la omkrets: ca 102 cm<br \/>\nL\u00e4ngd axel och ner: ca 63 cm<\/p>\n<p style=\"text-align:;font-size:15px\"><strong>XXL\/44<\/strong><br \/>\nArmh\u00e5la till armh\u00e5la omkrets: ca 104 cm<br \/>\nL\u00e4ngd axel och ner: ca 63 cm<\/p>\n<p>Andra produkter p\u00e5 bilden:<br \/>\nKlicka p\u00e5 namnet s\u00e5 kommer du till produkten. \ud83d\ude42<br \/>\n<a href=\"\/klader\/byxorunderdelar\/jeans-l7760-glitterrevarer-denim\">Jeans L7760 &#8211; Glitterrev\u00e4rer &#8211; Denim<\/a><\/p>\n","protected":false},"excerpt":{"rendered":"<p>Fraktkostnad: 39 SEK Returkostnad: 39 SEK. Om du vill g\u00f6ra ett byte s\u00e5 st\u00e5r vi f\u00f6r returkostnaden om du anv\u00e4nder dig av v\u00e5r retursedel. Snygg l\u00e4tt t\u00e4ckjacka med mysigt fejk p\u00e4lsfoder i hals\u00f6ppningen! Jackan har \u00e4ven en fastsydd luva i t\u00e5ligt regnmaterial. Ligger g\u00f6md i ett fack p\u00e5 nacken. Dessutom har den tv\u00e5 yttre fickor [&hellip;]<\/p>\n","protected":false},"featured_media":0,"comment_status":"open","ping_status":"closed","template":"","meta":{"_acf_changed":false,"om_disable_all_campaigns":false},"product_brand":[],"product_cat":[15],"product_tag":[],"class_list":{"0":"post-11236","1":"product","2":"type-product","3":"status-publish","5":"product_cat-okategoriserad","7":"first","8":"outofstock","9":"sale","10":"taxable","11":"shipping-taxable","12":"purchasable","13":"product-type-variable"},"acf":[],"yoast_head":"<!-- This site is optimized with the Yoast SEO plugin v27.2 - https:\/\/yoast.com\/product\/yoast-seo-wordpress\/ -->\n<title>L\u00e4tt t\u00e4ckjacka - Gammelrosa - Fanny Michel<\/title>\n<meta name=\"robots\" content=\"index, follow, max-snippet:-1, max-image-preview:large, max-video-preview:-1\" \/>\n<link rel=\"canonical\" href=\"https:\/\/www.fannymichel.se\/fi\/latt-tackjacka-gammelrosa\/\" \/>\n<meta property=\"og:locale\" content=\"en_GB\" \/>\n<meta property=\"og:type\" content=\"article\" \/>\n<meta property=\"og:title\" content=\"L\u00e4tt t\u00e4ckjacka - Gammelrosa - Fanny Michel\" \/>\n<meta property=\"og:description\" content=\"Fraktkostnad: 39 SEK Returkostnad: 39 SEK. Om du vill g\u00f6ra ett byte s\u00e5 st\u00e5r vi f\u00f6r returkostnaden om du anv\u00e4nder dig av v\u00e5r retursedel. Snygg l\u00e4tt t\u00e4ckjacka med mysigt fejk p\u00e4lsfoder i hals\u00f6ppningen! Jackan har \u00e4ven en fastsydd luva i t\u00e5ligt regnmaterial. Ligger g\u00f6md i ett fack p\u00e5 nacken. Dessutom har den tv\u00e5 yttre fickor [&hellip;]\" \/>\n<meta property=\"og:url\" content=\"https:\/\/www.fannymichel.se\/fi\/latt-tackjacka-gammelrosa\/\" \/>\n<meta property=\"og:site_name\" content=\"Fanny Michel\" \/>\n<meta property=\"article:modified_time\" content=\"2024-06-20T15:10:07+00:00\" \/>\n<meta name=\"twitter:card\" content=\"summary_large_image\" \/>\n<meta name=\"twitter:label1\" content=\"Estimated reading time\" \/>\n\t<meta name=\"twitter:data1\" content=\"1 minute\" \/>\n<script type=\"application\/ld+json\" class=\"yoast-schema-graph\">{\"@context\":\"https:\/\/schema.org\",\"@graph\":[{\"@type\":\"WebPage\",\"@id\":\"https:\/\/www.fannymichel.se\/fi\/latt-tackjacka-gammelrosa\/\",\"url\":\"https:\/\/www.fannymichel.se\/fi\/latt-tackjacka-gammelrosa\/\",\"name\":\"L\u00e4tt t\u00e4ckjacka - Gammelrosa - Fanny Michel\",\"isPartOf\":{\"@id\":\"https:\/\/www.fannymichel.se\/fi\/#website\"},\"datePublished\":\"2024-05-23T14:48:21+00:00\",\"dateModified\":\"2024-06-20T15:10:07+00:00\",\"breadcrumb\":{\"@id\":\"https:\/\/www.fannymichel.se\/fi\/latt-tackjacka-gammelrosa\/#breadcrumb\"},\"inLanguage\":\"en-GB\",\"potentialAction\":[{\"@type\":\"ReadAction\",\"target\":[\"https:\/\/www.fannymichel.se\/fi\/latt-tackjacka-gammelrosa\/\"]}]},{\"@type\":\"BreadcrumbList\",\"@id\":\"https:\/\/www.fannymichel.se\/fi\/latt-tackjacka-gammelrosa\/#breadcrumb\",\"itemListElement\":[{\"@type\":\"ListItem\",\"position\":1,\"name\":\"Hem\",\"item\":\"https:\/\/www.fannymichel.se\/fi\/\"},{\"@type\":\"ListItem\",\"position\":2,\"name\":\"Shop\",\"item\":\"https:\/\/www.fannymichel.se\/butik\/\"},{\"@type\":\"ListItem\",\"position\":3,\"name\":\"L\u00e4tt t\u00e4ckjacka &#8211; Gammelrosa\"}]},{\"@type\":\"WebSite\",\"@id\":\"https:\/\/www.fannymichel.se\/fi\/#website\",\"url\":\"https:\/\/www.fannymichel.se\/fi\/\",\"name\":\"Fanny Michel\",\"description\":\"\",\"potentialAction\":[{\"@type\":\"SearchAction\",\"target\":{\"@type\":\"EntryPoint\",\"urlTemplate\":\"https:\/\/www.fannymichel.se\/fi\/?s={search_term_string}\"},\"query-input\":{\"@type\":\"PropertyValueSpecification\",\"valueRequired\":true,\"valueName\":\"search_term_string\"}}],\"inLanguage\":\"en-GB\"}]}<\/script>\n<!-- \/ Yoast SEO plugin. -->","yoast_head_json":{"title":"L\u00e4tt t\u00e4ckjacka - Gammelrosa - Fanny Michel","robots":{"index":"index","follow":"follow","max-snippet":"max-snippet:-1","max-image-preview":"max-image-preview:large","max-video-preview":"max-video-preview:-1"},"canonical":"https:\/\/www.fannymichel.se\/fi\/latt-tackjacka-gammelrosa\/","og_locale":"en_GB","og_type":"article","og_title":"L\u00e4tt t\u00e4ckjacka - Gammelrosa - Fanny Michel","og_description":"Fraktkostnad: 39 SEK Returkostnad: 39 SEK. Om du vill g\u00f6ra ett byte s\u00e5 st\u00e5r vi f\u00f6r returkostnaden om du anv\u00e4nder dig av v\u00e5r retursedel. Snygg l\u00e4tt t\u00e4ckjacka med mysigt fejk p\u00e4lsfoder i hals\u00f6ppningen! Jackan har \u00e4ven en fastsydd luva i t\u00e5ligt regnmaterial. Ligger g\u00f6md i ett fack p\u00e5 nacken. Dessutom har den tv\u00e5 yttre fickor [&hellip;]","og_url":"https:\/\/www.fannymichel.se\/fi\/latt-tackjacka-gammelrosa\/","og_site_name":"Fanny Michel","article_modified_time":"2024-06-20T15:10:07+00:00","twitter_card":"summary_large_image","twitter_misc":{"Estimated reading time":"1 minute"},"schema":{"@context":"https:\/\/schema.org","@graph":[{"@type":"WebPage","@id":"https:\/\/www.fannymichel.se\/fi\/latt-tackjacka-gammelrosa\/","url":"https:\/\/www.fannymichel.se\/fi\/latt-tackjacka-gammelrosa\/","name":"L\u00e4tt t\u00e4ckjacka - Gammelrosa - Fanny Michel","isPartOf":{"@id":"https:\/\/www.fannymichel.se\/fi\/#website"},"datePublished":"2024-05-23T14:48:21+00:00","dateModified":"2024-06-20T15:10:07+00:00","breadcrumb":{"@id":"https:\/\/www.fannymichel.se\/fi\/latt-tackjacka-gammelrosa\/#breadcrumb"},"inLanguage":"en-GB","potentialAction":[{"@type":"ReadAction","target":["https:\/\/www.fannymichel.se\/fi\/latt-tackjacka-gammelrosa\/"]}]},{"@type":"BreadcrumbList","@id":"https:\/\/www.fannymichel.se\/fi\/latt-tackjacka-gammelrosa\/#breadcrumb","itemListElement":[{"@type":"ListItem","position":1,"name":"Hem","item":"https:\/\/www.fannymichel.se\/fi\/"},{"@type":"ListItem","position":2,"name":"Shop","item":"https:\/\/www.fannymichel.se\/butik\/"},{"@type":"ListItem","position":3,"name":"L\u00e4tt t\u00e4ckjacka &#8211; Gammelrosa"}]},{"@type":"WebSite","@id":"https:\/\/www.fannymichel.se\/fi\/#website","url":"https:\/\/www.fannymichel.se\/fi\/","name":"Fanny Michel","description":"","potentialAction":[{"@type":"SearchAction","target":{"@type":"EntryPoint","urlTemplate":"https:\/\/www.fannymichel.se\/fi\/?s={search_term_string}"},"query-input":{"@type":"PropertyValueSpecification","valueRequired":true,"valueName":"search_term_string"}}],"inLanguage":"en-GB"}]}},"jetpack_sharing_enabled":true,"_links":{"self":[{"href":"https:\/\/www.fannymichel.se\/fi\/wp-json\/wp\/v2\/product\/11236","targetHints":{"allow":["GET"]}}],"collection":[{"href":"https:\/\/www.fannymichel.se\/fi\/wp-json\/wp\/v2\/product"}],"about":[{"href":"https:\/\/www.fannymichel.se\/fi\/wp-json\/wp\/v2\/types\/product"}],"replies":[{"embeddable":true,"href":"https:\/\/www.fannymichel.se\/fi\/wp-json\/wp\/v2\/comments?post=11236"}],"wp:attachment":[{"href":"https:\/\/www.fannymichel.se\/fi\/wp-json\/wp\/v2\/media?parent=11236"}],"wp:term":[{"taxonomy":"product_brand","embeddable":true,"href":"https:\/\/www.fannymichel.se\/fi\/wp-json\/wp\/v2\/product_brand?post=11236"},{"taxonomy":"product_cat","embeddable":true,"href":"https:\/\/www.fannymichel.se\/fi\/wp-json\/wp\/v2\/product_cat?post=11236"},{"taxonomy":"product_tag","embeddable":true,"href":"https:\/\/www.fannymichel.se\/fi\/wp-json\/wp\/v2\/product_tag?post=11236"}],"curies":[{"name":"wp","href":"https:\/\/api.w.org\/{rel}","templated":true}]}}